{"id":3221,"date":"2015-09-02T20:10:02","date_gmt":"2015-09-02T18:10:02","guid":{"rendered":"http:\/\/www.candle-dream.de\/blog\/?page_id=402"},"modified":"2015-09-02T20:10:02","modified_gmt":"2015-09-02T18:10:02","slug":"cranberry-twist-duftbeschreibung","status":"publish","type":"page","link":"https:\/\/www.candle-dream.de\/blog\/yankee-candle-dufte\/essen-und-gewuerze\/cranberry-twist-duftbeschreibung\/","title":{"rendered":"Cranberry Twist Duftbeschreibung"},"content":{"rendered":"<p>Yankee Candle Cranberry Twist Duftbeschreibung<br \/>\n&nbsp;<br \/>\n<span style=\"font-size: 12pt; color: #333333;\">Fruchtig frischer Preiselbeeren Cocktail f\u00fcr den perfekten Start eines Sommerabends. Du sitzt auf der Terrasse und genie\u00dft einen Eis gek\u00fchlten &#8222;Cranberry Twist&#8220; mit der unwiderstehlichen Frische von frisch geriebener Zitronenschale und einem Hauch Ingwer.<\/span><br \/>\n&nbsp;<br \/>\n<span style=\"font-size: 12pt; color: #333333;\">Der fruchtige Geruch, die s\u00fc\u00dfe der Preiselbeeren sind das was &#8222;Cranberry Twist&#8220; ausmachen. Es ist eine Unternote von frischer Zitrone zu merken die aber keinesfalls als stark beschrieben<img decoding=\"async\" class=\"alignright wp-image-675\" src=\"http:\/\/www.candle-dream.de\/blog\/wp-content\/uploads\/2015\/09\/SWEET-TREATS-STYLE-SHOT-768x1024.jpg\" alt=\"Cranberry Twist\" width=\"430\" height=\"573\" \/> werden k\u00f6nnte. Den Hauch Ingwer merkt man als Nebennote welcher den Duft abrundet und vollendet.<\/span><\/p>\n<blockquote>\n<h2><span style=\"font-size: 14pt; color: #865da1;\"><a style=\"color: #865da1;\" href=\"http:\/\/www.candle-dream.de\/advanced_search_result.php?keywords=pineapple+cilantro&amp;submit_search.x=0&amp;submit_search.y=0&amp;XTCsid=\" target=\"_blank\">Mit<\/a><a style=\"color: #865da1;\" href=\"https:\/\/www.candle-dream.de\/search?sSearch=yankee+candle+cranberry+twist&amp;c=17\" target=\"_blank\"> einem Klick zur entsprechenden Shop-Seite von:\u00a0<b>Cranberry Twist<\/b><\/a><\/span><\/h2>\n<\/blockquote>\n<p><span style=\"font-size: 12pt; color: #333333;\">Es ist ein perfekter Duft f\u00fcr Fruchtliebhaber im Sommer, entspannt auf der Couch umgeben von dem Duft eines Cranberry Cocktails, das sind die Abende, die unvergessen bleiben!<\/span><br \/>\n&nbsp;<br \/>\n<span style=\"font-size: 12pt; color: #333333;\"><span style=\"font-size: 10pt;\">Yankee Candle bietet nicht nur authentische USA Duftkerzen mit zahlreichen Duftnuancen an, sondern diese Kerzen sind zudem nur aus erlesenen Zutaten hergestellt worden. Alle Zutaten, die bei der Herstellung der Yankee Candle verwendet werden, unterliegen strengen Richtlinien und st\u00e4ndigen Kontrollen. Schon beim Wachs wird h\u00f6chstes Augenmerk auf Qualit\u00e4t gelegt. Die weiche Wachsmischung wird aus hochwertigem Paraffin gewonnen, welches Mit Duftstoffen durchzogen wird. Da das Wachs mit Duftstoffen durchzogen und nicht nur \u00fcberzogen ist, geben die Kerzen von Yankee Candle das Aroma bis zur letzten Minute gleichbleibend an den Raum ab. Der Docht wird bei\u00a0<strong>Yankee Candle<\/strong> ebenfalls nicht au\u00dfer acht gelassen. Dieser besteht zu 100 Prozent aus Baumwolle wodurch sich weder Spuren von Blei noch von Zink darin finden lassen. Daher wird nur das pure Aroma an den Raum abgegeben und keinerlei Schadstoffe. Da der Docht zu 100 Prozent aus Baumwolle besteht, ist gew\u00e4hrleistet, dass die Kerze gleichm\u00e4\u00dfig abbrennt. Die synthetischen und \u00e4therischen \u00d6le geben nicht nur einen authentischen Duft ab, sondern sie unterliegen auch strengen Kontrollen. Die Aromen der Kerzen von <strong>Yankee Candle<\/strong> sind nicht nur in unmittelbarer Umgebung der Kerze zu riechen, sondern sie erf\u00fcllen den gesamten Raum mit einem zarten Aroma, das die Sinne belebt. Damit sich das Aroma vollst\u00e4ndig entfalten kann, sollten die Kerzen von Yankee Candle mindestens zwei bis drei Stunden durchgehend brennen.<\/span><br \/>\n<\/span><br \/>\n<span style=\"font-size: 12pt; color: #333333;\">\u00a0<\/span><\/p>\n","protected":false},"excerpt":{"rendered":"<p>Yankee Candle Cranberry Twist Duftbeschreibung &nbsp; Fruchtig frischer Preiselbeeren Cocktail f\u00fcr den perfekten Start eines Sommerabends. Du sitzt auf der Terrasse und genie\u00dft einen Eis gek\u00fchlten &#8222;Cranberry Twist&#8220; mit der unwiderstehlichen Frische von frisch geriebener Zitronenschale und einem Hauch Ingwer&#8230;.<\/p>\n","protected":false},"author":2,"featured_media":0,"parent":347,"menu_order":0,"comment_status":"closed","ping_status":"closed","template":"","meta":{"footnotes":""},"class_list":["post-3221","page","type-page","status-publish","hentry"],"yoast_head":"<!-- This site is optimized with the Yoast SEO plugin v25.9 - https:\/\/yoast.com\/wordpress\/plugins\/seo\/ -->\n<title>Cranberry Twist Duftbeschreibung &#8211; Candle-Dream<\/title>\n<meta name=\"description\" content=\"Duftbeschreibung Cranberry Twist ...\u00a0Der fruchtige Geruch, die s\u00fc\u00dfe der Preiselbeeren sind das was &quot;Cranberry Twist&quot; ausmachen. Es ist eine Unternote [...]\" \/>\n<meta name=\"robots\" content=\"index, follow, max-snippet:-1, max-image-preview:large, max-video-preview:-1\" \/>\n<link rel=\"canonical\" href=\"https:\/\/www.candle-dream.de\/blog\/yankee-candle-dufte\/essen-und-gewuerze\/cranberry-twist-duftbeschreibung\/\" \/>\n<meta property=\"og:locale\" content=\"de_DE\" \/>\n<meta property=\"og:type\" content=\"article\" \/>\n<meta property=\"og:title\" content=\"Cranberry Twist Duftbeschreibung &#8211; Candle-Dream\" \/>\n<meta property=\"og:description\" content=\"Duftbeschreibung Cranberry Twist ...\u00a0Der fruchtige Geruch, die s\u00fc\u00dfe der Preiselbeeren sind das was &quot;Cranberry Twist&quot; ausmachen. Es ist eine Unternote [...]\" \/>\n<meta property=\"og:url\" content=\"https:\/\/www.candle-dream.de\/blog\/yankee-candle-dufte\/essen-und-gewuerze\/cranberry-twist-duftbeschreibung\/\" \/>\n<meta property=\"og:site_name\" content=\"Candle-Dream\" \/>\n<meta property=\"article:publisher\" content=\"https:\/\/www.facebook.com\/Candles.Dream\" \/>\n<meta property=\"og:image\" content=\"http:\/\/www.candle-dream.de\/blog\/wp-content\/uploads\/2015\/09\/SWEET-TREATS-STYLE-SHOT-768x1024.jpg\" \/>\n<meta name=\"twitter:card\" content=\"summary_large_image\" \/>\n<meta name=\"twitter:site\" content=\"@Candle_Dream\" \/>\n<meta name=\"twitter:label1\" content=\"Gesch\u00e4tzte Lesezeit\" \/>\n\t<meta name=\"twitter:data1\" content=\"2\u00a0Minuten\" \/>\n<script type=\"application\/ld+json\" class=\"yoast-schema-graph\">{\"@context\":\"https:\/\/schema.org\",\"@graph\":[{\"@type\":\"WebPage\",\"@id\":\"https:\/\/www.candle-dream.de\/blog\/yankee-candle-dufte\/essen-und-gewuerze\/cranberry-twist-duftbeschreibung\/\",\"url\":\"https:\/\/www.candle-dream.de\/blog\/yankee-candle-dufte\/essen-und-gewuerze\/cranberry-twist-duftbeschreibung\/\",\"name\":\"Cranberry Twist Duftbeschreibung &#8211; Candle-Dream\",\"isPartOf\":{\"@id\":\"https:\/\/www.candle-dream.de\/blog\/#website\"},\"primaryImageOfPage\":{\"@id\":\"https:\/\/www.candle-dream.de\/blog\/yankee-candle-dufte\/essen-und-gewuerze\/cranberry-twist-duftbeschreibung\/#primaryimage\"},\"image\":{\"@id\":\"https:\/\/www.candle-dream.de\/blog\/yankee-candle-dufte\/essen-und-gewuerze\/cranberry-twist-duftbeschreibung\/#primaryimage\"},\"thumbnailUrl\":\"http:\/\/www.candle-dream.de\/blog\/wp-content\/uploads\/2015\/09\/SWEET-TREATS-STYLE-SHOT-768x1024.jpg\",\"datePublished\":\"2015-09-02T18:10:02+00:00\",\"description\":\"Duftbeschreibung Cranberry Twist ...\u00a0Der fruchtige Geruch, die s\u00fc\u00dfe der Preiselbeeren sind das was \\\"Cranberry Twist\\\" ausmachen. Es ist eine Unternote [...]\",\"breadcrumb\":{\"@id\":\"https:\/\/www.candle-dream.de\/blog\/yankee-candle-dufte\/essen-und-gewuerze\/cranberry-twist-duftbeschreibung\/#breadcrumb\"},\"inLanguage\":\"de\",\"potentialAction\":[{\"@type\":\"ReadAction\",\"target\":[\"https:\/\/www.candle-dream.de\/blog\/yankee-candle-dufte\/essen-und-gewuerze\/cranberry-twist-duftbeschreibung\/\"]}]},{\"@type\":\"ImageObject\",\"inLanguage\":\"de\",\"@id\":\"https:\/\/www.candle-dream.de\/blog\/yankee-candle-dufte\/essen-und-gewuerze\/cranberry-twist-duftbeschreibung\/#primaryimage\",\"url\":\"http:\/\/www.candle-dream.de\/blog\/wp-content\/uploads\/2015\/09\/SWEET-TREATS-STYLE-SHOT-768x1024.jpg\",\"contentUrl\":\"http:\/\/www.candle-dream.de\/blog\/wp-content\/uploads\/2015\/09\/SWEET-TREATS-STYLE-SHOT-768x1024.jpg\"},{\"@type\":\"BreadcrumbList\",\"@id\":\"https:\/\/www.candle-dream.de\/blog\/yankee-candle-dufte\/essen-und-gewuerze\/cranberry-twist-duftbeschreibung\/#breadcrumb\",\"itemListElement\":[{\"@type\":\"ListItem\",\"position\":1,\"name\":\"Yankee Candle D\u00fcfte\",\"item\":\"https:\/\/www.candle-dream.de\/blog\/?page_id=3201\"},{\"@type\":\"ListItem\",\"position\":2,\"name\":\"Essen und Gew\u00fcrze\",\"item\":\"https:\/\/www.candle-dream.de\/blog\/yankee-candle-dufte\/essen-und-gewuerze\/\"},{\"@type\":\"ListItem\",\"position\":3,\"name\":\"Cranberry Twist Duftbeschreibung\"}]},{\"@type\":\"WebSite\",\"@id\":\"https:\/\/www.candle-dream.de\/blog\/#website\",\"url\":\"https:\/\/www.candle-dream.de\/blog\/\",\"name\":\"Candle Dream\",\"description\":\"Kleine Lichter die f\u00fcr gro\u00dfe Stimmung sorgen\",\"publisher\":{\"@id\":\"https:\/\/www.candle-dream.de\/blog\/#organization\"},\"potentialAction\":[{\"@type\":\"SearchAction\",\"target\":{\"@type\":\"EntryPoint\",\"urlTemplate\":\"https:\/\/www.candle-dream.de\/blog\/?s={search_term_string}\"},\"query-input\":{\"@type\":\"PropertyValueSpecification\",\"valueRequired\":true,\"valueName\":\"search_term_string\"}}],\"inLanguage\":\"de\"},{\"@type\":\"Organization\",\"@id\":\"https:\/\/www.candle-dream.de\/blog\/#organization\",\"name\":\"Candle-Dream\",\"url\":\"https:\/\/www.candle-dream.de\/blog\/\",\"logo\":{\"@type\":\"ImageObject\",\"inLanguage\":\"de\",\"@id\":\"https:\/\/www.candle-dream.de\/blog\/#\/schema\/logo\/image\/\",\"url\":\"https:\/\/www.candle-dream.de\/blog\/wp-content\/uploads\/2023\/11\/cropped-Candle-Dream-Logo-1.png\",\"contentUrl\":\"https:\/\/www.candle-dream.de\/blog\/wp-content\/uploads\/2023\/11\/cropped-Candle-Dream-Logo-1.png\",\"width\":99,\"height\":111,\"caption\":\"Candle-Dream\"},\"image\":{\"@id\":\"https:\/\/www.candle-dream.de\/blog\/#\/schema\/logo\/image\/\"},\"sameAs\":[\"https:\/\/www.facebook.com\/Candles.Dream\",\"https:\/\/x.com\/Candle_Dream\",\"https:\/\/www.instagram.com\/candle_dream\/\",\"https:\/\/www.pinterest.com\/candledream\/\",\"https:\/\/www.youtube.com\/channel\/UCW65ub8oGznIqv_B0Mz8wSw\"]}]}<\/script>\n<!-- \/ Yoast SEO plugin. -->","yoast_head_json":{"title":"Cranberry Twist Duftbeschreibung &#8211; Candle-Dream","description":"Duftbeschreibung Cranberry Twist ...\u00a0Der fruchtige Geruch, die s\u00fc\u00dfe der Preiselbeeren sind das was \"Cranberry Twist\" ausmachen. Es ist eine Unternote [...]","robots":{"index":"index","follow":"follow","max-snippet":"max-snippet:-1","max-image-preview":"max-image-preview:large","max-video-preview":"max-video-preview:-1"},"canonical":"https:\/\/www.candle-dream.de\/blog\/yankee-candle-dufte\/essen-und-gewuerze\/cranberry-twist-duftbeschreibung\/","og_locale":"de_DE","og_type":"article","og_title":"Cranberry Twist Duftbeschreibung &#8211; Candle-Dream","og_description":"Duftbeschreibung Cranberry Twist ...\u00a0Der fruchtige Geruch, die s\u00fc\u00dfe der Preiselbeeren sind das was \"Cranberry Twist\" ausmachen. Es ist eine Unternote [...]","og_url":"https:\/\/www.candle-dream.de\/blog\/yankee-candle-dufte\/essen-und-gewuerze\/cranberry-twist-duftbeschreibung\/","og_site_name":"Candle-Dream","article_publisher":"https:\/\/www.facebook.com\/Candles.Dream","og_image":[{"url":"http:\/\/www.candle-dream.de\/blog\/wp-content\/uploads\/2015\/09\/SWEET-TREATS-STYLE-SHOT-768x1024.jpg","type":"","width":"","height":""}],"twitter_card":"summary_large_image","twitter_site":"@Candle_Dream","twitter_misc":{"Gesch\u00e4tzte Lesezeit":"2\u00a0Minuten"},"schema":{"@context":"https:\/\/schema.org","@graph":[{"@type":"WebPage","@id":"https:\/\/www.candle-dream.de\/blog\/yankee-candle-dufte\/essen-und-gewuerze\/cranberry-twist-duftbeschreibung\/","url":"https:\/\/www.candle-dream.de\/blog\/yankee-candle-dufte\/essen-und-gewuerze\/cranberry-twist-duftbeschreibung\/","name":"Cranberry Twist Duftbeschreibung &#8211; Candle-Dream","isPartOf":{"@id":"https:\/\/www.candle-dream.de\/blog\/#website"},"primaryImageOfPage":{"@id":"https:\/\/www.candle-dream.de\/blog\/yankee-candle-dufte\/essen-und-gewuerze\/cranberry-twist-duftbeschreibung\/#primaryimage"},"image":{"@id":"https:\/\/www.candle-dream.de\/blog\/yankee-candle-dufte\/essen-und-gewuerze\/cranberry-twist-duftbeschreibung\/#primaryimage"},"thumbnailUrl":"http:\/\/www.candle-dream.de\/blog\/wp-content\/uploads\/2015\/09\/SWEET-TREATS-STYLE-SHOT-768x1024.jpg","datePublished":"2015-09-02T18:10:02+00:00","description":"Duftbeschreibung Cranberry Twist ...\u00a0Der fruchtige Geruch, die s\u00fc\u00dfe der Preiselbeeren sind das was \"Cranberry Twist\" ausmachen. Es ist eine Unternote [...]","breadcrumb":{"@id":"https:\/\/www.candle-dream.de\/blog\/yankee-candle-dufte\/essen-und-gewuerze\/cranberry-twist-duftbeschreibung\/#breadcrumb"},"inLanguage":"de","potentialAction":[{"@type":"ReadAction","target":["https:\/\/www.candle-dream.de\/blog\/yankee-candle-dufte\/essen-und-gewuerze\/cranberry-twist-duftbeschreibung\/"]}]},{"@type":"ImageObject","inLanguage":"de","@id":"https:\/\/www.candle-dream.de\/blog\/yankee-candle-dufte\/essen-und-gewuerze\/cranberry-twist-duftbeschreibung\/#primaryimage","url":"http:\/\/www.candle-dream.de\/blog\/wp-content\/uploads\/2015\/09\/SWEET-TREATS-STYLE-SHOT-768x1024.jpg","contentUrl":"http:\/\/www.candle-dream.de\/blog\/wp-content\/uploads\/2015\/09\/SWEET-TREATS-STYLE-SHOT-768x1024.jpg"},{"@type":"BreadcrumbList","@id":"https:\/\/www.candle-dream.de\/blog\/yankee-candle-dufte\/essen-und-gewuerze\/cranberry-twist-duftbeschreibung\/#breadcrumb","itemListElement":[{"@type":"ListItem","position":1,"name":"Yankee Candle D\u00fcfte","item":"https:\/\/www.candle-dream.de\/blog\/?page_id=3201"},{"@type":"ListItem","position":2,"name":"Essen und Gew\u00fcrze","item":"https:\/\/www.candle-dream.de\/blog\/yankee-candle-dufte\/essen-und-gewuerze\/"},{"@type":"ListItem","position":3,"name":"Cranberry Twist Duftbeschreibung"}]},{"@type":"WebSite","@id":"https:\/\/www.candle-dream.de\/blog\/#website","url":"https:\/\/www.candle-dream.de\/blog\/","name":"Candle Dream","description":"Kleine Lichter die f\u00fcr gro\u00dfe Stimmung sorgen","publisher":{"@id":"https:\/\/www.candle-dream.de\/blog\/#organization"},"potentialAction":[{"@type":"SearchAction","target":{"@type":"EntryPoint","urlTemplate":"https:\/\/www.candle-dream.de\/blog\/?s={search_term_string}"},"query-input":{"@type":"PropertyValueSpecification","valueRequired":true,"valueName":"search_term_string"}}],"inLanguage":"de"},{"@type":"Organization","@id":"https:\/\/www.candle-dream.de\/blog\/#organization","name":"Candle-Dream","url":"https:\/\/www.candle-dream.de\/blog\/","logo":{"@type":"ImageObject","inLanguage":"de","@id":"https:\/\/www.candle-dream.de\/blog\/#\/schema\/logo\/image\/","url":"https:\/\/www.candle-dream.de\/blog\/wp-content\/uploads\/2023\/11\/cropped-Candle-Dream-Logo-1.png","contentUrl":"https:\/\/www.candle-dream.de\/blog\/wp-content\/uploads\/2023\/11\/cropped-Candle-Dream-Logo-1.png","width":99,"height":111,"caption":"Candle-Dream"},"image":{"@id":"https:\/\/www.candle-dream.de\/blog\/#\/schema\/logo\/image\/"},"sameAs":["https:\/\/www.facebook.com\/Candles.Dream","https:\/\/x.com\/Candle_Dream","https:\/\/www.instagram.com\/candle_dream\/","https:\/\/www.pinterest.com\/candledream\/","https:\/\/www.youtube.com\/channel\/UCW65ub8oGznIqv_B0Mz8wSw"]}]}},"_links":{"self":[{"href":"https:\/\/www.candle-dream.de\/blog\/wp-json\/wp\/v2\/pages\/3221","targetHints":{"allow":["GET"]}}],"collection":[{"href":"https:\/\/www.candle-dream.de\/blog\/wp-json\/wp\/v2\/pages"}],"about":[{"href":"https:\/\/www.candle-dream.de\/blog\/wp-json\/wp\/v2\/types\/page"}],"author":[{"embeddable":true,"href":"https:\/\/www.candle-dream.de\/blog\/wp-json\/wp\/v2\/users\/2"}],"replies":[{"embeddable":true,"href":"https:\/\/www.candle-dream.de\/blog\/wp-json\/wp\/v2\/comments?post=3221"}],"version-history":[{"count":0,"href":"https:\/\/www.candle-dream.de\/blog\/wp-json\/wp\/v2\/pages\/3221\/revisions"}],"up":[{"embeddable":true,"href":"https:\/\/www.candle-dream.de\/blog\/wp-json\/wp\/v2\/pages\/347"}],"wp:attachment":[{"href":"https:\/\/www.candle-dream.de\/blog\/wp-json\/wp\/v2\/media?parent=3221"}],"curies":[{"name":"wp","href":"https:\/\/api.w.org\/{rel}","templated":true}]}}