{"id":3225,"date":"2015-08-23T17:01:35","date_gmt":"2015-08-23T15:01:35","guid":{"rendered":"http:\/\/www.candle-dream.de\/blog\/?page_id=480"},"modified":"2015-08-23T17:01:35","modified_gmt":"2015-08-23T15:01:35","slug":"snowflake-cookie","status":"publish","type":"page","link":"https:\/\/www.candle-dream.de\/blog\/yankee-candle-dufte\/festlich\/snowflake-cookie\/","title":{"rendered":"Snowflake Cookie Duftbeschreibung"},"content":{"rendered":"<p><span style=\"font-size: 12pt; color: #333333;\">Yankee Candle Snowflake Cookie Duftbeschreibung &#8211; zur Weihnachtszeit geh\u00f6rt Pl\u00e4tzchen verzieren zum backen hinzu, wie Gl\u00fchwein auf den Weihnachtsmarkt. Ein herrlicher Duft von mit Zuckerguss verzierten Butterpl\u00e4tzchen liegt in der Luft und vers\u00fc\u00dft einem die kalte Jahreszeit.<\/span><br \/>\n&nbsp;<br \/>\n<span style=\"font-size: 12pt; color: #333333;\">Snowflake Cookie ist ein gutes Pendant zum allseits beliebtem Christmas Cookie, jedoch zeichnet sich Snowflake Cookie durch den Geruch von Butter und Zucker welcher etwas seichter und s\u00fc\u00dfer ist als Christmas Cookie, ab. Snowflake Cookie ist ein hervorragender Duft f\u00fcr die Winterzeit, f\u00fcr Food-Duft Liebhaber.<\/span><br \/>\n&nbsp;<br \/>\n<span style=\"font-size: 12pt; color: #333333;\">Frisch Gebackene Pl\u00e4tzchen Duften durchs Haus, doch etwas fehlt noch &#8211; das Pl\u00e4tzchen verzieren wurde vergessen! Also schnell der Zuckerguss anger\u00fchrt, in den verschiedensten Farben und der Duft von Zuckerguss liegt in der Luft und verteilt sich \u00fcber die warmen Pl\u00e4tzchen im ganzen Raum. Was f\u00fcr eine Freude f\u00fcr alle Sinne!<\/span><br \/>\n&nbsp;<br \/>\n&nbsp;<\/p>\n<blockquote>\n<h2 style=\"text-align: center;\"><span style=\"font-size: 12pt;\"><a href=\"https:\/\/www.candle-dream.de\/search?sSearch=snowflake+cookie&amp;c=10\" target=\"_blank\"><span style=\"color: #800080;\">Snowflake Cookie jetzt kaufen<\/span><\/a><\/span><\/h2>\n<p style=\"text-align: center;\">\n<\/blockquote>\n<p><span style=\"color: #333333;\">Yankee Candle bietet nicht nur authentische USA Duftkerzen mit zahlreichen Duftnuancen an, sondern diese Kerzen sind zudem nur aus erlesenen Zutaten hergestellt worden. Alle Zutaten, die bei der Herstellung der Yankee Candle verwendet werden, unterliegen strengen Richtlinien und st\u00e4ndigen Kontrollen. Schon beim Wachs wird h\u00f6chstes Augenmerk auf Qualit\u00e4t gelegt. Die weiche Wachsmischung wird aus hochwertigem Paraffin gewonnen, welches Mit Duftstoffen durchzogen wird. Da das Wachs mit Duftstoffen durchzogen und nicht nur \u00fcberzogen ist, geben die Kerzen von Yankee Candle das Aroma bis zur letzten Minute gleichbleibend an den Raum ab. Der Docht wird bei\u00a0<strong>Yankee Candle<\/strong> ebenfalls nicht au\u00dfer acht gelassen. Dieser besteht zu 100 Prozent aus Baumwolle wodurch sich weder Spuren von Blei noch von Zink darin finden lassen. Daher wird nur das pure Aroma an den Raum abgegeben und keinerlei Schadstoffe. Da der Docht zu 100 Prozent aus Baumwolle besteht, ist gew\u00e4hrleistet, dass die Kerze gleichm\u00e4\u00dfig abbrennt. Die synthetischen und \u00e4therischen \u00d6le geben nicht nur einen authentischen Duft ab, sondern sie unterliegen auch strengen Kontrollen. Die Aromen der Kerzen von <strong>Yankee Candle<\/strong> sind nicht nur in unmittelbarer Umgebung der Kerze zu riechen, sondern sie erf\u00fcllen den gesamten Raum mit einem zarten Aroma, das die Sinne belebt. Damit sich das Aroma vollst\u00e4ndig entfalten kann, sollten die Kerzen von Yankee Candle mindestens zwei bis drei Stunden durchgehend brennen.<\/span><\/p>\n","protected":false},"excerpt":{"rendered":"<p>Yankee Candle Snowflake Cookie Duftbeschreibung &#8211; zur Weihnachtszeit geh\u00f6rt Pl\u00e4tzchen verzieren zum backen hinzu, wie Gl\u00fchwein auf den Weihnachtsmarkt. Ein herrlicher Duft von mit Zuckerguss verzierten Butterpl\u00e4tzchen liegt in der Luft und vers\u00fc\u00dft einem die kalte Jahreszeit. &nbsp; Snowflake Cookie&#8230;<\/p>\n","protected":false},"author":2,"featured_media":0,"parent":460,"menu_order":0,"comment_status":"closed","ping_status":"closed","template":"","meta":{"footnotes":""},"class_list":["post-3225","page","type-page","status-publish","hentry"],"yoast_head":"<!-- This site is optimized with the Yoast SEO plugin v25.9 - https:\/\/yoast.com\/wordpress\/plugins\/seo\/ -->\n<title>Yankee Candle Snowflake Cookie Duftbeschreibung<\/title>\n<meta name=\"description\" content=\"Yankee Candle Snowflake Cookie Duftbeschreibung - zur Weihnachtszeit geh\u00f6rt Pl\u00e4tzchen verzieren zum backen hinzu, wie Gl\u00fchwein auf den Weihnachtsmarkt ...\" \/>\n<meta name=\"robots\" content=\"index, follow, max-snippet:-1, max-image-preview:large, max-video-preview:-1\" \/>\n<link rel=\"canonical\" href=\"https:\/\/www.candle-dream.de\/blog\/yankee-candle-dufte\/festlich\/snowflake-cookie\/\" \/>\n<meta property=\"og:locale\" content=\"de_DE\" \/>\n<meta property=\"og:type\" content=\"article\" \/>\n<meta property=\"og:title\" content=\"Yankee Candle Snowflake Cookie Duftbeschreibung\" \/>\n<meta property=\"og:description\" content=\"Yankee Candle Snowflake Cookie Duftbeschreibung - zur Weihnachtszeit geh\u00f6rt Pl\u00e4tzchen verzieren zum backen hinzu, wie Gl\u00fchwein auf den Weihnachtsmarkt ...\" \/>\n<meta property=\"og:url\" content=\"https:\/\/www.candle-dream.de\/blog\/yankee-candle-dufte\/festlich\/snowflake-cookie\/\" \/>\n<meta property=\"og:site_name\" content=\"Candle-Dream\" \/>\n<meta property=\"article:publisher\" content=\"https:\/\/www.facebook.com\/Candles.Dream\" \/>\n<meta name=\"twitter:card\" content=\"summary_large_image\" \/>\n<meta name=\"twitter:site\" content=\"@Candle_Dream\" \/>\n<meta name=\"twitter:label1\" content=\"Gesch\u00e4tzte Lesezeit\" \/>\n\t<meta name=\"twitter:data1\" content=\"2\u00a0Minuten\" \/>\n<script type=\"application\/ld+json\" class=\"yoast-schema-graph\">{\"@context\":\"https:\/\/schema.org\",\"@graph\":[{\"@type\":\"WebPage\",\"@id\":\"https:\/\/www.candle-dream.de\/blog\/yankee-candle-dufte\/festlich\/snowflake-cookie\/\",\"url\":\"https:\/\/www.candle-dream.de\/blog\/yankee-candle-dufte\/festlich\/snowflake-cookie\/\",\"name\":\"Yankee Candle Snowflake Cookie Duftbeschreibung\",\"isPartOf\":{\"@id\":\"https:\/\/www.candle-dream.de\/blog\/#website\"},\"datePublished\":\"2015-08-23T15:01:35+00:00\",\"description\":\"Yankee Candle Snowflake Cookie Duftbeschreibung - zur Weihnachtszeit geh\u00f6rt Pl\u00e4tzchen verzieren zum backen hinzu, wie Gl\u00fchwein auf den Weihnachtsmarkt ...\",\"breadcrumb\":{\"@id\":\"https:\/\/www.candle-dream.de\/blog\/yankee-candle-dufte\/festlich\/snowflake-cookie\/#breadcrumb\"},\"inLanguage\":\"de\",\"potentialAction\":[{\"@type\":\"ReadAction\",\"target\":[\"https:\/\/www.candle-dream.de\/blog\/yankee-candle-dufte\/festlich\/snowflake-cookie\/\"]}]},{\"@type\":\"BreadcrumbList\",\"@id\":\"https:\/\/www.candle-dream.de\/blog\/yankee-candle-dufte\/festlich\/snowflake-cookie\/#breadcrumb\",\"itemListElement\":[{\"@type\":\"ListItem\",\"position\":1,\"name\":\"Yankee Candle D\u00fcfte\",\"item\":\"https:\/\/www.candle-dream.de\/blog\/?page_id=3201\"},{\"@type\":\"ListItem\",\"position\":2,\"name\":\"Festlich\",\"item\":\"https:\/\/www.candle-dream.de\/blog\/yankee-candle-dufte\/festlich\/\"},{\"@type\":\"ListItem\",\"position\":3,\"name\":\"Snowflake Cookie Duftbeschreibung\"}]},{\"@type\":\"WebSite\",\"@id\":\"https:\/\/www.candle-dream.de\/blog\/#website\",\"url\":\"https:\/\/www.candle-dream.de\/blog\/\",\"name\":\"Candle Dream\",\"description\":\"Kleine Lichter die f\u00fcr gro\u00dfe Stimmung sorgen\",\"publisher\":{\"@id\":\"https:\/\/www.candle-dream.de\/blog\/#organization\"},\"potentialAction\":[{\"@type\":\"SearchAction\",\"target\":{\"@type\":\"EntryPoint\",\"urlTemplate\":\"https:\/\/www.candle-dream.de\/blog\/?s={search_term_string}\"},\"query-input\":{\"@type\":\"PropertyValueSpecification\",\"valueRequired\":true,\"valueName\":\"search_term_string\"}}],\"inLanguage\":\"de\"},{\"@type\":\"Organization\",\"@id\":\"https:\/\/www.candle-dream.de\/blog\/#organization\",\"name\":\"Candle-Dream\",\"url\":\"https:\/\/www.candle-dream.de\/blog\/\",\"logo\":{\"@type\":\"ImageObject\",\"inLanguage\":\"de\",\"@id\":\"https:\/\/www.candle-dream.de\/blog\/#\/schema\/logo\/image\/\",\"url\":\"https:\/\/www.candle-dream.de\/blog\/wp-content\/uploads\/2023\/11\/cropped-Candle-Dream-Logo-1.png\",\"contentUrl\":\"https:\/\/www.candle-dream.de\/blog\/wp-content\/uploads\/2023\/11\/cropped-Candle-Dream-Logo-1.png\",\"width\":99,\"height\":111,\"caption\":\"Candle-Dream\"},\"image\":{\"@id\":\"https:\/\/www.candle-dream.de\/blog\/#\/schema\/logo\/image\/\"},\"sameAs\":[\"https:\/\/www.facebook.com\/Candles.Dream\",\"https:\/\/x.com\/Candle_Dream\",\"https:\/\/www.instagram.com\/candle_dream\/\",\"https:\/\/www.pinterest.com\/candledream\/\",\"https:\/\/www.youtube.com\/channel\/UCW65ub8oGznIqv_B0Mz8wSw\"]}]}<\/script>\n<!-- \/ Yoast SEO plugin. -->","yoast_head_json":{"title":"Yankee Candle Snowflake Cookie Duftbeschreibung","description":"Yankee Candle Snowflake Cookie Duftbeschreibung - zur Weihnachtszeit geh\u00f6rt Pl\u00e4tzchen verzieren zum backen hinzu, wie Gl\u00fchwein auf den Weihnachtsmarkt ...","robots":{"index":"index","follow":"follow","max-snippet":"max-snippet:-1","max-image-preview":"max-image-preview:large","max-video-preview":"max-video-preview:-1"},"canonical":"https:\/\/www.candle-dream.de\/blog\/yankee-candle-dufte\/festlich\/snowflake-cookie\/","og_locale":"de_DE","og_type":"article","og_title":"Yankee Candle Snowflake Cookie Duftbeschreibung","og_description":"Yankee Candle Snowflake Cookie Duftbeschreibung - zur Weihnachtszeit geh\u00f6rt Pl\u00e4tzchen verzieren zum backen hinzu, wie Gl\u00fchwein auf den Weihnachtsmarkt ...","og_url":"https:\/\/www.candle-dream.de\/blog\/yankee-candle-dufte\/festlich\/snowflake-cookie\/","og_site_name":"Candle-Dream","article_publisher":"https:\/\/www.facebook.com\/Candles.Dream","twitter_card":"summary_large_image","twitter_site":"@Candle_Dream","twitter_misc":{"Gesch\u00e4tzte Lesezeit":"2\u00a0Minuten"},"schema":{"@context":"https:\/\/schema.org","@graph":[{"@type":"WebPage","@id":"https:\/\/www.candle-dream.de\/blog\/yankee-candle-dufte\/festlich\/snowflake-cookie\/","url":"https:\/\/www.candle-dream.de\/blog\/yankee-candle-dufte\/festlich\/snowflake-cookie\/","name":"Yankee Candle Snowflake Cookie Duftbeschreibung","isPartOf":{"@id":"https:\/\/www.candle-dream.de\/blog\/#website"},"datePublished":"2015-08-23T15:01:35+00:00","description":"Yankee Candle Snowflake Cookie Duftbeschreibung - zur Weihnachtszeit geh\u00f6rt Pl\u00e4tzchen verzieren zum backen hinzu, wie Gl\u00fchwein auf den Weihnachtsmarkt ...","breadcrumb":{"@id":"https:\/\/www.candle-dream.de\/blog\/yankee-candle-dufte\/festlich\/snowflake-cookie\/#breadcrumb"},"inLanguage":"de","potentialAction":[{"@type":"ReadAction","target":["https:\/\/www.candle-dream.de\/blog\/yankee-candle-dufte\/festlich\/snowflake-cookie\/"]}]},{"@type":"BreadcrumbList","@id":"https:\/\/www.candle-dream.de\/blog\/yankee-candle-dufte\/festlich\/snowflake-cookie\/#breadcrumb","itemListElement":[{"@type":"ListItem","position":1,"name":"Yankee Candle D\u00fcfte","item":"https:\/\/www.candle-dream.de\/blog\/?page_id=3201"},{"@type":"ListItem","position":2,"name":"Festlich","item":"https:\/\/www.candle-dream.de\/blog\/yankee-candle-dufte\/festlich\/"},{"@type":"ListItem","position":3,"name":"Snowflake Cookie Duftbeschreibung"}]},{"@type":"WebSite","@id":"https:\/\/www.candle-dream.de\/blog\/#website","url":"https:\/\/www.candle-dream.de\/blog\/","name":"Candle Dream","description":"Kleine Lichter die f\u00fcr gro\u00dfe Stimmung sorgen","publisher":{"@id":"https:\/\/www.candle-dream.de\/blog\/#organization"},"potentialAction":[{"@type":"SearchAction","target":{"@type":"EntryPoint","urlTemplate":"https:\/\/www.candle-dream.de\/blog\/?s={search_term_string}"},"query-input":{"@type":"PropertyValueSpecification","valueRequired":true,"valueName":"search_term_string"}}],"inLanguage":"de"},{"@type":"Organization","@id":"https:\/\/www.candle-dream.de\/blog\/#organization","name":"Candle-Dream","url":"https:\/\/www.candle-dream.de\/blog\/","logo":{"@type":"ImageObject","inLanguage":"de","@id":"https:\/\/www.candle-dream.de\/blog\/#\/schema\/logo\/image\/","url":"https:\/\/www.candle-dream.de\/blog\/wp-content\/uploads\/2023\/11\/cropped-Candle-Dream-Logo-1.png","contentUrl":"https:\/\/www.candle-dream.de\/blog\/wp-content\/uploads\/2023\/11\/cropped-Candle-Dream-Logo-1.png","width":99,"height":111,"caption":"Candle-Dream"},"image":{"@id":"https:\/\/www.candle-dream.de\/blog\/#\/schema\/logo\/image\/"},"sameAs":["https:\/\/www.facebook.com\/Candles.Dream","https:\/\/x.com\/Candle_Dream","https:\/\/www.instagram.com\/candle_dream\/","https:\/\/www.pinterest.com\/candledream\/","https:\/\/www.youtube.com\/channel\/UCW65ub8oGznIqv_B0Mz8wSw"]}]}},"_links":{"self":[{"href":"https:\/\/www.candle-dream.de\/blog\/wp-json\/wp\/v2\/pages\/3225","targetHints":{"allow":["GET"]}}],"collection":[{"href":"https:\/\/www.candle-dream.de\/blog\/wp-json\/wp\/v2\/pages"}],"about":[{"href":"https:\/\/www.candle-dream.de\/blog\/wp-json\/wp\/v2\/types\/page"}],"author":[{"embeddable":true,"href":"https:\/\/www.candle-dream.de\/blog\/wp-json\/wp\/v2\/users\/2"}],"replies":[{"embeddable":true,"href":"https:\/\/www.candle-dream.de\/blog\/wp-json\/wp\/v2\/comments?post=3225"}],"version-history":[{"count":0,"href":"https:\/\/www.candle-dream.de\/blog\/wp-json\/wp\/v2\/pages\/3225\/revisions"}],"up":[{"embeddable":true,"href":"https:\/\/www.candle-dream.de\/blog\/wp-json\/wp\/v2\/pages\/460"}],"wp:attachment":[{"href":"https:\/\/www.candle-dream.de\/blog\/wp-json\/wp\/v2\/media?parent=3225"}],"curies":[{"name":"wp","href":"https:\/\/api.w.org\/{rel}","templated":true}]}}