{"id":3226,"date":"2015-08-23T17:01:51","date_gmt":"2015-08-23T15:01:51","guid":{"rendered":"http:\/\/www.candle-dream.de\/blog\/?page_id=482"},"modified":"2015-08-23T17:01:51","modified_gmt":"2015-08-23T15:01:51","slug":"sparkling-cinnamon-duftbeschreibung","status":"publish","type":"page","link":"https:\/\/www.candle-dream.de\/blog\/yankee-candle-dufte\/festlich\/sparkling-cinnamon-duftbeschreibung\/","title":{"rendered":"Sparkling Cinnamon Duftbeschreibung"},"content":{"rendered":"<p><span style=\"font-size: 12pt; color: #333333;\"><img decoding=\"async\" class=\"alignleft size-full wp-image-1141\" src=\"https:\/\/www.candle-dream.de\/blog2\/wp-content\/uploads\/2015\/08\/YankeeCandle222-1.jpg\" alt=\"Yankee Candle Sparkling Cinnamon\" width=\"190\" height=\"307\" srcset=\"https:\/\/www.candle-dream.de\/blog\/wp-content\/uploads\/2015\/08\/YankeeCandle222-1.jpg 190w, https:\/\/www.candle-dream.de\/blog\/wp-content\/uploads\/2015\/08\/YankeeCandle222-1-186x300.jpg 186w, https:\/\/www.candle-dream.de\/blog\/wp-content\/uploads\/2015\/08\/YankeeCandle222-1-12x20.jpg 12w\" sizes=\"(max-width: 190px) 100vw, 190px\" \/>Sparkling Cinnamon Duftbeschreibung &#8211; eine Bombe f\u00fcr Zimt-Liebhaber! Kr\u00e4ftig, deftig, Zimt und Nelken vereint zu einem der Weihnachtsd\u00fcfte die unverkennbar sind!<\/span><br \/>\n&nbsp;<br \/>\n<img decoding=\"async\" class=\" wp-image-1066 alignright\" src=\"https:\/\/www.candle-dream.de\/blog2\/wp-content\/uploads\/2016\/01\/YankeeCandle586-Kopie-9.bmp-1.jpg\" alt=\"Yankee Candle Sparkling Cinnamon\" width=\"251\" height=\"174\" srcset=\"https:\/\/www.candle-dream.de\/blog\/wp-content\/uploads\/2016\/01\/YankeeCandle586-Kopie-9.bmp-1.jpg 445w, https:\/\/www.candle-dream.de\/blog\/wp-content\/uploads\/2016\/01\/YankeeCandle586-Kopie-9.bmp-1-300x208.jpg 300w, https:\/\/www.candle-dream.de\/blog\/wp-content\/uploads\/2016\/01\/YankeeCandle586-Kopie-9.bmp-1-409x284.jpg 409w, https:\/\/www.candle-dream.de\/blog\/wp-content\/uploads\/2016\/01\/YankeeCandle586-Kopie-9.bmp-1-20x14.jpg 20w\" sizes=\"(max-width: 251px) 100vw, 251px\" \/><br \/>\n<span style=\"font-size: 12pt; color: #333333;\">Sparkling Cinnamon ist ein sehr starker Winter und Weihnachtsduft; mit seinem starken Zimt-Geruch und einem Unterton von Nelken ist es eine Gew\u00fcrzbombe!\u00a0<\/span><br \/>\n<span style=\"font-size: 12pt; color: #333333;\">Es ist einer der st\u00e4rksten Zimt-D\u00fcfte von Yankee Candle, neben Cinnamon Stick!\u00a0<\/span><br \/>\n<span style=\"font-size: 12pt; color: #333333;\">Und ich muss ausdr\u00fccklich noch ein Mal darauf hinweisen dass dieser Duft wirklich intensiv ist. Von einer Skala von 1-10 w\u00fcrde ich diesem Duft eine 10 geben was die Duftst\u00e4rke angeht. Aber die Nat\u00fcrlichkeit des Duftes ist sehr hoch! Es riecht als h\u00e4tte man Zimt und Nelken vor sich liegen.<br \/>\n<\/span><br \/>\n&nbsp;<br \/>\n<span style=\"font-size: 12pt; color: #333333;\">Was erinnert an Weihnachten? Zimt! Ob in der hei\u00dfen Schokolade, also Dekoration auf dem Wohnzimmertisch oder als Duftkerze!\u00a0<\/span><br \/>\n&nbsp;<br \/>\n&nbsp;<\/p>\n<h2 style=\"text-align: center;\"><span style=\"font-size: 12pt; color: #800080;\"><a style=\"color: #800080;\" href=\"https:\/\/www.candle-dream.de\/search?sSearch=sparkling+cinnamon&amp;c=10\" target=\"_blank\">Sparkling Cinnamon jetzt auf Candle-Dream.de kaufen!\u00a0<\/a><\/span><\/h2>\n<p>&nbsp;<\/p>\n","protected":false},"excerpt":{"rendered":"<p>Sparkling Cinnamon Duftbeschreibung &#8211; eine Bombe f\u00fcr Zimt-Liebhaber! Kr\u00e4ftig, deftig, Zimt und Nelken vereint zu einem der Weihnachtsd\u00fcfte die unverkennbar sind! &nbsp; Sparkling Cinnamon ist ein sehr starker Winter und Weihnachtsduft; mit seinem starken Zimt-Geruch und einem Unterton von Nelken&#8230;<\/p>\n","protected":false},"author":1,"featured_media":0,"parent":460,"menu_order":0,"comment_status":"closed","ping_status":"closed","template":"","meta":{"footnotes":""},"class_list":["post-3226","page","type-page","status-publish","hentry"],"yoast_head":"<!-- This site is optimized with the Yoast SEO plugin v25.9 - https:\/\/yoast.com\/wordpress\/plugins\/seo\/ -->\n<title>Sparkling Cinnamon Duftbeschreibung &#8211; Candle-Dream<\/title>\n<meta name=\"robots\" content=\"index, follow, max-snippet:-1, max-image-preview:large, max-video-preview:-1\" \/>\n<link rel=\"canonical\" href=\"https:\/\/www.candle-dream.de\/blog\/yankee-candle-dufte\/festlich\/sparkling-cinnamon-duftbeschreibung\/\" \/>\n<meta property=\"og:locale\" content=\"de_DE\" \/>\n<meta property=\"og:type\" content=\"article\" \/>\n<meta property=\"og:title\" content=\"Sparkling Cinnamon Duftbeschreibung &#8211; Candle-Dream\" \/>\n<meta property=\"og:description\" content=\"Sparkling Cinnamon Duftbeschreibung &#8211; eine Bombe f\u00fcr Zimt-Liebhaber! Kr\u00e4ftig, deftig, Zimt und Nelken vereint zu einem der Weihnachtsd\u00fcfte die unverkennbar sind! &nbsp; Sparkling Cinnamon ist ein sehr starker Winter und Weihnachtsduft; mit seinem starken Zimt-Geruch und einem Unterton von Nelken...\" \/>\n<meta property=\"og:url\" content=\"https:\/\/www.candle-dream.de\/blog\/yankee-candle-dufte\/festlich\/sparkling-cinnamon-duftbeschreibung\/\" \/>\n<meta property=\"og:site_name\" content=\"Candle-Dream\" \/>\n<meta property=\"article:publisher\" content=\"https:\/\/www.facebook.com\/Candles.Dream\" \/>\n<meta property=\"og:image\" content=\"https:\/\/www.candle-dream.de\/blog2\/wp-content\/uploads\/2015\/08\/YankeeCandle222-1.jpg\" \/>\n<meta name=\"twitter:card\" content=\"summary_large_image\" \/>\n<meta name=\"twitter:site\" content=\"@Candle_Dream\" \/>\n<meta name=\"twitter:label1\" content=\"Gesch\u00e4tzte Lesezeit\" \/>\n\t<meta name=\"twitter:data1\" content=\"1\u00a0Minute\" \/>\n<script type=\"application\/ld+json\" class=\"yoast-schema-graph\">{\"@context\":\"https:\/\/schema.org\",\"@graph\":[{\"@type\":\"WebPage\",\"@id\":\"https:\/\/www.candle-dream.de\/blog\/yankee-candle-dufte\/festlich\/sparkling-cinnamon-duftbeschreibung\/\",\"url\":\"https:\/\/www.candle-dream.de\/blog\/yankee-candle-dufte\/festlich\/sparkling-cinnamon-duftbeschreibung\/\",\"name\":\"Sparkling Cinnamon Duftbeschreibung &#8211; Candle-Dream\",\"isPartOf\":{\"@id\":\"https:\/\/www.candle-dream.de\/blog\/#website\"},\"primaryImageOfPage\":{\"@id\":\"https:\/\/www.candle-dream.de\/blog\/yankee-candle-dufte\/festlich\/sparkling-cinnamon-duftbeschreibung\/#primaryimage\"},\"image\":{\"@id\":\"https:\/\/www.candle-dream.de\/blog\/yankee-candle-dufte\/festlich\/sparkling-cinnamon-duftbeschreibung\/#primaryimage\"},\"thumbnailUrl\":\"https:\/\/www.candle-dream.de\/blog2\/wp-content\/uploads\/2015\/08\/YankeeCandle222-1.jpg\",\"datePublished\":\"2015-08-23T15:01:51+00:00\",\"breadcrumb\":{\"@id\":\"https:\/\/www.candle-dream.de\/blog\/yankee-candle-dufte\/festlich\/sparkling-cinnamon-duftbeschreibung\/#breadcrumb\"},\"inLanguage\":\"de\",\"potentialAction\":[{\"@type\":\"ReadAction\",\"target\":[\"https:\/\/www.candle-dream.de\/blog\/yankee-candle-dufte\/festlich\/sparkling-cinnamon-duftbeschreibung\/\"]}]},{\"@type\":\"ImageObject\",\"inLanguage\":\"de\",\"@id\":\"https:\/\/www.candle-dream.de\/blog\/yankee-candle-dufte\/festlich\/sparkling-cinnamon-duftbeschreibung\/#primaryimage\",\"url\":\"https:\/\/www.candle-dream.de\/blog2\/wp-content\/uploads\/2015\/08\/YankeeCandle222-1.jpg\",\"contentUrl\":\"https:\/\/www.candle-dream.de\/blog2\/wp-content\/uploads\/2015\/08\/YankeeCandle222-1.jpg\"},{\"@type\":\"BreadcrumbList\",\"@id\":\"https:\/\/www.candle-dream.de\/blog\/yankee-candle-dufte\/festlich\/sparkling-cinnamon-duftbeschreibung\/#breadcrumb\",\"itemListElement\":[{\"@type\":\"ListItem\",\"position\":1,\"name\":\"Yankee Candle D\u00fcfte\",\"item\":\"https:\/\/www.candle-dream.de\/blog\/?page_id=3201\"},{\"@type\":\"ListItem\",\"position\":2,\"name\":\"Festlich\",\"item\":\"https:\/\/www.candle-dream.de\/blog\/yankee-candle-dufte\/festlich\/\"},{\"@type\":\"ListItem\",\"position\":3,\"name\":\"Sparkling Cinnamon Duftbeschreibung\"}]},{\"@type\":\"WebSite\",\"@id\":\"https:\/\/www.candle-dream.de\/blog\/#website\",\"url\":\"https:\/\/www.candle-dream.de\/blog\/\",\"name\":\"Candle Dream\",\"description\":\"Kleine Lichter die f\u00fcr gro\u00dfe Stimmung sorgen\",\"publisher\":{\"@id\":\"https:\/\/www.candle-dream.de\/blog\/#organization\"},\"potentialAction\":[{\"@type\":\"SearchAction\",\"target\":{\"@type\":\"EntryPoint\",\"urlTemplate\":\"https:\/\/www.candle-dream.de\/blog\/?s={search_term_string}\"},\"query-input\":{\"@type\":\"PropertyValueSpecification\",\"valueRequired\":true,\"valueName\":\"search_term_string\"}}],\"inLanguage\":\"de\"},{\"@type\":\"Organization\",\"@id\":\"https:\/\/www.candle-dream.de\/blog\/#organization\",\"name\":\"Candle-Dream\",\"url\":\"https:\/\/www.candle-dream.de\/blog\/\",\"logo\":{\"@type\":\"ImageObject\",\"inLanguage\":\"de\",\"@id\":\"https:\/\/www.candle-dream.de\/blog\/#\/schema\/logo\/image\/\",\"url\":\"https:\/\/www.candle-dream.de\/blog\/wp-content\/uploads\/2023\/11\/cropped-Candle-Dream-Logo-1.png\",\"contentUrl\":\"https:\/\/www.candle-dream.de\/blog\/wp-content\/uploads\/2023\/11\/cropped-Candle-Dream-Logo-1.png\",\"width\":99,\"height\":111,\"caption\":\"Candle-Dream\"},\"image\":{\"@id\":\"https:\/\/www.candle-dream.de\/blog\/#\/schema\/logo\/image\/\"},\"sameAs\":[\"https:\/\/www.facebook.com\/Candles.Dream\",\"https:\/\/x.com\/Candle_Dream\",\"https:\/\/www.instagram.com\/candle_dream\/\",\"https:\/\/www.pinterest.com\/candledream\/\",\"https:\/\/www.youtube.com\/channel\/UCW65ub8oGznIqv_B0Mz8wSw\"]}]}<\/script>\n<!-- \/ Yoast SEO plugin. -->","yoast_head_json":{"title":"Sparkling Cinnamon Duftbeschreibung &#8211; Candle-Dream","robots":{"index":"index","follow":"follow","max-snippet":"max-snippet:-1","max-image-preview":"max-image-preview:large","max-video-preview":"max-video-preview:-1"},"canonical":"https:\/\/www.candle-dream.de\/blog\/yankee-candle-dufte\/festlich\/sparkling-cinnamon-duftbeschreibung\/","og_locale":"de_DE","og_type":"article","og_title":"Sparkling Cinnamon Duftbeschreibung &#8211; Candle-Dream","og_description":"Sparkling Cinnamon Duftbeschreibung &#8211; eine Bombe f\u00fcr Zimt-Liebhaber! Kr\u00e4ftig, deftig, Zimt und Nelken vereint zu einem der Weihnachtsd\u00fcfte die unverkennbar sind! &nbsp; Sparkling Cinnamon ist ein sehr starker Winter und Weihnachtsduft; mit seinem starken Zimt-Geruch und einem Unterton von Nelken...","og_url":"https:\/\/www.candle-dream.de\/blog\/yankee-candle-dufte\/festlich\/sparkling-cinnamon-duftbeschreibung\/","og_site_name":"Candle-Dream","article_publisher":"https:\/\/www.facebook.com\/Candles.Dream","og_image":[{"url":"https:\/\/www.candle-dream.de\/blog2\/wp-content\/uploads\/2015\/08\/YankeeCandle222-1.jpg","type":"","width":"","height":""}],"twitter_card":"summary_large_image","twitter_site":"@Candle_Dream","twitter_misc":{"Gesch\u00e4tzte Lesezeit":"1\u00a0Minute"},"schema":{"@context":"https:\/\/schema.org","@graph":[{"@type":"WebPage","@id":"https:\/\/www.candle-dream.de\/blog\/yankee-candle-dufte\/festlich\/sparkling-cinnamon-duftbeschreibung\/","url":"https:\/\/www.candle-dream.de\/blog\/yankee-candle-dufte\/festlich\/sparkling-cinnamon-duftbeschreibung\/","name":"Sparkling Cinnamon Duftbeschreibung &#8211; Candle-Dream","isPartOf":{"@id":"https:\/\/www.candle-dream.de\/blog\/#website"},"primaryImageOfPage":{"@id":"https:\/\/www.candle-dream.de\/blog\/yankee-candle-dufte\/festlich\/sparkling-cinnamon-duftbeschreibung\/#primaryimage"},"image":{"@id":"https:\/\/www.candle-dream.de\/blog\/yankee-candle-dufte\/festlich\/sparkling-cinnamon-duftbeschreibung\/#primaryimage"},"thumbnailUrl":"https:\/\/www.candle-dream.de\/blog2\/wp-content\/uploads\/2015\/08\/YankeeCandle222-1.jpg","datePublished":"2015-08-23T15:01:51+00:00","breadcrumb":{"@id":"https:\/\/www.candle-dream.de\/blog\/yankee-candle-dufte\/festlich\/sparkling-cinnamon-duftbeschreibung\/#breadcrumb"},"inLanguage":"de","potentialAction":[{"@type":"ReadAction","target":["https:\/\/www.candle-dream.de\/blog\/yankee-candle-dufte\/festlich\/sparkling-cinnamon-duftbeschreibung\/"]}]},{"@type":"ImageObject","inLanguage":"de","@id":"https:\/\/www.candle-dream.de\/blog\/yankee-candle-dufte\/festlich\/sparkling-cinnamon-duftbeschreibung\/#primaryimage","url":"https:\/\/www.candle-dream.de\/blog2\/wp-content\/uploads\/2015\/08\/YankeeCandle222-1.jpg","contentUrl":"https:\/\/www.candle-dream.de\/blog2\/wp-content\/uploads\/2015\/08\/YankeeCandle222-1.jpg"},{"@type":"BreadcrumbList","@id":"https:\/\/www.candle-dream.de\/blog\/yankee-candle-dufte\/festlich\/sparkling-cinnamon-duftbeschreibung\/#breadcrumb","itemListElement":[{"@type":"ListItem","position":1,"name":"Yankee Candle D\u00fcfte","item":"https:\/\/www.candle-dream.de\/blog\/?page_id=3201"},{"@type":"ListItem","position":2,"name":"Festlich","item":"https:\/\/www.candle-dream.de\/blog\/yankee-candle-dufte\/festlich\/"},{"@type":"ListItem","position":3,"name":"Sparkling Cinnamon Duftbeschreibung"}]},{"@type":"WebSite","@id":"https:\/\/www.candle-dream.de\/blog\/#website","url":"https:\/\/www.candle-dream.de\/blog\/","name":"Candle Dream","description":"Kleine Lichter die f\u00fcr gro\u00dfe Stimmung sorgen","publisher":{"@id":"https:\/\/www.candle-dream.de\/blog\/#organization"},"potentialAction":[{"@type":"SearchAction","target":{"@type":"EntryPoint","urlTemplate":"https:\/\/www.candle-dream.de\/blog\/?s={search_term_string}"},"query-input":{"@type":"PropertyValueSpecification","valueRequired":true,"valueName":"search_term_string"}}],"inLanguage":"de"},{"@type":"Organization","@id":"https:\/\/www.candle-dream.de\/blog\/#organization","name":"Candle-Dream","url":"https:\/\/www.candle-dream.de\/blog\/","logo":{"@type":"ImageObject","inLanguage":"de","@id":"https:\/\/www.candle-dream.de\/blog\/#\/schema\/logo\/image\/","url":"https:\/\/www.candle-dream.de\/blog\/wp-content\/uploads\/2023\/11\/cropped-Candle-Dream-Logo-1.png","contentUrl":"https:\/\/www.candle-dream.de\/blog\/wp-content\/uploads\/2023\/11\/cropped-Candle-Dream-Logo-1.png","width":99,"height":111,"caption":"Candle-Dream"},"image":{"@id":"https:\/\/www.candle-dream.de\/blog\/#\/schema\/logo\/image\/"},"sameAs":["https:\/\/www.facebook.com\/Candles.Dream","https:\/\/x.com\/Candle_Dream","https:\/\/www.instagram.com\/candle_dream\/","https:\/\/www.pinterest.com\/candledream\/","https:\/\/www.youtube.com\/channel\/UCW65ub8oGznIqv_B0Mz8wSw"]}]}},"_links":{"self":[{"href":"https:\/\/www.candle-dream.de\/blog\/wp-json\/wp\/v2\/pages\/3226","targetHints":{"allow":["GET"]}}],"collection":[{"href":"https:\/\/www.candle-dream.de\/blog\/wp-json\/wp\/v2\/pages"}],"about":[{"href":"https:\/\/www.candle-dream.de\/blog\/wp-json\/wp\/v2\/types\/page"}],"author":[{"embeddable":true,"href":"https:\/\/www.candle-dream.de\/blog\/wp-json\/wp\/v2\/users\/1"}],"replies":[{"embeddable":true,"href":"https:\/\/www.candle-dream.de\/blog\/wp-json\/wp\/v2\/comments?post=3226"}],"version-history":[{"count":0,"href":"https:\/\/www.candle-dream.de\/blog\/wp-json\/wp\/v2\/pages\/3226\/revisions"}],"up":[{"embeddable":true,"href":"https:\/\/www.candle-dream.de\/blog\/wp-json\/wp\/v2\/pages\/460"}],"wp:attachment":[{"href":"https:\/\/www.candle-dream.de\/blog\/wp-json\/wp\/v2\/media?parent=3226"}],"curies":[{"name":"wp","href":"https:\/\/api.w.org\/{rel}","templated":true}]}}