{"id":367,"date":"2015-08-23T16:37:08","date_gmt":"2015-08-23T14:37:08","guid":{"rendered":"http:\/\/www.candle-dream.de\/blog\/?page_id=367"},"modified":"2024-07-08T11:02:42","modified_gmt":"2024-07-08T09:02:42","slug":"cinnamon-stick-duftbeschreibung","status":"publish","type":"page","link":"https:\/\/www.candle-dream.de\/blog\/yankee-candle-dufte\/essen-und-gewuerze\/cinnamon-stick-duftbeschreibung\/","title":{"rendered":"Cinnamon Stick Duftbeschreibung"},"content":{"rendered":"<h1><span style=\"font-size: 18pt;\">Yankee Candle &#8211; Cinnamon Stick Duftbeschreibung<\/span><\/h1>\n<h2><span style=\"color: #333333; font-size: 14pt;\"><strong>Cinnamon Stick<\/strong> Duftbeschreibung &#8211; der unverkennbare Geruch von Zimt, man hasst ihn oder man liebt ihn.<\/span><\/h2>\n<p><img decoding=\"async\" class=\"alignleft wp-image-1138\" src=\"https:\/\/www.candle-dream.de\/blog2\/wp-content\/uploads\/2015\/08\/YankeeCandle185-1.jpg\" alt=\"Yankee Candle Cinnamon Stick\" width=\"200\" height=\"350\" srcset=\"https:\/\/www.candle-dream.de\/blog\/wp-content\/uploads\/2015\/08\/YankeeCandle185-1.jpg 181w, https:\/\/www.candle-dream.de\/blog\/wp-content\/uploads\/2015\/08\/YankeeCandle185-1-171x300.jpg 171w, https:\/\/www.candle-dream.de\/blog\/wp-content\/uploads\/2015\/08\/YankeeCandle185-1-11x20.jpg 11w\" sizes=\"(max-width: 200px) 100vw, 200px\" \/>Jedoch sind (fast) alle sich einig, Zimt geh\u00f6rt mit zur kalten Jahreszeit in Europa; daf\u00fcr in Indien beispielsweise auch in die regul\u00e4re K\u00fcche, so verschieden sind die kulturellen Vorstellungen von verschiedenen Gew\u00fcrzen. Auch Interessant ist, das Zimt vom Zimtbaum stammt und die Zimtstangen wie wir sie kennen eigentlich lediglich die Baumrinde des Zimtbaumes sind. \u00dcbrigens sind die zu sehenden Zimtstangen auf dem Bild von Yankee Candle keine &#8222;wahren&#8220; Zimtstangen vom\u00a0Ceylon-Zimtbaum sondern von einer anderen Sorte, ich tippe auf Indonesischen Zimt!<br \/>\nAber jetzt mal zur Duftbeschreibung welche wie folgt gegliedert ist:<\/p>\n<ul style=\"list-style-type: circle;\">\n<li>Duftstoffe<\/li>\n<li>Einleitung und \u00dcbersicht<\/li>\n<li>Kopf-, Herz- und Bauchnote des Duftes<\/li>\n<li>Gesamteindruck<\/li>\n<li>Schluss mit Fazit<\/li>\n<\/ul>\n<p><img decoding=\"async\" class=\"alignright wp-image-1080\" title=\"Yankee Candle Cinnamon Stick\" src=\"https:\/\/www.candle-dream.de\/blog2\/wp-content\/uploads\/2016\/01\/YankeeCandle586-Kopie-23.bmp-1.jpg\" alt=\"Yankee Candle Cinnamon Stick\" width=\"251\" height=\"170\" srcset=\"https:\/\/www.candle-dream.de\/blog\/wp-content\/uploads\/2016\/01\/YankeeCandle586-Kopie-23.bmp-1.jpg 448w, https:\/\/www.candle-dream.de\/blog\/wp-content\/uploads\/2016\/01\/YankeeCandle586-Kopie-23.bmp-1-300x203.jpg 300w, https:\/\/www.candle-dream.de\/blog\/wp-content\/uploads\/2016\/01\/YankeeCandle586-Kopie-23.bmp-1-409x277.jpg 409w, https:\/\/www.candle-dream.de\/blog\/wp-content\/uploads\/2016\/01\/YankeeCandle586-Kopie-23.bmp-1-20x14.jpg 20w\" sizes=\"(max-width: 251px) 100vw, 251px\" \/><br \/>\nIn <strong>Cinnamon Stick<\/strong> sind die Duftstoffe Nelken sowie Zimt enthalten, verf\u00fcgbar im Standardsortiment von Yankee Candle und erh\u00e4ltlich\u00a0als <a href=\"https:\/\/www.candle-dream.de\/yankee-candle\/classic-yankee-candle\/duftende-teelichter\/266\/cinnamon-stick-12st\" target=\"_blank\" rel=\"noopener\">Teelichter<\/a>(12 St\u00fcck),\u00a0<a href=\"https:\/\/www.candle-dream.de\/yankee-candle\/classic-yankee-candle\/glasvotivkerze\/cinnamon-stick-37g.html\" target=\"_blank\" rel=\"noopener\">Votivkerze im Glas <\/a>(37g), <a href=\"https:\/\/www.candle-dream.de\/yankee-candle\/classic-yankee-candle\/samplers-votivkerze\/337\/cinnamon-stick-49g\" target=\"_blank\" rel=\"noopener\">Votivkerze<\/a> (49g), <a href=\"https:\/\/www.candle-dream.de\/neue-artikel\/1996\/easy-meltcup-cinnamon-stick-61g\" target=\"_blank\" rel=\"noopener\">Easy MeltCup<\/a> (61g), <a href=\"https:\/\/www.candle-dream.de\/yankee-candle\/classic-yankee-candle\/housewarmer-classic-104-g\/198\/cinnamon-stick-104g\" target=\"_blank\" rel=\"noopener\">kleiner<\/a> (104g), <a href=\"https:\/\/www.candle-dream.de\/yankee-candle\/classic-yankee-candle\/housewarmer-classic-411-g\/131\/cinnamon-stick-411g\" target=\"_blank\" rel=\"noopener\">mittlerer<\/a> (411g) und <a href=\"https:\/\/www.candle-dream.de\/yankee-candle\/classic-yankee-candle\/housewarmer-classic-623-g\/65\/cinnamon-stick-623g\" target=\"_blank\" rel=\"noopener\">gro\u00dfer Housewarmer<\/a> (623g).<\/p>\n<p><strong>Kopfnote:<\/strong> Zimt<br \/>\n<strong>Herz- und Bauchnote:<\/strong> Nelken<\/p>\n<p><strong>Cinnamon Stick<\/strong> ist ein wahrlicher Zimt Geruch, w\u00fcrzig, stark, warm, nat\u00fcrlich. Der Duft ist binnen weniger \u00a0Minuten im ganzen Raum und Nachbarraum in der Luft und f\u00fcllt diese mit seiner f\u00fclligen W\u00fcrze. Die Nelke, welche mit im Duft enthalten ist, macht sich bemerkbar, ist aber keinesfalls aufdringlich. Der Duft ist insgesamt eher Zimt als Nelke und das sollte auch so sein, bei diesem Namen! Bei dem Duft muss ich daran denken wie die Lagerhalle\u00a0in der die ganzen B\u00fcndel Zimtstangen gestapelt liegen und fertig gemacht werden f\u00fcr den weiteren Versand; herrlich warm, verz\u00fcckend und bet\u00f6rend.<br \/>\nDas Bild, als auch die F\u00e4rbung des Duftwachses l\u00e4sst sofort auf Zimt schlie\u00dfen und l\u00e4dt zum tr\u00e4umen ein, einmal live dabei sein wie Zimt gewonnen wird (wie oben erw\u00e4hnt wird Zimt aus der Rinde des Zimtbaumes gewonnen) und selbst alles mit ansehen wie aus der Rinde das Gew\u00fcrz wird was wir kennen (und viele) lieben.<\/p>\n<p><strong>Cinnamon Stick<\/strong> ist ein sehr starker, intensiver Yankee Candle Duft welcher seinem Namen vollends gerecht wird. Zimt mit einer Unternote Nelke, nicht ohne Grund in der Kategorie Food &amp; Spice von Yankee Candle, denn W\u00fcrze ist genau das was man bekommt bei <strong>Cinnamon Stick<\/strong>. F\u00fcr Zimtliebhaber ein Must-Have Duft, egal zu welcher Jahreszeit, denn <strong>Cinnamon Stick<\/strong> ist <em>ganz j\u00e4hrlich<\/em> erh\u00e4ltlich! (Stand Q1 2016)<br \/>\n<span style=\"color: #333333;\">\u00a0<\/span><\/p>\n<h2 style=\"text-align: center;\"><span style=\"color: #800080;\"><a style=\"color: #800080;\" href=\"https:\/\/www.candle-dream.de\/search?sSearch=+cinnamon+stick&amp;c=10\" target=\"_blank\" rel=\"noopener\">Cinnamon Stick jetzt auf Candle-Dream.de kaufen!\u00a0<\/a><\/span><\/h2>\n","protected":false},"excerpt":{"rendered":"<p>Yankee Candle &#8211; Cinnamon Stick Duftbeschreibung Cinnamon Stick Duftbeschreibung &#8211; der unverkennbare Geruch von Zimt, man hasst ihn oder man liebt ihn. Jedoch sind (fast) alle sich einig, Zimt geh\u00f6rt mit zur kalten Jahreszeit in Europa; daf\u00fcr in Indien beispielsweise&#8230;<\/p>\n","protected":false},"author":1,"featured_media":0,"parent":347,"menu_order":0,"comment_status":"closed","ping_status":"closed","template":"","meta":{"footnotes":""},"class_list":["post-367","page","type-page","status-publish","hentry"],"yoast_head":"<!-- This site is optimized with the Yoast SEO plugin v25.9 - https:\/\/yoast.com\/wordpress\/plugins\/seo\/ -->\n<title>Cinnamon Stick Duftbeschreibung &#8211; Candle-Dream<\/title>\n<meta name=\"description\" content=\"Yankee Candle Cinnamon Stick Duftbeschreibung - ein erf\u00fcllender, warmer Duft von Zimt in der Winterzeit ... der Duft ist [...]\" \/>\n<meta name=\"robots\" content=\"index, follow, max-snippet:-1, max-image-preview:large, max-video-preview:-1\" \/>\n<link rel=\"canonical\" href=\"https:\/\/www.candle-dream.de\/blog\/yankee-candle-dufte\/essen-und-gewuerze\/cinnamon-stick-duftbeschreibung\/\" \/>\n<meta property=\"og:locale\" content=\"de_DE\" \/>\n<meta property=\"og:type\" content=\"article\" \/>\n<meta property=\"og:title\" content=\"Cinnamon Stick Duftbeschreibung &#8211; Candle-Dream\" \/>\n<meta property=\"og:description\" content=\"Yankee Candle Cinnamon Stick Duftbeschreibung - ein erf\u00fcllender, warmer Duft von Zimt in der Winterzeit ... der Duft ist [...]\" \/>\n<meta property=\"og:url\" content=\"https:\/\/www.candle-dream.de\/blog\/yankee-candle-dufte\/essen-und-gewuerze\/cinnamon-stick-duftbeschreibung\/\" \/>\n<meta property=\"og:site_name\" content=\"Candle-Dream\" \/>\n<meta property=\"article:publisher\" content=\"https:\/\/www.facebook.com\/Candles.Dream\" \/>\n<meta property=\"article:modified_time\" content=\"2024-07-08T09:02:42+00:00\" \/>\n<meta property=\"og:image\" content=\"https:\/\/www.candle-dream.de\/blog2\/wp-content\/uploads\/2015\/08\/YankeeCandle185-1.jpg\" \/>\n<meta name=\"twitter:card\" content=\"summary_large_image\" \/>\n<meta name=\"twitter:site\" content=\"@Candle_Dream\" \/>\n<meta name=\"twitter:label1\" content=\"Gesch\u00e4tzte Lesezeit\" \/>\n\t<meta name=\"twitter:data1\" content=\"3\u00a0Minuten\" \/>\n<script type=\"application\/ld+json\" class=\"yoast-schema-graph\">{\"@context\":\"https:\/\/schema.org\",\"@graph\":[{\"@type\":\"WebPage\",\"@id\":\"https:\/\/www.candle-dream.de\/blog\/yankee-candle-dufte\/essen-und-gewuerze\/cinnamon-stick-duftbeschreibung\/\",\"url\":\"https:\/\/www.candle-dream.de\/blog\/yankee-candle-dufte\/essen-und-gewuerze\/cinnamon-stick-duftbeschreibung\/\",\"name\":\"Cinnamon Stick Duftbeschreibung &#8211; Candle-Dream\",\"isPartOf\":{\"@id\":\"https:\/\/www.candle-dream.de\/blog\/#website\"},\"primaryImageOfPage\":{\"@id\":\"https:\/\/www.candle-dream.de\/blog\/yankee-candle-dufte\/essen-und-gewuerze\/cinnamon-stick-duftbeschreibung\/#primaryimage\"},\"image\":{\"@id\":\"https:\/\/www.candle-dream.de\/blog\/yankee-candle-dufte\/essen-und-gewuerze\/cinnamon-stick-duftbeschreibung\/#primaryimage\"},\"thumbnailUrl\":\"https:\/\/www.candle-dream.de\/blog2\/wp-content\/uploads\/2015\/08\/YankeeCandle185-1.jpg\",\"datePublished\":\"2015-08-23T14:37:08+00:00\",\"dateModified\":\"2024-07-08T09:02:42+00:00\",\"description\":\"Yankee Candle Cinnamon Stick Duftbeschreibung - ein erf\u00fcllender, warmer Duft von Zimt in der Winterzeit ... der Duft ist [...]\",\"breadcrumb\":{\"@id\":\"https:\/\/www.candle-dream.de\/blog\/yankee-candle-dufte\/essen-und-gewuerze\/cinnamon-stick-duftbeschreibung\/#breadcrumb\"},\"inLanguage\":\"de\",\"potentialAction\":[{\"@type\":\"ReadAction\",\"target\":[\"https:\/\/www.candle-dream.de\/blog\/yankee-candle-dufte\/essen-und-gewuerze\/cinnamon-stick-duftbeschreibung\/\"]}]},{\"@type\":\"ImageObject\",\"inLanguage\":\"de\",\"@id\":\"https:\/\/www.candle-dream.de\/blog\/yankee-candle-dufte\/essen-und-gewuerze\/cinnamon-stick-duftbeschreibung\/#primaryimage\",\"url\":\"https:\/\/www.candle-dream.de\/blog2\/wp-content\/uploads\/2015\/08\/YankeeCandle185-1.jpg\",\"contentUrl\":\"https:\/\/www.candle-dream.de\/blog2\/wp-content\/uploads\/2015\/08\/YankeeCandle185-1.jpg\"},{\"@type\":\"BreadcrumbList\",\"@id\":\"https:\/\/www.candle-dream.de\/blog\/yankee-candle-dufte\/essen-und-gewuerze\/cinnamon-stick-duftbeschreibung\/#breadcrumb\",\"itemListElement\":[{\"@type\":\"ListItem\",\"position\":1,\"name\":\"Yankee Candle D\u00fcfte\",\"item\":\"https:\/\/www.candle-dream.de\/blog\/?page_id=3201\"},{\"@type\":\"ListItem\",\"position\":2,\"name\":\"Essen und Gew\u00fcrze\",\"item\":\"https:\/\/www.candle-dream.de\/blog\/yankee-candle-dufte\/essen-und-gewuerze\/\"},{\"@type\":\"ListItem\",\"position\":3,\"name\":\"Cinnamon Stick Duftbeschreibung\"}]},{\"@type\":\"WebSite\",\"@id\":\"https:\/\/www.candle-dream.de\/blog\/#website\",\"url\":\"https:\/\/www.candle-dream.de\/blog\/\",\"name\":\"Candle Dream\",\"description\":\"Kleine Lichter die f\u00fcr gro\u00dfe Stimmung sorgen\",\"publisher\":{\"@id\":\"https:\/\/www.candle-dream.de\/blog\/#organization\"},\"potentialAction\":[{\"@type\":\"SearchAction\",\"target\":{\"@type\":\"EntryPoint\",\"urlTemplate\":\"https:\/\/www.candle-dream.de\/blog\/?s={search_term_string}\"},\"query-input\":{\"@type\":\"PropertyValueSpecification\",\"valueRequired\":true,\"valueName\":\"search_term_string\"}}],\"inLanguage\":\"de\"},{\"@type\":\"Organization\",\"@id\":\"https:\/\/www.candle-dream.de\/blog\/#organization\",\"name\":\"Candle-Dream\",\"url\":\"https:\/\/www.candle-dream.de\/blog\/\",\"logo\":{\"@type\":\"ImageObject\",\"inLanguage\":\"de\",\"@id\":\"https:\/\/www.candle-dream.de\/blog\/#\/schema\/logo\/image\/\",\"url\":\"https:\/\/www.candle-dream.de\/blog\/wp-content\/uploads\/2023\/11\/cropped-Candle-Dream-Logo-1.png\",\"contentUrl\":\"https:\/\/www.candle-dream.de\/blog\/wp-content\/uploads\/2023\/11\/cropped-Candle-Dream-Logo-1.png\",\"width\":99,\"height\":111,\"caption\":\"Candle-Dream\"},\"image\":{\"@id\":\"https:\/\/www.candle-dream.de\/blog\/#\/schema\/logo\/image\/\"},\"sameAs\":[\"https:\/\/www.facebook.com\/Candles.Dream\",\"https:\/\/x.com\/Candle_Dream\",\"https:\/\/www.instagram.com\/candle_dream\/\",\"https:\/\/www.pinterest.com\/candledream\/\",\"https:\/\/www.youtube.com\/channel\/UCW65ub8oGznIqv_B0Mz8wSw\"]}]}<\/script>\n<!-- \/ Yoast SEO plugin. -->","yoast_head_json":{"title":"Cinnamon Stick Duftbeschreibung &#8211; Candle-Dream","description":"Yankee Candle Cinnamon Stick Duftbeschreibung - ein erf\u00fcllender, warmer Duft von Zimt in der Winterzeit ... der Duft ist [...]","robots":{"index":"index","follow":"follow","max-snippet":"max-snippet:-1","max-image-preview":"max-image-preview:large","max-video-preview":"max-video-preview:-1"},"canonical":"https:\/\/www.candle-dream.de\/blog\/yankee-candle-dufte\/essen-und-gewuerze\/cinnamon-stick-duftbeschreibung\/","og_locale":"de_DE","og_type":"article","og_title":"Cinnamon Stick Duftbeschreibung &#8211; Candle-Dream","og_description":"Yankee Candle Cinnamon Stick Duftbeschreibung - ein erf\u00fcllender, warmer Duft von Zimt in der Winterzeit ... der Duft ist [...]","og_url":"https:\/\/www.candle-dream.de\/blog\/yankee-candle-dufte\/essen-und-gewuerze\/cinnamon-stick-duftbeschreibung\/","og_site_name":"Candle-Dream","article_publisher":"https:\/\/www.facebook.com\/Candles.Dream","article_modified_time":"2024-07-08T09:02:42+00:00","og_image":[{"url":"https:\/\/www.candle-dream.de\/blog2\/wp-content\/uploads\/2015\/08\/YankeeCandle185-1.jpg","type":"","width":"","height":""}],"twitter_card":"summary_large_image","twitter_site":"@Candle_Dream","twitter_misc":{"Gesch\u00e4tzte Lesezeit":"3\u00a0Minuten"},"schema":{"@context":"https:\/\/schema.org","@graph":[{"@type":"WebPage","@id":"https:\/\/www.candle-dream.de\/blog\/yankee-candle-dufte\/essen-und-gewuerze\/cinnamon-stick-duftbeschreibung\/","url":"https:\/\/www.candle-dream.de\/blog\/yankee-candle-dufte\/essen-und-gewuerze\/cinnamon-stick-duftbeschreibung\/","name":"Cinnamon Stick Duftbeschreibung &#8211; Candle-Dream","isPartOf":{"@id":"https:\/\/www.candle-dream.de\/blog\/#website"},"primaryImageOfPage":{"@id":"https:\/\/www.candle-dream.de\/blog\/yankee-candle-dufte\/essen-und-gewuerze\/cinnamon-stick-duftbeschreibung\/#primaryimage"},"image":{"@id":"https:\/\/www.candle-dream.de\/blog\/yankee-candle-dufte\/essen-und-gewuerze\/cinnamon-stick-duftbeschreibung\/#primaryimage"},"thumbnailUrl":"https:\/\/www.candle-dream.de\/blog2\/wp-content\/uploads\/2015\/08\/YankeeCandle185-1.jpg","datePublished":"2015-08-23T14:37:08+00:00","dateModified":"2024-07-08T09:02:42+00:00","description":"Yankee Candle Cinnamon Stick Duftbeschreibung - ein erf\u00fcllender, warmer Duft von Zimt in der Winterzeit ... der Duft ist [...]","breadcrumb":{"@id":"https:\/\/www.candle-dream.de\/blog\/yankee-candle-dufte\/essen-und-gewuerze\/cinnamon-stick-duftbeschreibung\/#breadcrumb"},"inLanguage":"de","potentialAction":[{"@type":"ReadAction","target":["https:\/\/www.candle-dream.de\/blog\/yankee-candle-dufte\/essen-und-gewuerze\/cinnamon-stick-duftbeschreibung\/"]}]},{"@type":"ImageObject","inLanguage":"de","@id":"https:\/\/www.candle-dream.de\/blog\/yankee-candle-dufte\/essen-und-gewuerze\/cinnamon-stick-duftbeschreibung\/#primaryimage","url":"https:\/\/www.candle-dream.de\/blog2\/wp-content\/uploads\/2015\/08\/YankeeCandle185-1.jpg","contentUrl":"https:\/\/www.candle-dream.de\/blog2\/wp-content\/uploads\/2015\/08\/YankeeCandle185-1.jpg"},{"@type":"BreadcrumbList","@id":"https:\/\/www.candle-dream.de\/blog\/yankee-candle-dufte\/essen-und-gewuerze\/cinnamon-stick-duftbeschreibung\/#breadcrumb","itemListElement":[{"@type":"ListItem","position":1,"name":"Yankee Candle D\u00fcfte","item":"https:\/\/www.candle-dream.de\/blog\/?page_id=3201"},{"@type":"ListItem","position":2,"name":"Essen und Gew\u00fcrze","item":"https:\/\/www.candle-dream.de\/blog\/yankee-candle-dufte\/essen-und-gewuerze\/"},{"@type":"ListItem","position":3,"name":"Cinnamon Stick Duftbeschreibung"}]},{"@type":"WebSite","@id":"https:\/\/www.candle-dream.de\/blog\/#website","url":"https:\/\/www.candle-dream.de\/blog\/","name":"Candle Dream","description":"Kleine Lichter die f\u00fcr gro\u00dfe Stimmung sorgen","publisher":{"@id":"https:\/\/www.candle-dream.de\/blog\/#organization"},"potentialAction":[{"@type":"SearchAction","target":{"@type":"EntryPoint","urlTemplate":"https:\/\/www.candle-dream.de\/blog\/?s={search_term_string}"},"query-input":{"@type":"PropertyValueSpecification","valueRequired":true,"valueName":"search_term_string"}}],"inLanguage":"de"},{"@type":"Organization","@id":"https:\/\/www.candle-dream.de\/blog\/#organization","name":"Candle-Dream","url":"https:\/\/www.candle-dream.de\/blog\/","logo":{"@type":"ImageObject","inLanguage":"de","@id":"https:\/\/www.candle-dream.de\/blog\/#\/schema\/logo\/image\/","url":"https:\/\/www.candle-dream.de\/blog\/wp-content\/uploads\/2023\/11\/cropped-Candle-Dream-Logo-1.png","contentUrl":"https:\/\/www.candle-dream.de\/blog\/wp-content\/uploads\/2023\/11\/cropped-Candle-Dream-Logo-1.png","width":99,"height":111,"caption":"Candle-Dream"},"image":{"@id":"https:\/\/www.candle-dream.de\/blog\/#\/schema\/logo\/image\/"},"sameAs":["https:\/\/www.facebook.com\/Candles.Dream","https:\/\/x.com\/Candle_Dream","https:\/\/www.instagram.com\/candle_dream\/","https:\/\/www.pinterest.com\/candledream\/","https:\/\/www.youtube.com\/channel\/UCW65ub8oGznIqv_B0Mz8wSw"]}]}},"_links":{"self":[{"href":"https:\/\/www.candle-dream.de\/blog\/wp-json\/wp\/v2\/pages\/367","targetHints":{"allow":["GET"]}}],"collection":[{"href":"https:\/\/www.candle-dream.de\/blog\/wp-json\/wp\/v2\/pages"}],"about":[{"href":"https:\/\/www.candle-dream.de\/blog\/wp-json\/wp\/v2\/types\/page"}],"author":[{"embeddable":true,"href":"https:\/\/www.candle-dream.de\/blog\/wp-json\/wp\/v2\/users\/1"}],"replies":[{"embeddable":true,"href":"https:\/\/www.candle-dream.de\/blog\/wp-json\/wp\/v2\/comments?post=367"}],"version-history":[{"count":1,"href":"https:\/\/www.candle-dream.de\/blog\/wp-json\/wp\/v2\/pages\/367\/revisions"}],"predecessor-version":[{"id":3866,"href":"https:\/\/www.candle-dream.de\/blog\/wp-json\/wp\/v2\/pages\/367\/revisions\/3866"}],"up":[{"embeddable":true,"href":"https:\/\/www.candle-dream.de\/blog\/wp-json\/wp\/v2\/pages\/347"}],"wp:attachment":[{"href":"https:\/\/www.candle-dream.de\/blog\/wp-json\/wp\/v2\/media?parent=367"}],"curies":[{"name":"wp","href":"https:\/\/api.w.org\/{rel}","templated":true}]}}