{"id":383,"date":"2015-08-23T16:40:06","date_gmt":"2015-08-23T14:40:06","guid":{"rendered":"http:\/\/www.candle-dream.de\/blog\/?page_id=383"},"modified":"2015-08-23T16:40:06","modified_gmt":"2015-08-23T14:40:06","slug":"sugared-apple-duftbeschreibung","status":"publish","type":"page","link":"https:\/\/www.candle-dream.de\/blog\/yankee-candle-dufte\/festlich\/sugared-apple-duftbeschreibung\/","title":{"rendered":"Sugared Apple Duftbeschreibung"},"content":{"rendered":"<p><span style=\"color: #333333;\"><a href=\"https:\/\/www.candle-dream.de\/blog2\/wp-content\/uploads\/2015\/08\/YankeeCandle216-1.jpg\" rel=\"attachment wp-att-1135\" data-rel=\"lightbox-image-0\" data-rl_title=\"\" data-rl_caption=\"\" title=\"\"><img decoding=\"async\" class=\"alignleft size-full wp-image-1135\" src=\"https:\/\/www.candle-dream.de\/blog2\/wp-content\/uploads\/2015\/08\/YankeeCandle216-1.jpg\" alt=\"Yankee Candle Sugared Apple\" width=\"178\" height=\"309\" srcset=\"https:\/\/www.candle-dream.de\/blog\/wp-content\/uploads\/2015\/08\/YankeeCandle216-1.jpg 178w, https:\/\/www.candle-dream.de\/blog\/wp-content\/uploads\/2015\/08\/YankeeCandle216-1-173x300.jpg 173w, https:\/\/www.candle-dream.de\/blog\/wp-content\/uploads\/2015\/08\/YankeeCandle216-1-12x20.jpg 12w\" sizes=\"(max-width: 178px) 100vw, 178px\" \/><\/a>Sugared Apple Duftbeschreibung &#8211; der pudrig, leichte Duft von ges\u00fc\u00dften \u00c4pfeln mit\u00a0Untert\u00f6nen von\u00a0Muskatnuss, Vanille und Zimt verf\u00fchrt direkt in die besinnliche <a href=\"http:\/\/www.candle-dream.de\/blog\/wp-content\/uploads\/2016\/01\/YankeeCandle564-e1453070095227.jpg\" rel=\"attachment wp-att-1028\" data-rel=\"lightbox-image-1\" data-rl_title=\"\" data-rl_caption=\"\" title=\"\"><img decoding=\"async\" class=\"size-full wp-image-1028 alignright\" src=\"http:\/\/www.candle-dream.de\/blog\/wp-content\/uploads\/2016\/01\/YankeeCandle564-e1453070095227.jpg\" alt=\"Yankee Candle Sugared Apple\" width=\"274\" height=\"181\" \/><\/a>Zeit des Jahres!<\/span><br \/>\n&nbsp;<br \/>\n<span style=\"color: #333333;\">Sugared Apple ist ein sehr leichter, pudriger Duft welcher gepr\u00e4gt ist von dem Geruch von gezuckerten \u00c4pfeln. Zu erkennende Untert\u00f6ne sind definitiv Muskatnuss und Zimt, welche den Duft zu einer pudrig leichten, s\u00fc\u00dfen Gew\u00fcrzduftrichtung mit fruchtigem Hauptton machen. Der Duft ist recht stark im Raum und bekommt auf einer Skala von 1-10 eine Intensivit\u00e4t von 7. D.h. der Duft verteilt sich recht schnell im Raum und bleibt auch eine ganze Weile.\u00a0<\/span><br \/>\n<span style=\"color: #333333;\">Der Duft ist fruchtig aber unverkennbar mit Gew\u00fcrzen versehen!<\/span><br \/>\n&nbsp;<br \/>\n<span style=\"color: #333333;\"><br \/>\n<\/span><br \/>\n&nbsp;<\/p>\n<h2 style=\"text-align: center;\"><span style=\"color: #333333;\"><a href=\"https:\/\/www.candle-dream.de\/search?sSearch=sugared+apple\">Sugared Apple jetzt auf Candle-Dream.de kaufen!<\/a><\/span><\/h2>\n","protected":false},"excerpt":{"rendered":"<p>Sugared Apple Duftbeschreibung &#8211; der pudrig, leichte Duft von ges\u00fc\u00dften \u00c4pfeln mit\u00a0Untert\u00f6nen von\u00a0Muskatnuss, Vanille und Zimt verf\u00fchrt direkt in die besinnliche Zeit des Jahres! &nbsp; Sugared Apple ist ein sehr leichter, pudriger Duft welcher gepr\u00e4gt ist von dem Geruch von&#8230;<\/p>\n","protected":false},"author":1,"featured_media":0,"parent":460,"menu_order":0,"comment_status":"closed","ping_status":"closed","template":"","meta":{"footnotes":""},"class_list":["post-383","page","type-page","status-publish","hentry"],"yoast_head":"<!-- This site is optimized with the Yoast SEO plugin v25.9 - https:\/\/yoast.com\/wordpress\/plugins\/seo\/ -->\n<title>Sugared Apple Duftbeschreibung &#8211; Candle-Dream<\/title>\n<meta name=\"robots\" content=\"index, follow, max-snippet:-1, max-image-preview:large, max-video-preview:-1\" \/>\n<link rel=\"canonical\" href=\"https:\/\/www.candle-dream.de\/blog\/yankee-candle-dufte\/festlich\/sugared-apple-duftbeschreibung\/\" \/>\n<meta property=\"og:locale\" content=\"de_DE\" \/>\n<meta property=\"og:type\" content=\"article\" \/>\n<meta property=\"og:title\" content=\"Sugared Apple Duftbeschreibung &#8211; Candle-Dream\" \/>\n<meta property=\"og:description\" content=\"Sugared Apple Duftbeschreibung &#8211; der pudrig, leichte Duft von ges\u00fc\u00dften \u00c4pfeln mit\u00a0Untert\u00f6nen von\u00a0Muskatnuss, Vanille und Zimt verf\u00fchrt direkt in die besinnliche Zeit des Jahres! &nbsp; Sugared Apple ist ein sehr leichter, pudriger Duft welcher gepr\u00e4gt ist von dem Geruch von...\" \/>\n<meta property=\"og:url\" content=\"https:\/\/www.candle-dream.de\/blog\/yankee-candle-dufte\/festlich\/sugared-apple-duftbeschreibung\/\" \/>\n<meta property=\"og:site_name\" content=\"Candle-Dream\" \/>\n<meta property=\"article:publisher\" content=\"https:\/\/www.facebook.com\/Candles.Dream\" \/>\n<meta property=\"og:image\" content=\"https:\/\/www.candle-dream.de\/blog2\/wp-content\/uploads\/2015\/08\/YankeeCandle216-1.jpg\" \/>\n<meta name=\"twitter:card\" content=\"summary_large_image\" \/>\n<meta name=\"twitter:site\" content=\"@Candle_Dream\" \/>\n<meta name=\"twitter:label1\" content=\"Gesch\u00e4tzte Lesezeit\" \/>\n\t<meta name=\"twitter:data1\" content=\"1\u00a0Minute\" \/>\n<script type=\"application\/ld+json\" class=\"yoast-schema-graph\">{\"@context\":\"https:\/\/schema.org\",\"@graph\":[{\"@type\":\"WebPage\",\"@id\":\"https:\/\/www.candle-dream.de\/blog\/yankee-candle-dufte\/festlich\/sugared-apple-duftbeschreibung\/\",\"url\":\"https:\/\/www.candle-dream.de\/blog\/yankee-candle-dufte\/festlich\/sugared-apple-duftbeschreibung\/\",\"name\":\"Sugared Apple Duftbeschreibung &#8211; Candle-Dream\",\"isPartOf\":{\"@id\":\"https:\/\/www.candle-dream.de\/blog\/#website\"},\"primaryImageOfPage\":{\"@id\":\"https:\/\/www.candle-dream.de\/blog\/yankee-candle-dufte\/festlich\/sugared-apple-duftbeschreibung\/#primaryimage\"},\"image\":{\"@id\":\"https:\/\/www.candle-dream.de\/blog\/yankee-candle-dufte\/festlich\/sugared-apple-duftbeschreibung\/#primaryimage\"},\"thumbnailUrl\":\"https:\/\/www.candle-dream.de\/blog2\/wp-content\/uploads\/2015\/08\/YankeeCandle216-1.jpg\",\"datePublished\":\"2015-08-23T14:40:06+00:00\",\"breadcrumb\":{\"@id\":\"https:\/\/www.candle-dream.de\/blog\/yankee-candle-dufte\/festlich\/sugared-apple-duftbeschreibung\/#breadcrumb\"},\"inLanguage\":\"de\",\"potentialAction\":[{\"@type\":\"ReadAction\",\"target\":[\"https:\/\/www.candle-dream.de\/blog\/yankee-candle-dufte\/festlich\/sugared-apple-duftbeschreibung\/\"]}]},{\"@type\":\"ImageObject\",\"inLanguage\":\"de\",\"@id\":\"https:\/\/www.candle-dream.de\/blog\/yankee-candle-dufte\/festlich\/sugared-apple-duftbeschreibung\/#primaryimage\",\"url\":\"https:\/\/www.candle-dream.de\/blog2\/wp-content\/uploads\/2015\/08\/YankeeCandle216-1.jpg\",\"contentUrl\":\"https:\/\/www.candle-dream.de\/blog2\/wp-content\/uploads\/2015\/08\/YankeeCandle216-1.jpg\"},{\"@type\":\"BreadcrumbList\",\"@id\":\"https:\/\/www.candle-dream.de\/blog\/yankee-candle-dufte\/festlich\/sugared-apple-duftbeschreibung\/#breadcrumb\",\"itemListElement\":[{\"@type\":\"ListItem\",\"position\":1,\"name\":\"Yankee Candle D\u00fcfte\",\"item\":\"https:\/\/www.candle-dream.de\/blog\/?page_id=3201\"},{\"@type\":\"ListItem\",\"position\":2,\"name\":\"Festlich\",\"item\":\"https:\/\/www.candle-dream.de\/blog\/yankee-candle-dufte\/festlich\/\"},{\"@type\":\"ListItem\",\"position\":3,\"name\":\"Sugared Apple Duftbeschreibung\"}]},{\"@type\":\"WebSite\",\"@id\":\"https:\/\/www.candle-dream.de\/blog\/#website\",\"url\":\"https:\/\/www.candle-dream.de\/blog\/\",\"name\":\"Candle Dream\",\"description\":\"Kleine Lichter die f\u00fcr gro\u00dfe Stimmung sorgen\",\"publisher\":{\"@id\":\"https:\/\/www.candle-dream.de\/blog\/#organization\"},\"potentialAction\":[{\"@type\":\"SearchAction\",\"target\":{\"@type\":\"EntryPoint\",\"urlTemplate\":\"https:\/\/www.candle-dream.de\/blog\/?s={search_term_string}\"},\"query-input\":{\"@type\":\"PropertyValueSpecification\",\"valueRequired\":true,\"valueName\":\"search_term_string\"}}],\"inLanguage\":\"de\"},{\"@type\":\"Organization\",\"@id\":\"https:\/\/www.candle-dream.de\/blog\/#organization\",\"name\":\"Candle-Dream\",\"url\":\"https:\/\/www.candle-dream.de\/blog\/\",\"logo\":{\"@type\":\"ImageObject\",\"inLanguage\":\"de\",\"@id\":\"https:\/\/www.candle-dream.de\/blog\/#\/schema\/logo\/image\/\",\"url\":\"https:\/\/www.candle-dream.de\/blog\/wp-content\/uploads\/2023\/11\/cropped-Candle-Dream-Logo-1.png\",\"contentUrl\":\"https:\/\/www.candle-dream.de\/blog\/wp-content\/uploads\/2023\/11\/cropped-Candle-Dream-Logo-1.png\",\"width\":99,\"height\":111,\"caption\":\"Candle-Dream\"},\"image\":{\"@id\":\"https:\/\/www.candle-dream.de\/blog\/#\/schema\/logo\/image\/\"},\"sameAs\":[\"https:\/\/www.facebook.com\/Candles.Dream\",\"https:\/\/x.com\/Candle_Dream\",\"https:\/\/www.instagram.com\/candle_dream\/\",\"https:\/\/www.pinterest.com\/candledream\/\",\"https:\/\/www.youtube.com\/channel\/UCW65ub8oGznIqv_B0Mz8wSw\"]}]}<\/script>\n<!-- \/ Yoast SEO plugin. -->","yoast_head_json":{"title":"Sugared Apple Duftbeschreibung &#8211; Candle-Dream","robots":{"index":"index","follow":"follow","max-snippet":"max-snippet:-1","max-image-preview":"max-image-preview:large","max-video-preview":"max-video-preview:-1"},"canonical":"https:\/\/www.candle-dream.de\/blog\/yankee-candle-dufte\/festlich\/sugared-apple-duftbeschreibung\/","og_locale":"de_DE","og_type":"article","og_title":"Sugared Apple Duftbeschreibung &#8211; Candle-Dream","og_description":"Sugared Apple Duftbeschreibung &#8211; der pudrig, leichte Duft von ges\u00fc\u00dften \u00c4pfeln mit\u00a0Untert\u00f6nen von\u00a0Muskatnuss, Vanille und Zimt verf\u00fchrt direkt in die besinnliche Zeit des Jahres! &nbsp; Sugared Apple ist ein sehr leichter, pudriger Duft welcher gepr\u00e4gt ist von dem Geruch von...","og_url":"https:\/\/www.candle-dream.de\/blog\/yankee-candle-dufte\/festlich\/sugared-apple-duftbeschreibung\/","og_site_name":"Candle-Dream","article_publisher":"https:\/\/www.facebook.com\/Candles.Dream","og_image":[{"url":"https:\/\/www.candle-dream.de\/blog2\/wp-content\/uploads\/2015\/08\/YankeeCandle216-1.jpg","type":"","width":"","height":""}],"twitter_card":"summary_large_image","twitter_site":"@Candle_Dream","twitter_misc":{"Gesch\u00e4tzte Lesezeit":"1\u00a0Minute"},"schema":{"@context":"https:\/\/schema.org","@graph":[{"@type":"WebPage","@id":"https:\/\/www.candle-dream.de\/blog\/yankee-candle-dufte\/festlich\/sugared-apple-duftbeschreibung\/","url":"https:\/\/www.candle-dream.de\/blog\/yankee-candle-dufte\/festlich\/sugared-apple-duftbeschreibung\/","name":"Sugared Apple Duftbeschreibung &#8211; Candle-Dream","isPartOf":{"@id":"https:\/\/www.candle-dream.de\/blog\/#website"},"primaryImageOfPage":{"@id":"https:\/\/www.candle-dream.de\/blog\/yankee-candle-dufte\/festlich\/sugared-apple-duftbeschreibung\/#primaryimage"},"image":{"@id":"https:\/\/www.candle-dream.de\/blog\/yankee-candle-dufte\/festlich\/sugared-apple-duftbeschreibung\/#primaryimage"},"thumbnailUrl":"https:\/\/www.candle-dream.de\/blog2\/wp-content\/uploads\/2015\/08\/YankeeCandle216-1.jpg","datePublished":"2015-08-23T14:40:06+00:00","breadcrumb":{"@id":"https:\/\/www.candle-dream.de\/blog\/yankee-candle-dufte\/festlich\/sugared-apple-duftbeschreibung\/#breadcrumb"},"inLanguage":"de","potentialAction":[{"@type":"ReadAction","target":["https:\/\/www.candle-dream.de\/blog\/yankee-candle-dufte\/festlich\/sugared-apple-duftbeschreibung\/"]}]},{"@type":"ImageObject","inLanguage":"de","@id":"https:\/\/www.candle-dream.de\/blog\/yankee-candle-dufte\/festlich\/sugared-apple-duftbeschreibung\/#primaryimage","url":"https:\/\/www.candle-dream.de\/blog2\/wp-content\/uploads\/2015\/08\/YankeeCandle216-1.jpg","contentUrl":"https:\/\/www.candle-dream.de\/blog2\/wp-content\/uploads\/2015\/08\/YankeeCandle216-1.jpg"},{"@type":"BreadcrumbList","@id":"https:\/\/www.candle-dream.de\/blog\/yankee-candle-dufte\/festlich\/sugared-apple-duftbeschreibung\/#breadcrumb","itemListElement":[{"@type":"ListItem","position":1,"name":"Yankee Candle D\u00fcfte","item":"https:\/\/www.candle-dream.de\/blog\/?page_id=3201"},{"@type":"ListItem","position":2,"name":"Festlich","item":"https:\/\/www.candle-dream.de\/blog\/yankee-candle-dufte\/festlich\/"},{"@type":"ListItem","position":3,"name":"Sugared Apple Duftbeschreibung"}]},{"@type":"WebSite","@id":"https:\/\/www.candle-dream.de\/blog\/#website","url":"https:\/\/www.candle-dream.de\/blog\/","name":"Candle Dream","description":"Kleine Lichter die f\u00fcr gro\u00dfe Stimmung sorgen","publisher":{"@id":"https:\/\/www.candle-dream.de\/blog\/#organization"},"potentialAction":[{"@type":"SearchAction","target":{"@type":"EntryPoint","urlTemplate":"https:\/\/www.candle-dream.de\/blog\/?s={search_term_string}"},"query-input":{"@type":"PropertyValueSpecification","valueRequired":true,"valueName":"search_term_string"}}],"inLanguage":"de"},{"@type":"Organization","@id":"https:\/\/www.candle-dream.de\/blog\/#organization","name":"Candle-Dream","url":"https:\/\/www.candle-dream.de\/blog\/","logo":{"@type":"ImageObject","inLanguage":"de","@id":"https:\/\/www.candle-dream.de\/blog\/#\/schema\/logo\/image\/","url":"https:\/\/www.candle-dream.de\/blog\/wp-content\/uploads\/2023\/11\/cropped-Candle-Dream-Logo-1.png","contentUrl":"https:\/\/www.candle-dream.de\/blog\/wp-content\/uploads\/2023\/11\/cropped-Candle-Dream-Logo-1.png","width":99,"height":111,"caption":"Candle-Dream"},"image":{"@id":"https:\/\/www.candle-dream.de\/blog\/#\/schema\/logo\/image\/"},"sameAs":["https:\/\/www.facebook.com\/Candles.Dream","https:\/\/x.com\/Candle_Dream","https:\/\/www.instagram.com\/candle_dream\/","https:\/\/www.pinterest.com\/candledream\/","https:\/\/www.youtube.com\/channel\/UCW65ub8oGznIqv_B0Mz8wSw"]}]}},"_links":{"self":[{"href":"https:\/\/www.candle-dream.de\/blog\/wp-json\/wp\/v2\/pages\/383","targetHints":{"allow":["GET"]}}],"collection":[{"href":"https:\/\/www.candle-dream.de\/blog\/wp-json\/wp\/v2\/pages"}],"about":[{"href":"https:\/\/www.candle-dream.de\/blog\/wp-json\/wp\/v2\/types\/page"}],"author":[{"embeddable":true,"href":"https:\/\/www.candle-dream.de\/blog\/wp-json\/wp\/v2\/users\/1"}],"replies":[{"embeddable":true,"href":"https:\/\/www.candle-dream.de\/blog\/wp-json\/wp\/v2\/comments?post=383"}],"version-history":[{"count":0,"href":"https:\/\/www.candle-dream.de\/blog\/wp-json\/wp\/v2\/pages\/383\/revisions"}],"up":[{"embeddable":true,"href":"https:\/\/www.candle-dream.de\/blog\/wp-json\/wp\/v2\/pages\/460"}],"wp:attachment":[{"href":"https:\/\/www.candle-dream.de\/blog\/wp-json\/wp\/v2\/media?parent=383"}],"curies":[{"name":"wp","href":"https:\/\/api.w.org\/{rel}","templated":true}]}}