{"id":387,"date":"2015-09-02T20:50:02","date_gmt":"2015-09-02T18:50:02","guid":{"rendered":"http:\/\/www.candle-dream.de\/blog\/?page_id=387"},"modified":"2015-09-02T20:50:02","modified_gmt":"2015-09-02T18:50:02","slug":"vanilla-bourbon-duftbeschreibung","status":"publish","type":"page","link":"https:\/\/www.candle-dream.de\/blog\/yankee-candle-dufte\/essen-und-gewuerze\/vanilla-bourbon-duftbeschreibung\/","title":{"rendered":"Vanilla Bourbon Duftbeschreibung"},"content":{"rendered":"<p>Yankee Candle Vanilla Bourbon Duftbeschreibung<br \/>\n&nbsp;<br \/>\n<span style=\"font-size: 12pt; color: #333333;\">Was gibt es besseres als ein w\u00e4rmendes Getr\u00e4nk in der kalten Jahreszeit? Nichts! Vanilla Bourbon verf\u00fchrt mit seinem warmen, umh\u00fcllenden Whiskey und Bourbon Geruch mit einer sahnigen Vanille Note welche dem Vanilla Bourbon seinen Namen verleiht.<\/span><br \/>\n&nbsp;<br \/>\n<span style=\"font-size: 12pt; color: #333333;\">Am st\u00e4rksten ist der angenehm weiche, warme Duft von Bourbon \/ Whiskey der von einer stark wahrzunehmenden Unternote Vanille. Es ist ein sahniger, winterlicher Duft.<\/span><img decoding=\"async\" class=\"alignright wp-image-675\" src=\"http:\/\/www.candle-dream.de\/blog\/wp-content\/uploads\/2015\/09\/SWEET-TREATS-STYLE-SHOT-768x1024.jpg\" alt=\"Vanilla Bourbon\" width=\"430\" height=\"573\" \/><\/p>\n<blockquote>\n<h2><span style=\"font-size: 14pt;\"><a href=\"https:\/\/www.candle-dream.de\/search?sSearch=vanilla+bourbon&amp;c=149\" target=\"_blank\">Mit einem Klick zur entsprechenden Shop-Seite von:\u00a0<strong>V<\/strong>anilla Bourbon<\/a><\/span><\/h2>\n<\/blockquote>\n<p><span style=\"color: #333333; font-size: 12pt;\">Mit den liebsten, schlendernd \u00fcber den Weihnachtsmarkt, wo man letztendlich einen Halt macht am Stand f\u00fcr hei\u00dfe Getr\u00e4nke, man bestellt einen Vanilla Bourbon der einen warm h\u00e4lt an diesem kalten Winterabend und auch ein wenig die Laune hebt. Hach, wer kann da denn widerstehen?<\/span><br \/>\n&nbsp;<br \/>\nYankee Candle bietet nicht nur authentische USA Duftkerzen mit zahlreichen Duftnuancen an, sondern diese Kerzen sind zudem nur aus erlesenen Zutaten hergestellt worden. Alle Zutaten, die bei der Herstellung der Yankee Candle verwendet werden, unterliegen strengen Richtlinien und st\u00e4ndigen Kontrollen. Schon beim Wachs wird h\u00f6chstes Augenmerk auf Qualit\u00e4t gelegt. Die weiche Wachsmischung wird aus hochwertigem Paraffin gewonnen, welches Mit Duftstoffen durchzogen wird. Da das Wachs mit Duftstoffen durchzogen und nicht nur \u00fcberzogen ist, geben die Kerzen von Yankee Candle das Aroma bis zur letzten Minute gleichbleibend an den Raum ab. Der Docht wird bei\u00a0<strong>Yankee Candle<\/strong> ebenfalls nicht au\u00dfer acht gelassen. Dieser besteht zu 100 Prozent aus Baumwolle wodurch sich weder Spuren von Blei noch von Zink darin finden lassen. Daher wird nur das pure Aroma an den Raum abgegeben und keinerlei Schadstoffe. Da der Docht zu 100 Prozent aus Baumwolle besteht, ist gew\u00e4hrleistet, dass die Kerze gleichm\u00e4\u00dfig abbrennt. Die synthetischen und \u00e4therischen \u00d6le geben nicht nur einen authentischen Duft ab, sondern sie unterliegen auch strengen Kontrollen. Die Aromen der Kerzen von <strong>Yankee Candle<\/strong> sind nicht nur in unmittelbarer Umgebung der Kerze zu riechen, sondern sie erf\u00fcllen den gesamten Raum mit einem zarten Aroma, das die Sinne belebt. Damit sich das Aroma vollst\u00e4ndig entfalten kann, sollten die Kerzen von Yankee Candle mindestens zwei bis drei Stunden durchgehend brennen.<br \/>\n&nbsp;<\/p>\n","protected":false},"excerpt":{"rendered":"<p>Yankee Candle Vanilla Bourbon Duftbeschreibung &nbsp; Was gibt es besseres als ein w\u00e4rmendes Getr\u00e4nk in der kalten Jahreszeit? Nichts! Vanilla Bourbon verf\u00fchrt mit seinem warmen, umh\u00fcllenden Whiskey und Bourbon Geruch mit einer sahnigen Vanille Note welche dem Vanilla Bourbon seinen&#8230;<\/p>\n","protected":false},"author":2,"featured_media":0,"parent":347,"menu_order":0,"comment_status":"closed","ping_status":"closed","template":"","meta":{"footnotes":""},"class_list":["post-387","page","type-page","status-publish","hentry"],"yoast_head":"<!-- This site is optimized with the Yoast SEO plugin v25.9 - https:\/\/yoast.com\/wordpress\/plugins\/seo\/ -->\n<title>Vanilla Bourbon Duftbeschreibung &#8211; Candle-Dream<\/title>\n<meta name=\"description\" content=\"Vanilla Bourbon Duftbeschreibung ...\u00a0Am st\u00e4rksten ist der angenehm weiche, warme Duft von Bourbon \/ Whiskey der von [...]\" \/>\n<meta name=\"robots\" content=\"index, follow, max-snippet:-1, max-image-preview:large, max-video-preview:-1\" \/>\n<link rel=\"canonical\" href=\"https:\/\/www.candle-dream.de\/blog\/yankee-candle-dufte\/essen-und-gewuerze\/vanilla-bourbon-duftbeschreibung\/\" \/>\n<meta property=\"og:locale\" content=\"de_DE\" \/>\n<meta property=\"og:type\" content=\"article\" \/>\n<meta property=\"og:title\" content=\"Vanilla Bourbon Duftbeschreibung &#8211; Candle-Dream\" \/>\n<meta property=\"og:description\" content=\"Vanilla Bourbon Duftbeschreibung ...\u00a0Am st\u00e4rksten ist der angenehm weiche, warme Duft von Bourbon \/ Whiskey der von [...]\" \/>\n<meta property=\"og:url\" content=\"https:\/\/www.candle-dream.de\/blog\/yankee-candle-dufte\/essen-und-gewuerze\/vanilla-bourbon-duftbeschreibung\/\" \/>\n<meta property=\"og:site_name\" content=\"Candle-Dream\" \/>\n<meta property=\"article:publisher\" content=\"https:\/\/www.facebook.com\/Candles.Dream\" \/>\n<meta property=\"og:image\" content=\"http:\/\/www.candle-dream.de\/blog\/wp-content\/uploads\/2015\/09\/SWEET-TREATS-STYLE-SHOT-768x1024.jpg\" \/>\n<meta name=\"twitter:card\" content=\"summary_large_image\" \/>\n<meta name=\"twitter:site\" content=\"@Candle_Dream\" \/>\n<meta name=\"twitter:label1\" content=\"Gesch\u00e4tzte Lesezeit\" \/>\n\t<meta name=\"twitter:data1\" content=\"2\u00a0Minuten\" \/>\n<script type=\"application\/ld+json\" class=\"yoast-schema-graph\">{\"@context\":\"https:\/\/schema.org\",\"@graph\":[{\"@type\":\"WebPage\",\"@id\":\"https:\/\/www.candle-dream.de\/blog\/yankee-candle-dufte\/essen-und-gewuerze\/vanilla-bourbon-duftbeschreibung\/\",\"url\":\"https:\/\/www.candle-dream.de\/blog\/yankee-candle-dufte\/essen-und-gewuerze\/vanilla-bourbon-duftbeschreibung\/\",\"name\":\"Vanilla Bourbon Duftbeschreibung &#8211; Candle-Dream\",\"isPartOf\":{\"@id\":\"https:\/\/www.candle-dream.de\/blog\/#website\"},\"primaryImageOfPage\":{\"@id\":\"https:\/\/www.candle-dream.de\/blog\/yankee-candle-dufte\/essen-und-gewuerze\/vanilla-bourbon-duftbeschreibung\/#primaryimage\"},\"image\":{\"@id\":\"https:\/\/www.candle-dream.de\/blog\/yankee-candle-dufte\/essen-und-gewuerze\/vanilla-bourbon-duftbeschreibung\/#primaryimage\"},\"thumbnailUrl\":\"http:\/\/www.candle-dream.de\/blog\/wp-content\/uploads\/2015\/09\/SWEET-TREATS-STYLE-SHOT-768x1024.jpg\",\"datePublished\":\"2015-09-02T18:50:02+00:00\",\"description\":\"Vanilla Bourbon Duftbeschreibung ...\u00a0Am st\u00e4rksten ist der angenehm weiche, warme Duft von Bourbon \/ Whiskey der von [...]\",\"breadcrumb\":{\"@id\":\"https:\/\/www.candle-dream.de\/blog\/yankee-candle-dufte\/essen-und-gewuerze\/vanilla-bourbon-duftbeschreibung\/#breadcrumb\"},\"inLanguage\":\"de\",\"potentialAction\":[{\"@type\":\"ReadAction\",\"target\":[\"https:\/\/www.candle-dream.de\/blog\/yankee-candle-dufte\/essen-und-gewuerze\/vanilla-bourbon-duftbeschreibung\/\"]}]},{\"@type\":\"ImageObject\",\"inLanguage\":\"de\",\"@id\":\"https:\/\/www.candle-dream.de\/blog\/yankee-candle-dufte\/essen-und-gewuerze\/vanilla-bourbon-duftbeschreibung\/#primaryimage\",\"url\":\"http:\/\/www.candle-dream.de\/blog\/wp-content\/uploads\/2015\/09\/SWEET-TREATS-STYLE-SHOT-768x1024.jpg\",\"contentUrl\":\"http:\/\/www.candle-dream.de\/blog\/wp-content\/uploads\/2015\/09\/SWEET-TREATS-STYLE-SHOT-768x1024.jpg\"},{\"@type\":\"BreadcrumbList\",\"@id\":\"https:\/\/www.candle-dream.de\/blog\/yankee-candle-dufte\/essen-und-gewuerze\/vanilla-bourbon-duftbeschreibung\/#breadcrumb\",\"itemListElement\":[{\"@type\":\"ListItem\",\"position\":1,\"name\":\"Yankee Candle D\u00fcfte\",\"item\":\"https:\/\/www.candle-dream.de\/blog\/?page_id=3201\"},{\"@type\":\"ListItem\",\"position\":2,\"name\":\"Essen und Gew\u00fcrze\",\"item\":\"https:\/\/www.candle-dream.de\/blog\/yankee-candle-dufte\/essen-und-gewuerze\/\"},{\"@type\":\"ListItem\",\"position\":3,\"name\":\"Vanilla Bourbon Duftbeschreibung\"}]},{\"@type\":\"WebSite\",\"@id\":\"https:\/\/www.candle-dream.de\/blog\/#website\",\"url\":\"https:\/\/www.candle-dream.de\/blog\/\",\"name\":\"Candle Dream\",\"description\":\"Kleine Lichter die f\u00fcr gro\u00dfe Stimmung sorgen\",\"publisher\":{\"@id\":\"https:\/\/www.candle-dream.de\/blog\/#organization\"},\"potentialAction\":[{\"@type\":\"SearchAction\",\"target\":{\"@type\":\"EntryPoint\",\"urlTemplate\":\"https:\/\/www.candle-dream.de\/blog\/?s={search_term_string}\"},\"query-input\":{\"@type\":\"PropertyValueSpecification\",\"valueRequired\":true,\"valueName\":\"search_term_string\"}}],\"inLanguage\":\"de\"},{\"@type\":\"Organization\",\"@id\":\"https:\/\/www.candle-dream.de\/blog\/#organization\",\"name\":\"Candle-Dream\",\"url\":\"https:\/\/www.candle-dream.de\/blog\/\",\"logo\":{\"@type\":\"ImageObject\",\"inLanguage\":\"de\",\"@id\":\"https:\/\/www.candle-dream.de\/blog\/#\/schema\/logo\/image\/\",\"url\":\"https:\/\/www.candle-dream.de\/blog\/wp-content\/uploads\/2023\/11\/cropped-Candle-Dream-Logo-1.png\",\"contentUrl\":\"https:\/\/www.candle-dream.de\/blog\/wp-content\/uploads\/2023\/11\/cropped-Candle-Dream-Logo-1.png\",\"width\":99,\"height\":111,\"caption\":\"Candle-Dream\"},\"image\":{\"@id\":\"https:\/\/www.candle-dream.de\/blog\/#\/schema\/logo\/image\/\"},\"sameAs\":[\"https:\/\/www.facebook.com\/Candles.Dream\",\"https:\/\/x.com\/Candle_Dream\",\"https:\/\/www.instagram.com\/candle_dream\/\",\"https:\/\/www.pinterest.com\/candledream\/\",\"https:\/\/www.youtube.com\/channel\/UCW65ub8oGznIqv_B0Mz8wSw\"]}]}<\/script>\n<!-- \/ Yoast SEO plugin. -->","yoast_head_json":{"title":"Vanilla Bourbon Duftbeschreibung &#8211; Candle-Dream","description":"Vanilla Bourbon Duftbeschreibung ...\u00a0Am st\u00e4rksten ist der angenehm weiche, warme Duft von Bourbon \/ Whiskey der von [...]","robots":{"index":"index","follow":"follow","max-snippet":"max-snippet:-1","max-image-preview":"max-image-preview:large","max-video-preview":"max-video-preview:-1"},"canonical":"https:\/\/www.candle-dream.de\/blog\/yankee-candle-dufte\/essen-und-gewuerze\/vanilla-bourbon-duftbeschreibung\/","og_locale":"de_DE","og_type":"article","og_title":"Vanilla Bourbon Duftbeschreibung &#8211; Candle-Dream","og_description":"Vanilla Bourbon Duftbeschreibung ...\u00a0Am st\u00e4rksten ist der angenehm weiche, warme Duft von Bourbon \/ Whiskey der von [...]","og_url":"https:\/\/www.candle-dream.de\/blog\/yankee-candle-dufte\/essen-und-gewuerze\/vanilla-bourbon-duftbeschreibung\/","og_site_name":"Candle-Dream","article_publisher":"https:\/\/www.facebook.com\/Candles.Dream","og_image":[{"url":"http:\/\/www.candle-dream.de\/blog\/wp-content\/uploads\/2015\/09\/SWEET-TREATS-STYLE-SHOT-768x1024.jpg","type":"","width":"","height":""}],"twitter_card":"summary_large_image","twitter_site":"@Candle_Dream","twitter_misc":{"Gesch\u00e4tzte Lesezeit":"2\u00a0Minuten"},"schema":{"@context":"https:\/\/schema.org","@graph":[{"@type":"WebPage","@id":"https:\/\/www.candle-dream.de\/blog\/yankee-candle-dufte\/essen-und-gewuerze\/vanilla-bourbon-duftbeschreibung\/","url":"https:\/\/www.candle-dream.de\/blog\/yankee-candle-dufte\/essen-und-gewuerze\/vanilla-bourbon-duftbeschreibung\/","name":"Vanilla Bourbon Duftbeschreibung &#8211; Candle-Dream","isPartOf":{"@id":"https:\/\/www.candle-dream.de\/blog\/#website"},"primaryImageOfPage":{"@id":"https:\/\/www.candle-dream.de\/blog\/yankee-candle-dufte\/essen-und-gewuerze\/vanilla-bourbon-duftbeschreibung\/#primaryimage"},"image":{"@id":"https:\/\/www.candle-dream.de\/blog\/yankee-candle-dufte\/essen-und-gewuerze\/vanilla-bourbon-duftbeschreibung\/#primaryimage"},"thumbnailUrl":"http:\/\/www.candle-dream.de\/blog\/wp-content\/uploads\/2015\/09\/SWEET-TREATS-STYLE-SHOT-768x1024.jpg","datePublished":"2015-09-02T18:50:02+00:00","description":"Vanilla Bourbon Duftbeschreibung ...\u00a0Am st\u00e4rksten ist der angenehm weiche, warme Duft von Bourbon \/ Whiskey der von [...]","breadcrumb":{"@id":"https:\/\/www.candle-dream.de\/blog\/yankee-candle-dufte\/essen-und-gewuerze\/vanilla-bourbon-duftbeschreibung\/#breadcrumb"},"inLanguage":"de","potentialAction":[{"@type":"ReadAction","target":["https:\/\/www.candle-dream.de\/blog\/yankee-candle-dufte\/essen-und-gewuerze\/vanilla-bourbon-duftbeschreibung\/"]}]},{"@type":"ImageObject","inLanguage":"de","@id":"https:\/\/www.candle-dream.de\/blog\/yankee-candle-dufte\/essen-und-gewuerze\/vanilla-bourbon-duftbeschreibung\/#primaryimage","url":"http:\/\/www.candle-dream.de\/blog\/wp-content\/uploads\/2015\/09\/SWEET-TREATS-STYLE-SHOT-768x1024.jpg","contentUrl":"http:\/\/www.candle-dream.de\/blog\/wp-content\/uploads\/2015\/09\/SWEET-TREATS-STYLE-SHOT-768x1024.jpg"},{"@type":"BreadcrumbList","@id":"https:\/\/www.candle-dream.de\/blog\/yankee-candle-dufte\/essen-und-gewuerze\/vanilla-bourbon-duftbeschreibung\/#breadcrumb","itemListElement":[{"@type":"ListItem","position":1,"name":"Yankee Candle D\u00fcfte","item":"https:\/\/www.candle-dream.de\/blog\/?page_id=3201"},{"@type":"ListItem","position":2,"name":"Essen und Gew\u00fcrze","item":"https:\/\/www.candle-dream.de\/blog\/yankee-candle-dufte\/essen-und-gewuerze\/"},{"@type":"ListItem","position":3,"name":"Vanilla Bourbon Duftbeschreibung"}]},{"@type":"WebSite","@id":"https:\/\/www.candle-dream.de\/blog\/#website","url":"https:\/\/www.candle-dream.de\/blog\/","name":"Candle Dream","description":"Kleine Lichter die f\u00fcr gro\u00dfe Stimmung sorgen","publisher":{"@id":"https:\/\/www.candle-dream.de\/blog\/#organization"},"potentialAction":[{"@type":"SearchAction","target":{"@type":"EntryPoint","urlTemplate":"https:\/\/www.candle-dream.de\/blog\/?s={search_term_string}"},"query-input":{"@type":"PropertyValueSpecification","valueRequired":true,"valueName":"search_term_string"}}],"inLanguage":"de"},{"@type":"Organization","@id":"https:\/\/www.candle-dream.de\/blog\/#organization","name":"Candle-Dream","url":"https:\/\/www.candle-dream.de\/blog\/","logo":{"@type":"ImageObject","inLanguage":"de","@id":"https:\/\/www.candle-dream.de\/blog\/#\/schema\/logo\/image\/","url":"https:\/\/www.candle-dream.de\/blog\/wp-content\/uploads\/2023\/11\/cropped-Candle-Dream-Logo-1.png","contentUrl":"https:\/\/www.candle-dream.de\/blog\/wp-content\/uploads\/2023\/11\/cropped-Candle-Dream-Logo-1.png","width":99,"height":111,"caption":"Candle-Dream"},"image":{"@id":"https:\/\/www.candle-dream.de\/blog\/#\/schema\/logo\/image\/"},"sameAs":["https:\/\/www.facebook.com\/Candles.Dream","https:\/\/x.com\/Candle_Dream","https:\/\/www.instagram.com\/candle_dream\/","https:\/\/www.pinterest.com\/candledream\/","https:\/\/www.youtube.com\/channel\/UCW65ub8oGznIqv_B0Mz8wSw"]}]}},"_links":{"self":[{"href":"https:\/\/www.candle-dream.de\/blog\/wp-json\/wp\/v2\/pages\/387","targetHints":{"allow":["GET"]}}],"collection":[{"href":"https:\/\/www.candle-dream.de\/blog\/wp-json\/wp\/v2\/pages"}],"about":[{"href":"https:\/\/www.candle-dream.de\/blog\/wp-json\/wp\/v2\/types\/page"}],"author":[{"embeddable":true,"href":"https:\/\/www.candle-dream.de\/blog\/wp-json\/wp\/v2\/users\/2"}],"replies":[{"embeddable":true,"href":"https:\/\/www.candle-dream.de\/blog\/wp-json\/wp\/v2\/comments?post=387"}],"version-history":[{"count":0,"href":"https:\/\/www.candle-dream.de\/blog\/wp-json\/wp\/v2\/pages\/387\/revisions"}],"up":[{"embeddable":true,"href":"https:\/\/www.candle-dream.de\/blog\/wp-json\/wp\/v2\/pages\/347"}],"wp:attachment":[{"href":"https:\/\/www.candle-dream.de\/blog\/wp-json\/wp\/v2\/media?parent=387"}],"curies":[{"name":"wp","href":"https:\/\/api.w.org\/{rel}","templated":true}]}}