{"id":538,"date":"2015-09-02T20:35:14","date_gmt":"2015-09-02T18:35:14","guid":{"rendered":"http:\/\/www.candle-dream.de\/blog\/?page_id=538"},"modified":"2015-09-02T20:35:14","modified_gmt":"2015-09-02T18:35:14","slug":"ginger-bread-maple-duftbeschreibung","status":"publish","type":"page","link":"https:\/\/www.candle-dream.de\/blog\/yankee-candle-dufte\/essen-und-gewuerze\/ginger-bread-maple-duftbeschreibung\/","title":{"rendered":"Ginger Bread Maple Duftbeschreibung"},"content":{"rendered":"<p><span style=\"color: #333333;\"><span style=\"font-size: 12pt;\">Yankee Candle Ginger Bread Maple Duftbeschreibung<br \/>\nWie riecht wohl der Lebkuchenmann aus Shrek? Ich denke, genau so wird er riechen. Der unverkennbare Geruch von Lebkuchen welcher sich zusammensetzt aus der W\u00fcrze von Kardamom, Koreander, Muskatnuss, Nelken und einem bestimmendem Hauch Zimt, abgerundet durch Ahornsirup!\u00a0<\/span><a style=\"color: #333333;\" href=\"https:\/\/www.candle-dream.de\/yankee-candle\/limited-editions\/sweet-treats\/\"><img decoding=\"async\" class=\"alignright wp-image-675\" src=\"http:\/\/www.candle-dream.de\/blog\/wp-content\/uploads\/2015\/09\/SWEET-TREATS-STYLE-SHOT-768x1024.jpg\" alt=\"Ginger Bread Maple\" width=\"430\" height=\"573\" \/><\/a><\/span><br \/>\n&nbsp;<br \/>\n<span style=\"font-size: 12pt; color: #333333;\">Am st\u00e4rksten heraus zu riechen ist die W\u00fcrze zusammen mit dem Zimt, es ist ein angenehmer, fast Weihnachtlicher Duft mit der Unternote von Ahornsirup welche jedoch nicht zu verkennen ist. Einzelne Gew\u00fcrze stechen f\u00fcr mich nicht explizit hervor, es ergibt sich eine angenehme Gesamtnote. Ginger Bread Maple ist ein recht intensiver, w\u00fcrziger Duft!<\/span><\/p>\n<blockquote>\n<h2><span style=\"font-size: 14pt;\"><a href=\"https:\/\/www.candle-dream.de\/search?sSearch=gingerbread+maple&amp;c=25\">Mit einem Klick zur entsprechenden Shop-Seite von:\u00a0<b>Ginger Bread Maple<\/b><\/a><\/span><\/h2>\n<\/blockquote>\n<p><span style=\"font-size: 12pt; color: #333333;\">Frisch gebackene Lebkuchen im Winter, die K\u00fcche ist gef\u00fcllt von der herrliche W\u00fcrze und der angenehmen S\u00fc\u00dfe die Lebkuchen von sich geben. Jetzt schnell ab ins Wohnzimmer, unter eine Kuscheldecke zusammen mit einer hei\u00dfen Schokolade und frischen Lebkuchen, was ein gelungenes Zusammenspiel!<\/span><br \/>\nYankee Candle bietet nicht nur authentische USA Duftkerzen mit zahlreichen Duftnuancen an, sondern diese Kerzen sind zudem nur aus erlesenen Zutaten hergestellt worden. Alle Zutaten, die bei der Herstellung der Yankee Candle verwendet werden, unterliegen strengen Richtlinien und st\u00e4ndigen Kontrollen. Schon beim Wachs wird h\u00f6chstes Augenmerk auf Qualit\u00e4t gelegt. Die weiche Wachsmischung wird aus hochwertigem Paraffin gewonnen, welches Mit Duftstoffen durchzogen wird. Da das Wachs mit Duftstoffen durchzogen und nicht nur \u00fcberzogen ist, geben die Kerzen von Yankee Candle das Aroma bis zur letzten Minute gleichbleibend an den Raum ab. Der Docht wird bei\u00a0<strong>Yankee Candle<\/strong> ebenfalls nicht au\u00dfer acht gelassen. Dieser besteht zu 100 Prozent aus Baumwolle wodurch sich weder Spuren von Blei noch von Zink darin finden lassen. Daher wird nur das pure Aroma an den Raum abgegeben und keinerlei Schadstoffe. Da der Docht zu 100 Prozent aus Baumwolle besteht, ist gew\u00e4hrleistet, dass die Kerze gleichm\u00e4\u00dfig abbrennt. Die synthetischen und \u00e4therischen \u00d6le geben nicht nur einen authentischen Duft ab, sondern sie unterliegen auch strengen Kontrollen. Die Aromen der Kerzen von <strong>Yankee Candle<\/strong> sind nicht nur in unmittelbarer Umgebung der Kerze zu riechen, sondern sie erf\u00fcllen den gesamten Raum mit einem zarten Aroma, das die Sinne belebt. Damit sich das Aroma vollst\u00e4ndig entfalten kann, sollten die Kerzen von Yankee Candle mindestens zwei bis drei Stunden durchgehend brennen.<br \/>\n&nbsp;<\/p>\n","protected":false},"excerpt":{"rendered":"<p>Yankee Candle Ginger Bread Maple Duftbeschreibung Wie riecht wohl der Lebkuchenmann aus Shrek? Ich denke, genau so wird er riechen. Der unverkennbare Geruch von Lebkuchen welcher sich zusammensetzt aus der W\u00fcrze von Kardamom, Koreander, Muskatnuss, Nelken und einem bestimmendem Hauch&#8230;<\/p>\n","protected":false},"author":2,"featured_media":0,"parent":347,"menu_order":0,"comment_status":"closed","ping_status":"closed","template":"","meta":{"footnotes":""},"class_list":["post-538","page","type-page","status-publish","hentry"],"yoast_head":"<!-- This site is optimized with the Yoast SEO plugin v25.9 - https:\/\/yoast.com\/wordpress\/plugins\/seo\/ -->\n<title>Ginger Bread Maple Duftbeschreibung &#8211; Candle-Dream<\/title>\n<meta name=\"description\" content=\"Ginger Bread Maple Duftbeschreibung ... Am st\u00e4rksten heraus zu riechen ist die W\u00fcrze zusammen mit dem Zimt, es ist ein angenehmer ja fast [...]\" \/>\n<meta name=\"robots\" content=\"index, follow, max-snippet:-1, max-image-preview:large, max-video-preview:-1\" \/>\n<link rel=\"canonical\" href=\"https:\/\/www.candle-dream.de\/blog\/yankee-candle-dufte\/essen-und-gewuerze\/ginger-bread-maple-duftbeschreibung\/\" \/>\n<meta property=\"og:locale\" content=\"de_DE\" \/>\n<meta property=\"og:type\" content=\"article\" \/>\n<meta property=\"og:title\" content=\"Ginger Bread Maple Duftbeschreibung &#8211; Candle-Dream\" \/>\n<meta property=\"og:description\" content=\"Ginger Bread Maple Duftbeschreibung ... Am st\u00e4rksten heraus zu riechen ist die W\u00fcrze zusammen mit dem Zimt, es ist ein angenehmer ja fast [...]\" \/>\n<meta property=\"og:url\" content=\"https:\/\/www.candle-dream.de\/blog\/yankee-candle-dufte\/essen-und-gewuerze\/ginger-bread-maple-duftbeschreibung\/\" \/>\n<meta property=\"og:site_name\" content=\"Candle-Dream\" \/>\n<meta property=\"article:publisher\" content=\"https:\/\/www.facebook.com\/Candles.Dream\" \/>\n<meta property=\"og:image\" content=\"http:\/\/www.candle-dream.de\/blog\/wp-content\/uploads\/2015\/09\/SWEET-TREATS-STYLE-SHOT-768x1024.jpg\" \/>\n<meta name=\"twitter:card\" content=\"summary_large_image\" \/>\n<meta name=\"twitter:site\" content=\"@Candle_Dream\" \/>\n<meta name=\"twitter:label1\" content=\"Gesch\u00e4tzte Lesezeit\" \/>\n\t<meta name=\"twitter:data1\" content=\"2\u00a0Minuten\" \/>\n<script type=\"application\/ld+json\" class=\"yoast-schema-graph\">{\"@context\":\"https:\/\/schema.org\",\"@graph\":[{\"@type\":\"WebPage\",\"@id\":\"https:\/\/www.candle-dream.de\/blog\/yankee-candle-dufte\/essen-und-gewuerze\/ginger-bread-maple-duftbeschreibung\/\",\"url\":\"https:\/\/www.candle-dream.de\/blog\/yankee-candle-dufte\/essen-und-gewuerze\/ginger-bread-maple-duftbeschreibung\/\",\"name\":\"Ginger Bread Maple Duftbeschreibung &#8211; Candle-Dream\",\"isPartOf\":{\"@id\":\"https:\/\/www.candle-dream.de\/blog\/#website\"},\"primaryImageOfPage\":{\"@id\":\"https:\/\/www.candle-dream.de\/blog\/yankee-candle-dufte\/essen-und-gewuerze\/ginger-bread-maple-duftbeschreibung\/#primaryimage\"},\"image\":{\"@id\":\"https:\/\/www.candle-dream.de\/blog\/yankee-candle-dufte\/essen-und-gewuerze\/ginger-bread-maple-duftbeschreibung\/#primaryimage\"},\"thumbnailUrl\":\"http:\/\/www.candle-dream.de\/blog\/wp-content\/uploads\/2015\/09\/SWEET-TREATS-STYLE-SHOT-768x1024.jpg\",\"datePublished\":\"2015-09-02T18:35:14+00:00\",\"description\":\"Ginger Bread Maple Duftbeschreibung ... Am st\u00e4rksten heraus zu riechen ist die W\u00fcrze zusammen mit dem Zimt, es ist ein angenehmer ja fast [...]\",\"breadcrumb\":{\"@id\":\"https:\/\/www.candle-dream.de\/blog\/yankee-candle-dufte\/essen-und-gewuerze\/ginger-bread-maple-duftbeschreibung\/#breadcrumb\"},\"inLanguage\":\"de\",\"potentialAction\":[{\"@type\":\"ReadAction\",\"target\":[\"https:\/\/www.candle-dream.de\/blog\/yankee-candle-dufte\/essen-und-gewuerze\/ginger-bread-maple-duftbeschreibung\/\"]}]},{\"@type\":\"ImageObject\",\"inLanguage\":\"de\",\"@id\":\"https:\/\/www.candle-dream.de\/blog\/yankee-candle-dufte\/essen-und-gewuerze\/ginger-bread-maple-duftbeschreibung\/#primaryimage\",\"url\":\"http:\/\/www.candle-dream.de\/blog\/wp-content\/uploads\/2015\/09\/SWEET-TREATS-STYLE-SHOT-768x1024.jpg\",\"contentUrl\":\"http:\/\/www.candle-dream.de\/blog\/wp-content\/uploads\/2015\/09\/SWEET-TREATS-STYLE-SHOT-768x1024.jpg\"},{\"@type\":\"BreadcrumbList\",\"@id\":\"https:\/\/www.candle-dream.de\/blog\/yankee-candle-dufte\/essen-und-gewuerze\/ginger-bread-maple-duftbeschreibung\/#breadcrumb\",\"itemListElement\":[{\"@type\":\"ListItem\",\"position\":1,\"name\":\"Yankee Candle D\u00fcfte\",\"item\":\"https:\/\/www.candle-dream.de\/blog\/?page_id=3201\"},{\"@type\":\"ListItem\",\"position\":2,\"name\":\"Essen und Gew\u00fcrze\",\"item\":\"https:\/\/www.candle-dream.de\/blog\/yankee-candle-dufte\/essen-und-gewuerze\/\"},{\"@type\":\"ListItem\",\"position\":3,\"name\":\"Ginger Bread Maple Duftbeschreibung\"}]},{\"@type\":\"WebSite\",\"@id\":\"https:\/\/www.candle-dream.de\/blog\/#website\",\"url\":\"https:\/\/www.candle-dream.de\/blog\/\",\"name\":\"Candle Dream\",\"description\":\"Kleine Lichter die f\u00fcr gro\u00dfe Stimmung sorgen\",\"publisher\":{\"@id\":\"https:\/\/www.candle-dream.de\/blog\/#organization\"},\"potentialAction\":[{\"@type\":\"SearchAction\",\"target\":{\"@type\":\"EntryPoint\",\"urlTemplate\":\"https:\/\/www.candle-dream.de\/blog\/?s={search_term_string}\"},\"query-input\":{\"@type\":\"PropertyValueSpecification\",\"valueRequired\":true,\"valueName\":\"search_term_string\"}}],\"inLanguage\":\"de\"},{\"@type\":\"Organization\",\"@id\":\"https:\/\/www.candle-dream.de\/blog\/#organization\",\"name\":\"Candle-Dream\",\"url\":\"https:\/\/www.candle-dream.de\/blog\/\",\"logo\":{\"@type\":\"ImageObject\",\"inLanguage\":\"de\",\"@id\":\"https:\/\/www.candle-dream.de\/blog\/#\/schema\/logo\/image\/\",\"url\":\"https:\/\/www.candle-dream.de\/blog\/wp-content\/uploads\/2023\/11\/cropped-Candle-Dream-Logo-1.png\",\"contentUrl\":\"https:\/\/www.candle-dream.de\/blog\/wp-content\/uploads\/2023\/11\/cropped-Candle-Dream-Logo-1.png\",\"width\":99,\"height\":111,\"caption\":\"Candle-Dream\"},\"image\":{\"@id\":\"https:\/\/www.candle-dream.de\/blog\/#\/schema\/logo\/image\/\"},\"sameAs\":[\"https:\/\/www.facebook.com\/Candles.Dream\",\"https:\/\/x.com\/Candle_Dream\",\"https:\/\/www.instagram.com\/candle_dream\/\",\"https:\/\/www.pinterest.com\/candledream\/\",\"https:\/\/www.youtube.com\/channel\/UCW65ub8oGznIqv_B0Mz8wSw\"]}]}<\/script>\n<!-- \/ Yoast SEO plugin. -->","yoast_head_json":{"title":"Ginger Bread Maple Duftbeschreibung &#8211; Candle-Dream","description":"Ginger Bread Maple Duftbeschreibung ... Am st\u00e4rksten heraus zu riechen ist die W\u00fcrze zusammen mit dem Zimt, es ist ein angenehmer ja fast [...]","robots":{"index":"index","follow":"follow","max-snippet":"max-snippet:-1","max-image-preview":"max-image-preview:large","max-video-preview":"max-video-preview:-1"},"canonical":"https:\/\/www.candle-dream.de\/blog\/yankee-candle-dufte\/essen-und-gewuerze\/ginger-bread-maple-duftbeschreibung\/","og_locale":"de_DE","og_type":"article","og_title":"Ginger Bread Maple Duftbeschreibung &#8211; Candle-Dream","og_description":"Ginger Bread Maple Duftbeschreibung ... Am st\u00e4rksten heraus zu riechen ist die W\u00fcrze zusammen mit dem Zimt, es ist ein angenehmer ja fast [...]","og_url":"https:\/\/www.candle-dream.de\/blog\/yankee-candle-dufte\/essen-und-gewuerze\/ginger-bread-maple-duftbeschreibung\/","og_site_name":"Candle-Dream","article_publisher":"https:\/\/www.facebook.com\/Candles.Dream","og_image":[{"url":"http:\/\/www.candle-dream.de\/blog\/wp-content\/uploads\/2015\/09\/SWEET-TREATS-STYLE-SHOT-768x1024.jpg","type":"","width":"","height":""}],"twitter_card":"summary_large_image","twitter_site":"@Candle_Dream","twitter_misc":{"Gesch\u00e4tzte Lesezeit":"2\u00a0Minuten"},"schema":{"@context":"https:\/\/schema.org","@graph":[{"@type":"WebPage","@id":"https:\/\/www.candle-dream.de\/blog\/yankee-candle-dufte\/essen-und-gewuerze\/ginger-bread-maple-duftbeschreibung\/","url":"https:\/\/www.candle-dream.de\/blog\/yankee-candle-dufte\/essen-und-gewuerze\/ginger-bread-maple-duftbeschreibung\/","name":"Ginger Bread Maple Duftbeschreibung &#8211; Candle-Dream","isPartOf":{"@id":"https:\/\/www.candle-dream.de\/blog\/#website"},"primaryImageOfPage":{"@id":"https:\/\/www.candle-dream.de\/blog\/yankee-candle-dufte\/essen-und-gewuerze\/ginger-bread-maple-duftbeschreibung\/#primaryimage"},"image":{"@id":"https:\/\/www.candle-dream.de\/blog\/yankee-candle-dufte\/essen-und-gewuerze\/ginger-bread-maple-duftbeschreibung\/#primaryimage"},"thumbnailUrl":"http:\/\/www.candle-dream.de\/blog\/wp-content\/uploads\/2015\/09\/SWEET-TREATS-STYLE-SHOT-768x1024.jpg","datePublished":"2015-09-02T18:35:14+00:00","description":"Ginger Bread Maple Duftbeschreibung ... Am st\u00e4rksten heraus zu riechen ist die W\u00fcrze zusammen mit dem Zimt, es ist ein angenehmer ja fast [...]","breadcrumb":{"@id":"https:\/\/www.candle-dream.de\/blog\/yankee-candle-dufte\/essen-und-gewuerze\/ginger-bread-maple-duftbeschreibung\/#breadcrumb"},"inLanguage":"de","potentialAction":[{"@type":"ReadAction","target":["https:\/\/www.candle-dream.de\/blog\/yankee-candle-dufte\/essen-und-gewuerze\/ginger-bread-maple-duftbeschreibung\/"]}]},{"@type":"ImageObject","inLanguage":"de","@id":"https:\/\/www.candle-dream.de\/blog\/yankee-candle-dufte\/essen-und-gewuerze\/ginger-bread-maple-duftbeschreibung\/#primaryimage","url":"http:\/\/www.candle-dream.de\/blog\/wp-content\/uploads\/2015\/09\/SWEET-TREATS-STYLE-SHOT-768x1024.jpg","contentUrl":"http:\/\/www.candle-dream.de\/blog\/wp-content\/uploads\/2015\/09\/SWEET-TREATS-STYLE-SHOT-768x1024.jpg"},{"@type":"BreadcrumbList","@id":"https:\/\/www.candle-dream.de\/blog\/yankee-candle-dufte\/essen-und-gewuerze\/ginger-bread-maple-duftbeschreibung\/#breadcrumb","itemListElement":[{"@type":"ListItem","position":1,"name":"Yankee Candle D\u00fcfte","item":"https:\/\/www.candle-dream.de\/blog\/?page_id=3201"},{"@type":"ListItem","position":2,"name":"Essen und Gew\u00fcrze","item":"https:\/\/www.candle-dream.de\/blog\/yankee-candle-dufte\/essen-und-gewuerze\/"},{"@type":"ListItem","position":3,"name":"Ginger Bread Maple Duftbeschreibung"}]},{"@type":"WebSite","@id":"https:\/\/www.candle-dream.de\/blog\/#website","url":"https:\/\/www.candle-dream.de\/blog\/","name":"Candle Dream","description":"Kleine Lichter die f\u00fcr gro\u00dfe Stimmung sorgen","publisher":{"@id":"https:\/\/www.candle-dream.de\/blog\/#organization"},"potentialAction":[{"@type":"SearchAction","target":{"@type":"EntryPoint","urlTemplate":"https:\/\/www.candle-dream.de\/blog\/?s={search_term_string}"},"query-input":{"@type":"PropertyValueSpecification","valueRequired":true,"valueName":"search_term_string"}}],"inLanguage":"de"},{"@type":"Organization","@id":"https:\/\/www.candle-dream.de\/blog\/#organization","name":"Candle-Dream","url":"https:\/\/www.candle-dream.de\/blog\/","logo":{"@type":"ImageObject","inLanguage":"de","@id":"https:\/\/www.candle-dream.de\/blog\/#\/schema\/logo\/image\/","url":"https:\/\/www.candle-dream.de\/blog\/wp-content\/uploads\/2023\/11\/cropped-Candle-Dream-Logo-1.png","contentUrl":"https:\/\/www.candle-dream.de\/blog\/wp-content\/uploads\/2023\/11\/cropped-Candle-Dream-Logo-1.png","width":99,"height":111,"caption":"Candle-Dream"},"image":{"@id":"https:\/\/www.candle-dream.de\/blog\/#\/schema\/logo\/image\/"},"sameAs":["https:\/\/www.facebook.com\/Candles.Dream","https:\/\/x.com\/Candle_Dream","https:\/\/www.instagram.com\/candle_dream\/","https:\/\/www.pinterest.com\/candledream\/","https:\/\/www.youtube.com\/channel\/UCW65ub8oGznIqv_B0Mz8wSw"]}]}},"_links":{"self":[{"href":"https:\/\/www.candle-dream.de\/blog\/wp-json\/wp\/v2\/pages\/538","targetHints":{"allow":["GET"]}}],"collection":[{"href":"https:\/\/www.candle-dream.de\/blog\/wp-json\/wp\/v2\/pages"}],"about":[{"href":"https:\/\/www.candle-dream.de\/blog\/wp-json\/wp\/v2\/types\/page"}],"author":[{"embeddable":true,"href":"https:\/\/www.candle-dream.de\/blog\/wp-json\/wp\/v2\/users\/2"}],"replies":[{"embeddable":true,"href":"https:\/\/www.candle-dream.de\/blog\/wp-json\/wp\/v2\/comments?post=538"}],"version-history":[{"count":0,"href":"https:\/\/www.candle-dream.de\/blog\/wp-json\/wp\/v2\/pages\/538\/revisions"}],"up":[{"embeddable":true,"href":"https:\/\/www.candle-dream.de\/blog\/wp-json\/wp\/v2\/pages\/347"}],"wp:attachment":[{"href":"https:\/\/www.candle-dream.de\/blog\/wp-json\/wp\/v2\/media?parent=538"}],"curies":[{"name":"wp","href":"https:\/\/api.w.org\/{rel}","templated":true}]}}