{"id":711,"date":"2015-12-06T21:12:00","date_gmt":"2015-12-06T19:12:00","guid":{"rendered":"http:\/\/www.candle-dream.de\/blog\/?page_id=711"},"modified":"2015-12-06T21:12:00","modified_gmt":"2015-12-06T19:12:00","slug":"bundle-up-duftbeschreibung","status":"publish","type":"page","link":"https:\/\/www.candle-dream.de\/blog\/yankee-candle-dufte\/festlich\/bundle-up-duftbeschreibung\/","title":{"rendered":"Bundle Up Duftbeschreibung"},"content":{"rendered":"<p><span style=\"color: #333333; font-size: 12pt;\">Bundle Up Duftbeschreibung &#8211; \u00a0frisch gefallener Schnee, Wald, Spa\u00df, Freude, K\u00e4lte. So sieht ein spa\u00dfiger Tag im Wald aus im Winter. Schlitten fahrend die Abh\u00e4nge herunter, begleitet von der eisig kalten, frischen Winterluft und dem unverkennbarem Tannenduft.<\/span><br \/>\n<img decoding=\"async\" class=\" wp-image-715 alignright\" src=\"http:\/\/www.candle-dream.de\/blog\/wp-content\/uploads\/2015\/10\/BABY-ITS-FUN-OUTSIDE-COSY-INSIDE-STYLE-ENVIRONMENT-Kopie-225x300.jpg\" alt=\"BABY ITS FUN OUTSIDE COSY INSIDE STYLE ENVIRONMENT - Kopie\" width=\"256\" height=\"341\" \/><br \/>\n<span style=\"color: #333333; font-size: 12pt;\">Bundle Up riecht vor allem nach frischer Winterluft, Schnee. Ein Hauch von Moschus und Zitrone ist unverkennbar zu bemerken. Ein etwas schwererer Winterduft, welcher Freunde von Fresh-D\u00fcften bestimmt gefallen wird. Der Duft ist angenehm in der Luft und verteilt sich langsam, aber sicher im ganzen Zimmer bis man das Gef\u00fchl hat selbst im Wald zu sitzen, insgesamt jedoch dezenter als Beispielsweise ein Zimt oder gew\u00fcrzhaltiger Winterduft.<\/span><br \/>\n&nbsp;<br \/>\n<span style=\"color: #333333; font-size: 12pt;\">Kinder, zieht euch an, wir gehen schlitten fahren!<\/span><br \/>\n<span style=\"color: #333333; font-size: 12pt;\">&#8211; Wer hat einen solchen Satz nicht schon mal ausgesprochen oder geh\u00f6rt? Und wie sehr freuen sich Kinder dar\u00fcber endlich wieder Schlitten fahren zu k\u00f6nnen und im Schnee zu toben? Genau das vermittelt Bundle Up, ganz nach dem Motto &#8222;Baby, it&#8217;s fun outside and Cozy Inside&#8220; aus der Winterduftreihe 2015. Bundle Up vermittelt die Natur im Winter &#8211; alles riecht, jedoch ganz anders wie im Sommer, die Tannen stechen hervor, zusammen mit dem Duft von Schnee. Eisige Luft weht einem um die Nase.<\/span><\/p>\n<h2><\/h2>\n<blockquote>\n<h2 style=\"text-align: left;\"><span style=\"font-size: 18pt; color: #800080;\"><a href=\"https:\/\/www.candle-dream.de\/search?sSearch=Bundle+Up&amp;c=10\" target=\"_blank\">Bundle Up jetzt kaufen<\/a><\/span><\/h2>\n<\/blockquote>\n<p style=\"text-align: left;\"><span style=\"font-size: 10pt;\">Yankee Candle bietet nicht nur authentische USA Duftkerzen mit zahlreichen Duftnuancen an, sondern diese Kerzen sind zudem nur aus erlesenen Zutaten hergestellt worden. Alle Zutaten, die bei der Herstellung der Yankee Candle verwendet werden, unterliegen strengen Richtlinien und st\u00e4ndigen Kontrollen. Schon beim Wachs wird h\u00f6chstes Augenmerk auf Qualit\u00e4t gelegt. Die weiche Wachsmischung wird aus hochwertigem Paraffin gewonnen, welches Mit Duftstoffen durchzogen wird. Da das Wachs mit Duftstoffen durchzogen und nicht nur \u00fcberzogen ist, geben die Kerzen von Yankee Candle das Aroma bis zur letzten Minute gleichbleibend an den Raum ab. Der Docht wird bei\u00a0<strong>Yankee Candle<\/strong> ebenfalls nicht au\u00dfer acht gelassen. Dieser besteht zu 100 Prozent aus Baumwolle wodurch sich weder Spuren von Blei noch von Zink darin finden lassen. Daher wird nur das pure Aroma an den Raum abgegeben und keinerlei Schadstoffe. Da der Docht zu 100 Prozent aus Baumwolle besteht, ist gew\u00e4hrleistet, dass die Kerze gleichm\u00e4\u00dfig abbrennt. Die synthetischen und \u00e4therischen \u00d6le geben nicht nur einen authentischen Duft ab, sondern sie unterliegen auch strengen Kontrollen. Die Aromen der Kerzen von <strong>Yankee Candle<\/strong> sind nicht nur in unmittelbarer Umgebung der Kerze zu riechen, sondern sie erf\u00fcllen den gesamten Raum mit einem zarten Aroma, das die Sinne belebt. Damit sich das Aroma vollst\u00e4ndig entfalten kann, sollten die Kerzen von Yankee Candle mindestens zwei bis drei Stunden durchgehend brennen.<\/span><\/p>\n","protected":false},"excerpt":{"rendered":"<p>Bundle Up Duftbeschreibung &#8211; \u00a0frisch gefallener Schnee, Wald, Spa\u00df, Freude, K\u00e4lte. So sieht ein spa\u00dfiger Tag im Wald aus im Winter. Schlitten fahrend die Abh\u00e4nge herunter, begleitet von der eisig kalten, frischen Winterluft und dem unverkennbarem Tannenduft. Bundle Up riecht&#8230;<\/p>\n","protected":false},"author":2,"featured_media":0,"parent":460,"menu_order":0,"comment_status":"closed","ping_status":"closed","template":"","meta":{"footnotes":""},"class_list":["post-711","page","type-page","status-publish","hentry"],"yoast_head":"<!-- This site is optimized with the Yoast SEO plugin v25.9 - https:\/\/yoast.com\/wordpress\/plugins\/seo\/ -->\n<title>Yankee Candle Bundle Up Duftbeschreibung<\/title>\n<meta name=\"description\" content=\"Yankee Candle Bundle Up Duftbeschreibung - frisch gefallener Schnee, Wald, Spa\u00df, Freude, K\u00e4lte. So sieht ein spa\u00dfiger Tag im ...\" \/>\n<meta name=\"robots\" content=\"index, follow, max-snippet:-1, max-image-preview:large, max-video-preview:-1\" \/>\n<link rel=\"canonical\" href=\"https:\/\/www.candle-dream.de\/blog\/yankee-candle-dufte\/festlich\/bundle-up-duftbeschreibung\/\" \/>\n<meta property=\"og:locale\" content=\"de_DE\" \/>\n<meta property=\"og:type\" content=\"article\" \/>\n<meta property=\"og:title\" content=\"Yankee Candle Bundle Up Duftbeschreibung\" \/>\n<meta property=\"og:description\" content=\"Yankee Candle Bundle Up Duftbeschreibung - frisch gefallener Schnee, Wald, Spa\u00df, Freude, K\u00e4lte. So sieht ein spa\u00dfiger Tag im ...\" \/>\n<meta property=\"og:url\" content=\"https:\/\/www.candle-dream.de\/blog\/yankee-candle-dufte\/festlich\/bundle-up-duftbeschreibung\/\" \/>\n<meta property=\"og:site_name\" content=\"Candle-Dream\" \/>\n<meta property=\"article:publisher\" content=\"https:\/\/www.facebook.com\/Candles.Dream\" \/>\n<meta property=\"og:image\" content=\"http:\/\/www.candle-dream.de\/blog\/wp-content\/uploads\/2015\/10\/BABY-ITS-FUN-OUTSIDE-COSY-INSIDE-STYLE-ENVIRONMENT-Kopie-225x300.jpg\" \/>\n<meta name=\"twitter:card\" content=\"summary_large_image\" \/>\n<meta name=\"twitter:site\" content=\"@Candle_Dream\" \/>\n<meta name=\"twitter:label1\" content=\"Gesch\u00e4tzte Lesezeit\" \/>\n\t<meta name=\"twitter:data1\" content=\"2\u00a0Minuten\" \/>\n<script type=\"application\/ld+json\" class=\"yoast-schema-graph\">{\"@context\":\"https:\/\/schema.org\",\"@graph\":[{\"@type\":\"WebPage\",\"@id\":\"https:\/\/www.candle-dream.de\/blog\/yankee-candle-dufte\/festlich\/bundle-up-duftbeschreibung\/\",\"url\":\"https:\/\/www.candle-dream.de\/blog\/yankee-candle-dufte\/festlich\/bundle-up-duftbeschreibung\/\",\"name\":\"Yankee Candle Bundle Up Duftbeschreibung\",\"isPartOf\":{\"@id\":\"https:\/\/www.candle-dream.de\/blog\/#website\"},\"primaryImageOfPage\":{\"@id\":\"https:\/\/www.candle-dream.de\/blog\/yankee-candle-dufte\/festlich\/bundle-up-duftbeschreibung\/#primaryimage\"},\"image\":{\"@id\":\"https:\/\/www.candle-dream.de\/blog\/yankee-candle-dufte\/festlich\/bundle-up-duftbeschreibung\/#primaryimage\"},\"thumbnailUrl\":\"http:\/\/www.candle-dream.de\/blog\/wp-content\/uploads\/2015\/10\/BABY-ITS-FUN-OUTSIDE-COSY-INSIDE-STYLE-ENVIRONMENT-Kopie-225x300.jpg\",\"datePublished\":\"2015-12-06T19:12:00+00:00\",\"description\":\"Yankee Candle Bundle Up Duftbeschreibung - frisch gefallener Schnee, Wald, Spa\u00df, Freude, K\u00e4lte. So sieht ein spa\u00dfiger Tag im ...\",\"breadcrumb\":{\"@id\":\"https:\/\/www.candle-dream.de\/blog\/yankee-candle-dufte\/festlich\/bundle-up-duftbeschreibung\/#breadcrumb\"},\"inLanguage\":\"de\",\"potentialAction\":[{\"@type\":\"ReadAction\",\"target\":[\"https:\/\/www.candle-dream.de\/blog\/yankee-candle-dufte\/festlich\/bundle-up-duftbeschreibung\/\"]}]},{\"@type\":\"ImageObject\",\"inLanguage\":\"de\",\"@id\":\"https:\/\/www.candle-dream.de\/blog\/yankee-candle-dufte\/festlich\/bundle-up-duftbeschreibung\/#primaryimage\",\"url\":\"http:\/\/www.candle-dream.de\/blog\/wp-content\/uploads\/2015\/10\/BABY-ITS-FUN-OUTSIDE-COSY-INSIDE-STYLE-ENVIRONMENT-Kopie-225x300.jpg\",\"contentUrl\":\"http:\/\/www.candle-dream.de\/blog\/wp-content\/uploads\/2015\/10\/BABY-ITS-FUN-OUTSIDE-COSY-INSIDE-STYLE-ENVIRONMENT-Kopie-225x300.jpg\"},{\"@type\":\"BreadcrumbList\",\"@id\":\"https:\/\/www.candle-dream.de\/blog\/yankee-candle-dufte\/festlich\/bundle-up-duftbeschreibung\/#breadcrumb\",\"itemListElement\":[{\"@type\":\"ListItem\",\"position\":1,\"name\":\"Yankee Candle D\u00fcfte\",\"item\":\"https:\/\/www.candle-dream.de\/blog\/?page_id=3201\"},{\"@type\":\"ListItem\",\"position\":2,\"name\":\"Festlich\",\"item\":\"https:\/\/www.candle-dream.de\/blog\/yankee-candle-dufte\/festlich\/\"},{\"@type\":\"ListItem\",\"position\":3,\"name\":\"Bundle Up Duftbeschreibung\"}]},{\"@type\":\"WebSite\",\"@id\":\"https:\/\/www.candle-dream.de\/blog\/#website\",\"url\":\"https:\/\/www.candle-dream.de\/blog\/\",\"name\":\"Candle Dream\",\"description\":\"Kleine Lichter die f\u00fcr gro\u00dfe Stimmung sorgen\",\"publisher\":{\"@id\":\"https:\/\/www.candle-dream.de\/blog\/#organization\"},\"potentialAction\":[{\"@type\":\"SearchAction\",\"target\":{\"@type\":\"EntryPoint\",\"urlTemplate\":\"https:\/\/www.candle-dream.de\/blog\/?s={search_term_string}\"},\"query-input\":{\"@type\":\"PropertyValueSpecification\",\"valueRequired\":true,\"valueName\":\"search_term_string\"}}],\"inLanguage\":\"de\"},{\"@type\":\"Organization\",\"@id\":\"https:\/\/www.candle-dream.de\/blog\/#organization\",\"name\":\"Candle-Dream\",\"url\":\"https:\/\/www.candle-dream.de\/blog\/\",\"logo\":{\"@type\":\"ImageObject\",\"inLanguage\":\"de\",\"@id\":\"https:\/\/www.candle-dream.de\/blog\/#\/schema\/logo\/image\/\",\"url\":\"https:\/\/www.candle-dream.de\/blog\/wp-content\/uploads\/2023\/11\/cropped-Candle-Dream-Logo-1.png\",\"contentUrl\":\"https:\/\/www.candle-dream.de\/blog\/wp-content\/uploads\/2023\/11\/cropped-Candle-Dream-Logo-1.png\",\"width\":99,\"height\":111,\"caption\":\"Candle-Dream\"},\"image\":{\"@id\":\"https:\/\/www.candle-dream.de\/blog\/#\/schema\/logo\/image\/\"},\"sameAs\":[\"https:\/\/www.facebook.com\/Candles.Dream\",\"https:\/\/x.com\/Candle_Dream\",\"https:\/\/www.instagram.com\/candle_dream\/\",\"https:\/\/www.pinterest.com\/candledream\/\",\"https:\/\/www.youtube.com\/channel\/UCW65ub8oGznIqv_B0Mz8wSw\"]}]}<\/script>\n<!-- \/ Yoast SEO plugin. -->","yoast_head_json":{"title":"Yankee Candle Bundle Up Duftbeschreibung","description":"Yankee Candle Bundle Up Duftbeschreibung - frisch gefallener Schnee, Wald, Spa\u00df, Freude, K\u00e4lte. So sieht ein spa\u00dfiger Tag im ...","robots":{"index":"index","follow":"follow","max-snippet":"max-snippet:-1","max-image-preview":"max-image-preview:large","max-video-preview":"max-video-preview:-1"},"canonical":"https:\/\/www.candle-dream.de\/blog\/yankee-candle-dufte\/festlich\/bundle-up-duftbeschreibung\/","og_locale":"de_DE","og_type":"article","og_title":"Yankee Candle Bundle Up Duftbeschreibung","og_description":"Yankee Candle Bundle Up Duftbeschreibung - frisch gefallener Schnee, Wald, Spa\u00df, Freude, K\u00e4lte. So sieht ein spa\u00dfiger Tag im ...","og_url":"https:\/\/www.candle-dream.de\/blog\/yankee-candle-dufte\/festlich\/bundle-up-duftbeschreibung\/","og_site_name":"Candle-Dream","article_publisher":"https:\/\/www.facebook.com\/Candles.Dream","og_image":[{"url":"http:\/\/www.candle-dream.de\/blog\/wp-content\/uploads\/2015\/10\/BABY-ITS-FUN-OUTSIDE-COSY-INSIDE-STYLE-ENVIRONMENT-Kopie-225x300.jpg","type":"","width":"","height":""}],"twitter_card":"summary_large_image","twitter_site":"@Candle_Dream","twitter_misc":{"Gesch\u00e4tzte Lesezeit":"2\u00a0Minuten"},"schema":{"@context":"https:\/\/schema.org","@graph":[{"@type":"WebPage","@id":"https:\/\/www.candle-dream.de\/blog\/yankee-candle-dufte\/festlich\/bundle-up-duftbeschreibung\/","url":"https:\/\/www.candle-dream.de\/blog\/yankee-candle-dufte\/festlich\/bundle-up-duftbeschreibung\/","name":"Yankee Candle Bundle Up Duftbeschreibung","isPartOf":{"@id":"https:\/\/www.candle-dream.de\/blog\/#website"},"primaryImageOfPage":{"@id":"https:\/\/www.candle-dream.de\/blog\/yankee-candle-dufte\/festlich\/bundle-up-duftbeschreibung\/#primaryimage"},"image":{"@id":"https:\/\/www.candle-dream.de\/blog\/yankee-candle-dufte\/festlich\/bundle-up-duftbeschreibung\/#primaryimage"},"thumbnailUrl":"http:\/\/www.candle-dream.de\/blog\/wp-content\/uploads\/2015\/10\/BABY-ITS-FUN-OUTSIDE-COSY-INSIDE-STYLE-ENVIRONMENT-Kopie-225x300.jpg","datePublished":"2015-12-06T19:12:00+00:00","description":"Yankee Candle Bundle Up Duftbeschreibung - frisch gefallener Schnee, Wald, Spa\u00df, Freude, K\u00e4lte. So sieht ein spa\u00dfiger Tag im ...","breadcrumb":{"@id":"https:\/\/www.candle-dream.de\/blog\/yankee-candle-dufte\/festlich\/bundle-up-duftbeschreibung\/#breadcrumb"},"inLanguage":"de","potentialAction":[{"@type":"ReadAction","target":["https:\/\/www.candle-dream.de\/blog\/yankee-candle-dufte\/festlich\/bundle-up-duftbeschreibung\/"]}]},{"@type":"ImageObject","inLanguage":"de","@id":"https:\/\/www.candle-dream.de\/blog\/yankee-candle-dufte\/festlich\/bundle-up-duftbeschreibung\/#primaryimage","url":"http:\/\/www.candle-dream.de\/blog\/wp-content\/uploads\/2015\/10\/BABY-ITS-FUN-OUTSIDE-COSY-INSIDE-STYLE-ENVIRONMENT-Kopie-225x300.jpg","contentUrl":"http:\/\/www.candle-dream.de\/blog\/wp-content\/uploads\/2015\/10\/BABY-ITS-FUN-OUTSIDE-COSY-INSIDE-STYLE-ENVIRONMENT-Kopie-225x300.jpg"},{"@type":"BreadcrumbList","@id":"https:\/\/www.candle-dream.de\/blog\/yankee-candle-dufte\/festlich\/bundle-up-duftbeschreibung\/#breadcrumb","itemListElement":[{"@type":"ListItem","position":1,"name":"Yankee Candle D\u00fcfte","item":"https:\/\/www.candle-dream.de\/blog\/?page_id=3201"},{"@type":"ListItem","position":2,"name":"Festlich","item":"https:\/\/www.candle-dream.de\/blog\/yankee-candle-dufte\/festlich\/"},{"@type":"ListItem","position":3,"name":"Bundle Up Duftbeschreibung"}]},{"@type":"WebSite","@id":"https:\/\/www.candle-dream.de\/blog\/#website","url":"https:\/\/www.candle-dream.de\/blog\/","name":"Candle Dream","description":"Kleine Lichter die f\u00fcr gro\u00dfe Stimmung sorgen","publisher":{"@id":"https:\/\/www.candle-dream.de\/blog\/#organization"},"potentialAction":[{"@type":"SearchAction","target":{"@type":"EntryPoint","urlTemplate":"https:\/\/www.candle-dream.de\/blog\/?s={search_term_string}"},"query-input":{"@type":"PropertyValueSpecification","valueRequired":true,"valueName":"search_term_string"}}],"inLanguage":"de"},{"@type":"Organization","@id":"https:\/\/www.candle-dream.de\/blog\/#organization","name":"Candle-Dream","url":"https:\/\/www.candle-dream.de\/blog\/","logo":{"@type":"ImageObject","inLanguage":"de","@id":"https:\/\/www.candle-dream.de\/blog\/#\/schema\/logo\/image\/","url":"https:\/\/www.candle-dream.de\/blog\/wp-content\/uploads\/2023\/11\/cropped-Candle-Dream-Logo-1.png","contentUrl":"https:\/\/www.candle-dream.de\/blog\/wp-content\/uploads\/2023\/11\/cropped-Candle-Dream-Logo-1.png","width":99,"height":111,"caption":"Candle-Dream"},"image":{"@id":"https:\/\/www.candle-dream.de\/blog\/#\/schema\/logo\/image\/"},"sameAs":["https:\/\/www.facebook.com\/Candles.Dream","https:\/\/x.com\/Candle_Dream","https:\/\/www.instagram.com\/candle_dream\/","https:\/\/www.pinterest.com\/candledream\/","https:\/\/www.youtube.com\/channel\/UCW65ub8oGznIqv_B0Mz8wSw"]}]}},"_links":{"self":[{"href":"https:\/\/www.candle-dream.de\/blog\/wp-json\/wp\/v2\/pages\/711","targetHints":{"allow":["GET"]}}],"collection":[{"href":"https:\/\/www.candle-dream.de\/blog\/wp-json\/wp\/v2\/pages"}],"about":[{"href":"https:\/\/www.candle-dream.de\/blog\/wp-json\/wp\/v2\/types\/page"}],"author":[{"embeddable":true,"href":"https:\/\/www.candle-dream.de\/blog\/wp-json\/wp\/v2\/users\/2"}],"replies":[{"embeddable":true,"href":"https:\/\/www.candle-dream.de\/blog\/wp-json\/wp\/v2\/comments?post=711"}],"version-history":[{"count":0,"href":"https:\/\/www.candle-dream.de\/blog\/wp-json\/wp\/v2\/pages\/711\/revisions"}],"up":[{"embeddable":true,"href":"https:\/\/www.candle-dream.de\/blog\/wp-json\/wp\/v2\/pages\/460"}],"wp:attachment":[{"href":"https:\/\/www.candle-dream.de\/blog\/wp-json\/wp\/v2\/media?parent=711"}],"curies":[{"name":"wp","href":"https:\/\/api.w.org\/{rel}","templated":true}]}}