{"id":790,"date":"2015-12-06T21:25:32","date_gmt":"2015-12-06T19:25:32","guid":{"rendered":"http:\/\/www.candle-dream.de\/blog\/?page_id=790"},"modified":"2015-12-06T21:25:32","modified_gmt":"2015-12-06T19:25:32","slug":"cosy-by-the-fire-duftbeschreibung","status":"publish","type":"page","link":"https:\/\/www.candle-dream.de\/blog\/yankee-candle-dufte\/festlich\/cosy-by-the-fire-duftbeschreibung\/","title":{"rendered":"Cosy By The Fire Duftbeschreibung"},"content":{"rendered":"<p><span style=\"font-size: 12pt; color: #333333;\">Yankee Candle\u00a0Cosy By The Fire Duftbeschreibung &#8211; gem\u00fctlich vor dem warmen Kaminfeuer, mit einem w\u00fcrzig, weihnachtlichem Getr\u00e4nk in der Hand, w\u00e4hrend drau\u00dfen der Schnee die Erde wei\u00df rieselt. Hach. Die Winterzeit &#8211; eine sch\u00f6ne, besinnliche Zeit, nicht?\u00a0<\/span><br \/>\n<img decoding=\"async\" class=\" wp-image-715 alignright\" src=\"http:\/\/www.candle-dream.de\/blog\/wp-content\/uploads\/2015\/10\/BABY-ITS-FUN-OUTSIDE-COSY-INSIDE-STYLE-ENVIRONMENT-Kopie-225x300.jpg\" alt=\"BABY ITS FUN OUTSIDE COSY INSIDE STYLE ENVIRONMENT - Kopie\" width=\"246\" height=\"328\" \/><br \/>\n<span style=\"font-size: 12pt; color: #333333;\">Cosy By The Fire bietet vor allem Spice-Liebhabern einen tollen Weihnachtsduft! Hingegen zum Pendant (meiner Meinung nach) Christmas Eve, bringt Cosy By The Fire einen Punsch, gef\u00fcllt von wunderbaren Weihnachtsd\u00fcften auf den Tisch. Er bietet eine Mischung aus Ingwer, Nelken und fruchtig frischen Orangen mit einer wahrnehmbaren Holznote, als Unterton. Cosy By The Fire ist ein intensiver Duft, der einen Raum f\u00fcr sich einnimmt und mit einer ordentlichen Mischung aus weihnachtlichen Gew\u00fcrzen f\u00fcllt. Nichts f\u00fcr die seichteren Duft Liebhaber, hier wird das volle Programm an Gew\u00fcrzen geboten<\/span><br \/>\n&nbsp;<br \/>\n<span style=\"font-size: 12pt; color: #333333;\">Kuschelig vor dem Kamin, im Schaukelstuhl und der warme, selbstgemachte Punsch steht auf dem Herd und verbreitet einen herrlich w\u00fcrzigen Duft durchs ganze Haus &#8211; man f\u00fchlt sich als ob man in Gl\u00fchwein oder Weihnachtsbowle badet. Umh\u00fcllt von warmen Gew\u00fcrzen, versetzt mit einem Spritzer frischer Orange l\u00e4sst man sich vom Punsch einh\u00fcllen. Ein gelungener Abend vor dem Kamin im Winter.<\/span><br \/>\n&nbsp;<\/p>\n<blockquote>\n<h2 style=\"text-align: center;\"><span style=\"font-size: 12pt; color: #800080;\"><a href=\"https:\/\/www.candle-dream.de\/search?sSearch=cosy+by+the+fire&amp;c=10\" target=\"_blank\">Cosy By The Fire jetzt auf Candle-Dream.de kaufen<\/a><\/span><\/h2>\n<\/blockquote>\n<p style=\"text-align: left;\"><span style=\"font-size: 10pt;\">Yankee Candle bietet nicht nur authentische USA Duftkerzen mit zahlreichen Duftnuancen an, sondern diese Kerzen sind zudem nur aus erlesenen Zutaten hergestellt worden. Alle Zutaten, die bei der Herstellung der Yankee Candle verwendet werden, unterliegen strengen Richtlinien und st\u00e4ndigen Kontrollen. Schon beim Wachs wird h\u00f6chstes Augenmerk auf Qualit\u00e4t gelegt. Die weiche Wachsmischung wird aus hochwertigem Paraffin gewonnen, welches Mit Duftstoffen durchzogen wird. Da das Wachs mit Duftstoffen durchzogen und nicht nur \u00fcberzogen ist, geben die Kerzen von Yankee Candle das Aroma bis zur letzten Minute gleichbleibend an den Raum ab. Der Docht wird bei\u00a0<strong>Yankee Candle<\/strong> ebenfalls nicht au\u00dfer acht gelassen. Dieser besteht zu 100 Prozent aus Baumwolle wodurch sich weder Spuren von Blei noch von Zink darin finden lassen. Daher wird nur das pure Aroma an den Raum abgegeben und keinerlei Schadstoffe. Da der Docht zu 100 Prozent aus Baumwolle besteht, ist gew\u00e4hrleistet, dass die Kerze gleichm\u00e4\u00dfig abbrennt. Die synthetischen und \u00e4therischen \u00d6le geben nicht nur einen authentischen Duft ab, sondern sie unterliegen auch strengen Kontrollen. Die Aromen der Kerzen von <strong>Yankee Candle<\/strong> sind nicht nur in unmittelbarer Umgebung der Kerze zu riechen, sondern sie erf\u00fcllen den gesamten Raum mit einem zarten Aroma, das die Sinne belebt. Damit sich das Aroma vollst\u00e4ndig entfalten kann, sollten die Kerzen von Yankee Candle mindestens zwei bis drei Stunden durchgehend brennen.<\/span><\/p>\n","protected":false},"excerpt":{"rendered":"<p>Yankee Candle\u00a0Cosy By The Fire Duftbeschreibung &#8211; gem\u00fctlich vor dem warmen Kaminfeuer, mit einem w\u00fcrzig, weihnachtlichem Getr\u00e4nk in der Hand, w\u00e4hrend drau\u00dfen der Schnee die Erde wei\u00df rieselt. Hach. Die Winterzeit &#8211; eine sch\u00f6ne, besinnliche Zeit, nicht?\u00a0 Cosy By The&#8230;<\/p>\n","protected":false},"author":2,"featured_media":0,"parent":460,"menu_order":0,"comment_status":"closed","ping_status":"closed","template":"","meta":{"footnotes":""},"class_list":["post-790","page","type-page","status-publish","hentry"],"yoast_head":"<!-- This site is optimized with the Yoast SEO plugin v25.9 - https:\/\/yoast.com\/wordpress\/plugins\/seo\/ -->\n<title>Yankee Candle Cosy By The Fire Duftbeschreibung<\/title>\n<meta name=\"description\" content=\"Yankee Candle Cosy By The Fire Duftbeschreibung - gem\u00fctlich vor dem warmen Kaminfeuer, mit einem w\u00fcrzig, weihnachtlichem ...\" \/>\n<meta name=\"robots\" content=\"index, follow, max-snippet:-1, max-image-preview:large, max-video-preview:-1\" \/>\n<link rel=\"canonical\" href=\"https:\/\/www.candle-dream.de\/blog\/yankee-candle-dufte\/festlich\/cosy-by-the-fire-duftbeschreibung\/\" \/>\n<meta property=\"og:locale\" content=\"de_DE\" \/>\n<meta property=\"og:type\" content=\"article\" \/>\n<meta property=\"og:title\" content=\"Yankee Candle Cosy By The Fire Duftbeschreibung\" \/>\n<meta property=\"og:description\" content=\"Yankee Candle Cosy By The Fire Duftbeschreibung - gem\u00fctlich vor dem warmen Kaminfeuer, mit einem w\u00fcrzig, weihnachtlichem ...\" \/>\n<meta property=\"og:url\" content=\"https:\/\/www.candle-dream.de\/blog\/yankee-candle-dufte\/festlich\/cosy-by-the-fire-duftbeschreibung\/\" \/>\n<meta property=\"og:site_name\" content=\"Candle-Dream\" \/>\n<meta property=\"article:publisher\" content=\"https:\/\/www.facebook.com\/Candles.Dream\" \/>\n<meta property=\"og:image\" content=\"http:\/\/www.candle-dream.de\/blog\/wp-content\/uploads\/2015\/10\/BABY-ITS-FUN-OUTSIDE-COSY-INSIDE-STYLE-ENVIRONMENT-Kopie-225x300.jpg\" \/>\n<meta name=\"twitter:card\" content=\"summary_large_image\" \/>\n<meta name=\"twitter:site\" content=\"@Candle_Dream\" \/>\n<meta name=\"twitter:label1\" content=\"Gesch\u00e4tzte Lesezeit\" \/>\n\t<meta name=\"twitter:data1\" content=\"2\u00a0Minuten\" \/>\n<script type=\"application\/ld+json\" class=\"yoast-schema-graph\">{\"@context\":\"https:\/\/schema.org\",\"@graph\":[{\"@type\":\"WebPage\",\"@id\":\"https:\/\/www.candle-dream.de\/blog\/yankee-candle-dufte\/festlich\/cosy-by-the-fire-duftbeschreibung\/\",\"url\":\"https:\/\/www.candle-dream.de\/blog\/yankee-candle-dufte\/festlich\/cosy-by-the-fire-duftbeschreibung\/\",\"name\":\"Yankee Candle Cosy By The Fire Duftbeschreibung\",\"isPartOf\":{\"@id\":\"https:\/\/www.candle-dream.de\/blog\/#website\"},\"primaryImageOfPage\":{\"@id\":\"https:\/\/www.candle-dream.de\/blog\/yankee-candle-dufte\/festlich\/cosy-by-the-fire-duftbeschreibung\/#primaryimage\"},\"image\":{\"@id\":\"https:\/\/www.candle-dream.de\/blog\/yankee-candle-dufte\/festlich\/cosy-by-the-fire-duftbeschreibung\/#primaryimage\"},\"thumbnailUrl\":\"http:\/\/www.candle-dream.de\/blog\/wp-content\/uploads\/2015\/10\/BABY-ITS-FUN-OUTSIDE-COSY-INSIDE-STYLE-ENVIRONMENT-Kopie-225x300.jpg\",\"datePublished\":\"2015-12-06T19:25:32+00:00\",\"description\":\"Yankee Candle Cosy By The Fire Duftbeschreibung - gem\u00fctlich vor dem warmen Kaminfeuer, mit einem w\u00fcrzig, weihnachtlichem ...\",\"breadcrumb\":{\"@id\":\"https:\/\/www.candle-dream.de\/blog\/yankee-candle-dufte\/festlich\/cosy-by-the-fire-duftbeschreibung\/#breadcrumb\"},\"inLanguage\":\"de\",\"potentialAction\":[{\"@type\":\"ReadAction\",\"target\":[\"https:\/\/www.candle-dream.de\/blog\/yankee-candle-dufte\/festlich\/cosy-by-the-fire-duftbeschreibung\/\"]}]},{\"@type\":\"ImageObject\",\"inLanguage\":\"de\",\"@id\":\"https:\/\/www.candle-dream.de\/blog\/yankee-candle-dufte\/festlich\/cosy-by-the-fire-duftbeschreibung\/#primaryimage\",\"url\":\"http:\/\/www.candle-dream.de\/blog\/wp-content\/uploads\/2015\/10\/BABY-ITS-FUN-OUTSIDE-COSY-INSIDE-STYLE-ENVIRONMENT-Kopie-225x300.jpg\",\"contentUrl\":\"http:\/\/www.candle-dream.de\/blog\/wp-content\/uploads\/2015\/10\/BABY-ITS-FUN-OUTSIDE-COSY-INSIDE-STYLE-ENVIRONMENT-Kopie-225x300.jpg\"},{\"@type\":\"BreadcrumbList\",\"@id\":\"https:\/\/www.candle-dream.de\/blog\/yankee-candle-dufte\/festlich\/cosy-by-the-fire-duftbeschreibung\/#breadcrumb\",\"itemListElement\":[{\"@type\":\"ListItem\",\"position\":1,\"name\":\"Yankee Candle D\u00fcfte\",\"item\":\"https:\/\/www.candle-dream.de\/blog\/?page_id=3201\"},{\"@type\":\"ListItem\",\"position\":2,\"name\":\"Festlich\",\"item\":\"https:\/\/www.candle-dream.de\/blog\/yankee-candle-dufte\/festlich\/\"},{\"@type\":\"ListItem\",\"position\":3,\"name\":\"Cosy By The Fire Duftbeschreibung\"}]},{\"@type\":\"WebSite\",\"@id\":\"https:\/\/www.candle-dream.de\/blog\/#website\",\"url\":\"https:\/\/www.candle-dream.de\/blog\/\",\"name\":\"Candle Dream\",\"description\":\"Kleine Lichter die f\u00fcr gro\u00dfe Stimmung sorgen\",\"publisher\":{\"@id\":\"https:\/\/www.candle-dream.de\/blog\/#organization\"},\"potentialAction\":[{\"@type\":\"SearchAction\",\"target\":{\"@type\":\"EntryPoint\",\"urlTemplate\":\"https:\/\/www.candle-dream.de\/blog\/?s={search_term_string}\"},\"query-input\":{\"@type\":\"PropertyValueSpecification\",\"valueRequired\":true,\"valueName\":\"search_term_string\"}}],\"inLanguage\":\"de\"},{\"@type\":\"Organization\",\"@id\":\"https:\/\/www.candle-dream.de\/blog\/#organization\",\"name\":\"Candle-Dream\",\"url\":\"https:\/\/www.candle-dream.de\/blog\/\",\"logo\":{\"@type\":\"ImageObject\",\"inLanguage\":\"de\",\"@id\":\"https:\/\/www.candle-dream.de\/blog\/#\/schema\/logo\/image\/\",\"url\":\"https:\/\/www.candle-dream.de\/blog\/wp-content\/uploads\/2023\/11\/cropped-Candle-Dream-Logo-1.png\",\"contentUrl\":\"https:\/\/www.candle-dream.de\/blog\/wp-content\/uploads\/2023\/11\/cropped-Candle-Dream-Logo-1.png\",\"width\":99,\"height\":111,\"caption\":\"Candle-Dream\"},\"image\":{\"@id\":\"https:\/\/www.candle-dream.de\/blog\/#\/schema\/logo\/image\/\"},\"sameAs\":[\"https:\/\/www.facebook.com\/Candles.Dream\",\"https:\/\/x.com\/Candle_Dream\",\"https:\/\/www.instagram.com\/candle_dream\/\",\"https:\/\/www.pinterest.com\/candledream\/\",\"https:\/\/www.youtube.com\/channel\/UCW65ub8oGznIqv_B0Mz8wSw\"]}]}<\/script>\n<!-- \/ Yoast SEO plugin. -->","yoast_head_json":{"title":"Yankee Candle Cosy By The Fire Duftbeschreibung","description":"Yankee Candle Cosy By The Fire Duftbeschreibung - gem\u00fctlich vor dem warmen Kaminfeuer, mit einem w\u00fcrzig, weihnachtlichem ...","robots":{"index":"index","follow":"follow","max-snippet":"max-snippet:-1","max-image-preview":"max-image-preview:large","max-video-preview":"max-video-preview:-1"},"canonical":"https:\/\/www.candle-dream.de\/blog\/yankee-candle-dufte\/festlich\/cosy-by-the-fire-duftbeschreibung\/","og_locale":"de_DE","og_type":"article","og_title":"Yankee Candle Cosy By The Fire Duftbeschreibung","og_description":"Yankee Candle Cosy By The Fire Duftbeschreibung - gem\u00fctlich vor dem warmen Kaminfeuer, mit einem w\u00fcrzig, weihnachtlichem ...","og_url":"https:\/\/www.candle-dream.de\/blog\/yankee-candle-dufte\/festlich\/cosy-by-the-fire-duftbeschreibung\/","og_site_name":"Candle-Dream","article_publisher":"https:\/\/www.facebook.com\/Candles.Dream","og_image":[{"url":"http:\/\/www.candle-dream.de\/blog\/wp-content\/uploads\/2015\/10\/BABY-ITS-FUN-OUTSIDE-COSY-INSIDE-STYLE-ENVIRONMENT-Kopie-225x300.jpg","type":"","width":"","height":""}],"twitter_card":"summary_large_image","twitter_site":"@Candle_Dream","twitter_misc":{"Gesch\u00e4tzte Lesezeit":"2\u00a0Minuten"},"schema":{"@context":"https:\/\/schema.org","@graph":[{"@type":"WebPage","@id":"https:\/\/www.candle-dream.de\/blog\/yankee-candle-dufte\/festlich\/cosy-by-the-fire-duftbeschreibung\/","url":"https:\/\/www.candle-dream.de\/blog\/yankee-candle-dufte\/festlich\/cosy-by-the-fire-duftbeschreibung\/","name":"Yankee Candle Cosy By The Fire Duftbeschreibung","isPartOf":{"@id":"https:\/\/www.candle-dream.de\/blog\/#website"},"primaryImageOfPage":{"@id":"https:\/\/www.candle-dream.de\/blog\/yankee-candle-dufte\/festlich\/cosy-by-the-fire-duftbeschreibung\/#primaryimage"},"image":{"@id":"https:\/\/www.candle-dream.de\/blog\/yankee-candle-dufte\/festlich\/cosy-by-the-fire-duftbeschreibung\/#primaryimage"},"thumbnailUrl":"http:\/\/www.candle-dream.de\/blog\/wp-content\/uploads\/2015\/10\/BABY-ITS-FUN-OUTSIDE-COSY-INSIDE-STYLE-ENVIRONMENT-Kopie-225x300.jpg","datePublished":"2015-12-06T19:25:32+00:00","description":"Yankee Candle Cosy By The Fire Duftbeschreibung - gem\u00fctlich vor dem warmen Kaminfeuer, mit einem w\u00fcrzig, weihnachtlichem ...","breadcrumb":{"@id":"https:\/\/www.candle-dream.de\/blog\/yankee-candle-dufte\/festlich\/cosy-by-the-fire-duftbeschreibung\/#breadcrumb"},"inLanguage":"de","potentialAction":[{"@type":"ReadAction","target":["https:\/\/www.candle-dream.de\/blog\/yankee-candle-dufte\/festlich\/cosy-by-the-fire-duftbeschreibung\/"]}]},{"@type":"ImageObject","inLanguage":"de","@id":"https:\/\/www.candle-dream.de\/blog\/yankee-candle-dufte\/festlich\/cosy-by-the-fire-duftbeschreibung\/#primaryimage","url":"http:\/\/www.candle-dream.de\/blog\/wp-content\/uploads\/2015\/10\/BABY-ITS-FUN-OUTSIDE-COSY-INSIDE-STYLE-ENVIRONMENT-Kopie-225x300.jpg","contentUrl":"http:\/\/www.candle-dream.de\/blog\/wp-content\/uploads\/2015\/10\/BABY-ITS-FUN-OUTSIDE-COSY-INSIDE-STYLE-ENVIRONMENT-Kopie-225x300.jpg"},{"@type":"BreadcrumbList","@id":"https:\/\/www.candle-dream.de\/blog\/yankee-candle-dufte\/festlich\/cosy-by-the-fire-duftbeschreibung\/#breadcrumb","itemListElement":[{"@type":"ListItem","position":1,"name":"Yankee Candle D\u00fcfte","item":"https:\/\/www.candle-dream.de\/blog\/?page_id=3201"},{"@type":"ListItem","position":2,"name":"Festlich","item":"https:\/\/www.candle-dream.de\/blog\/yankee-candle-dufte\/festlich\/"},{"@type":"ListItem","position":3,"name":"Cosy By The Fire Duftbeschreibung"}]},{"@type":"WebSite","@id":"https:\/\/www.candle-dream.de\/blog\/#website","url":"https:\/\/www.candle-dream.de\/blog\/","name":"Candle Dream","description":"Kleine Lichter die f\u00fcr gro\u00dfe Stimmung sorgen","publisher":{"@id":"https:\/\/www.candle-dream.de\/blog\/#organization"},"potentialAction":[{"@type":"SearchAction","target":{"@type":"EntryPoint","urlTemplate":"https:\/\/www.candle-dream.de\/blog\/?s={search_term_string}"},"query-input":{"@type":"PropertyValueSpecification","valueRequired":true,"valueName":"search_term_string"}}],"inLanguage":"de"},{"@type":"Organization","@id":"https:\/\/www.candle-dream.de\/blog\/#organization","name":"Candle-Dream","url":"https:\/\/www.candle-dream.de\/blog\/","logo":{"@type":"ImageObject","inLanguage":"de","@id":"https:\/\/www.candle-dream.de\/blog\/#\/schema\/logo\/image\/","url":"https:\/\/www.candle-dream.de\/blog\/wp-content\/uploads\/2023\/11\/cropped-Candle-Dream-Logo-1.png","contentUrl":"https:\/\/www.candle-dream.de\/blog\/wp-content\/uploads\/2023\/11\/cropped-Candle-Dream-Logo-1.png","width":99,"height":111,"caption":"Candle-Dream"},"image":{"@id":"https:\/\/www.candle-dream.de\/blog\/#\/schema\/logo\/image\/"},"sameAs":["https:\/\/www.facebook.com\/Candles.Dream","https:\/\/x.com\/Candle_Dream","https:\/\/www.instagram.com\/candle_dream\/","https:\/\/www.pinterest.com\/candledream\/","https:\/\/www.youtube.com\/channel\/UCW65ub8oGznIqv_B0Mz8wSw"]}]}},"_links":{"self":[{"href":"https:\/\/www.candle-dream.de\/blog\/wp-json\/wp\/v2\/pages\/790","targetHints":{"allow":["GET"]}}],"collection":[{"href":"https:\/\/www.candle-dream.de\/blog\/wp-json\/wp\/v2\/pages"}],"about":[{"href":"https:\/\/www.candle-dream.de\/blog\/wp-json\/wp\/v2\/types\/page"}],"author":[{"embeddable":true,"href":"https:\/\/www.candle-dream.de\/blog\/wp-json\/wp\/v2\/users\/2"}],"replies":[{"embeddable":true,"href":"https:\/\/www.candle-dream.de\/blog\/wp-json\/wp\/v2\/comments?post=790"}],"version-history":[{"count":0,"href":"https:\/\/www.candle-dream.de\/blog\/wp-json\/wp\/v2\/pages\/790\/revisions"}],"up":[{"embeddable":true,"href":"https:\/\/www.candle-dream.de\/blog\/wp-json\/wp\/v2\/pages\/460"}],"wp:attachment":[{"href":"https:\/\/www.candle-dream.de\/blog\/wp-json\/wp\/v2\/media?parent=790"}],"curies":[{"name":"wp","href":"https:\/\/api.w.org\/{rel}","templated":true}]}}