{"id":854,"date":"2016-01-04T23:39:27","date_gmt":"2016-01-04T21:39:27","guid":{"rendered":"http:\/\/www.candle-dream.de\/blog\/?page_id=854"},"modified":"2016-01-04T23:39:27","modified_gmt":"2016-01-04T21:39:27","slug":"christmas-memories-duftbeschreibung","status":"publish","type":"page","link":"https:\/\/www.candle-dream.de\/blog\/yankee-candle-dufte\/festlich\/christmas-memories-duftbeschreibung\/","title":{"rendered":"Christmas Memories Duftbeschreibung"},"content":{"rendered":"<p><span style=\"color: #333333; font-size: 12pt;\">Christmas Memories Duftbeschreibung &#8211; eine Gew\u00fcrz-Explosion zu Weihnachten!<\/span><br \/>\n&nbsp;<br \/>\n<span style=\"color: #333333; font-size: 12pt;\">Christmas Memories ist ein sehr starker, gem\u00fctlicher Duft. Die Hauptnote ist Zimt, mit starken Untert\u00f6nen von Muskatnuss, Sternanis und Orange. Der Duft erinnert einfach an Weihnachten, Weihnachtsmarkt, Gl\u00fchwein. Auf der Intensivit\u00e4tsskala von 1-10 bekommt Christmas Memories eine 9! Ein sehr starker und lang anhaltender Duft.<\/span><br \/>\n<span style=\"color: #333333; font-size: 12pt;\">Weihnachtspunsch, Weihnachtsdekoration bestehend aus verschiedenen Gew\u00fcrzen sowie Orangen &#8211; passend zum Weihnachtsfest werden in diesem Geruch vereint.<\/span><\/p>\n<h2 style=\"text-align: center;\"><\/h2>\n<h2 style=\"text-align: center;\"><span style=\"color: #333333;\"><a href=\"https:\/\/www.candle-dream.de\/search?sSearch=christmas+memories\" target=\"_blank\">Christmas Memories jetzt auf Candle-Dream.de kaufen!<\/a><\/span><\/h2>\n<p>&nbsp;<\/p>\n<p style=\"text-align: left;\"><span style=\"font-size: 10pt; color: #333333;\">Yankee Candle bietet nicht nur authentische USA Duftkerzen mit zahlreichen Duftnuancen an, sondern diese Kerzen sind zudem nur aus erlesenen Zutaten hergestellt worden. Alle Zutaten, die bei der Herstellung der Yankee Candle verwendet werden, unterliegen strengen Richtlinien und st\u00e4ndigen Kontrollen. Schon beim Wachs wird h\u00f6chstes Augenmerk auf Qualit\u00e4t gelegt. Die weiche Wachsmischung wird aus hochwertigem Paraffin gewonnen, welches Mit Duftstoffen durchzogen wird. Da das Wachs mit Duftstoffen durchzogen und nicht nur \u00fcberzogen ist, geben die Kerzen von Yankee Candle das Aroma bis zur letzten Minute gleichbleibend an den Raum ab. Der Docht wird bei\u00a0<strong>Yankee Candle<\/strong> ebenfalls nicht au\u00dfer acht gelassen. Dieser besteht zu 100 Prozent aus Baumwolle wodurch sich weder Spuren von Blei noch von Zink darin finden lassen. Daher wird nur das pure Aroma an den Raum abgegeben und keinerlei Schadstoffe. Da der Docht zu 100 Prozent aus Baumwolle besteht, ist gew\u00e4hrleistet, dass die Kerze gleichm\u00e4\u00dfig abbrennt. Die synthetischen und \u00e4therischen \u00d6le geben nicht nur einen authentischen Duft ab, sondern sie unterliegen auch strengen Kontrollen. Die Aromen der Kerzen von <strong>Yankee Candle<\/strong> sind nicht nur in unmittelbarer Umgebung der Kerze zu riechen, sondern sie erf\u00fcllen den gesamten Raum mit einem zarten Aroma, das die Sinne belebt. Damit sich das Aroma vollst\u00e4ndig entfalten kann, sollten die Kerzen von Yankee Candle mindestens zwei bis drei Stunden durchgehend brennen.<\/span><\/p>\n","protected":false},"excerpt":{"rendered":"<p>Christmas Memories Duftbeschreibung &#8211; eine Gew\u00fcrz-Explosion zu Weihnachten! &nbsp; Christmas Memories ist ein sehr starker, gem\u00fctlicher Duft. Die Hauptnote ist Zimt, mit starken Untert\u00f6nen von Muskatnuss, Sternanis und Orange. Der Duft erinnert einfach an Weihnachten, Weihnachtsmarkt, Gl\u00fchwein. Auf der Intensivit\u00e4tsskala&#8230;<\/p>\n","protected":false},"author":2,"featured_media":0,"parent":460,"menu_order":0,"comment_status":"closed","ping_status":"closed","template":"","meta":{"footnotes":""},"class_list":["post-854","page","type-page","status-publish","hentry"],"yoast_head":"<!-- This site is optimized with the Yoast SEO plugin v25.9 - https:\/\/yoast.com\/wordpress\/plugins\/seo\/ -->\n<title>Christmas Memories Duftbeschreibung &#8211; Candle-Dream<\/title>\n<meta name=\"description\" content=\"Christmas Memories ist ein sehr starker, gem\u00fctlicher Duft. Die Hauptnote ist Zimt, mit starken Untert\u00f6nen von [...]\" \/>\n<meta name=\"robots\" content=\"index, follow, max-snippet:-1, max-image-preview:large, max-video-preview:-1\" \/>\n<link rel=\"canonical\" href=\"https:\/\/www.candle-dream.de\/blog\/yankee-candle-dufte\/festlich\/christmas-memories-duftbeschreibung\/\" \/>\n<meta property=\"og:locale\" content=\"de_DE\" \/>\n<meta property=\"og:type\" content=\"article\" \/>\n<meta property=\"og:title\" content=\"Christmas Memories Duftbeschreibung &#8211; Candle-Dream\" \/>\n<meta property=\"og:description\" content=\"Christmas Memories ist ein sehr starker, gem\u00fctlicher Duft. Die Hauptnote ist Zimt, mit starken Untert\u00f6nen von [...]\" \/>\n<meta property=\"og:url\" content=\"https:\/\/www.candle-dream.de\/blog\/yankee-candle-dufte\/festlich\/christmas-memories-duftbeschreibung\/\" \/>\n<meta property=\"og:site_name\" content=\"Candle-Dream\" \/>\n<meta property=\"article:publisher\" content=\"https:\/\/www.facebook.com\/Candles.Dream\" \/>\n<meta name=\"twitter:card\" content=\"summary_large_image\" \/>\n<meta name=\"twitter:site\" content=\"@Candle_Dream\" \/>\n<meta name=\"twitter:label1\" content=\"Gesch\u00e4tzte Lesezeit\" \/>\n\t<meta name=\"twitter:data1\" content=\"2\u00a0Minuten\" \/>\n<script type=\"application\/ld+json\" class=\"yoast-schema-graph\">{\"@context\":\"https:\/\/schema.org\",\"@graph\":[{\"@type\":\"WebPage\",\"@id\":\"https:\/\/www.candle-dream.de\/blog\/yankee-candle-dufte\/festlich\/christmas-memories-duftbeschreibung\/\",\"url\":\"https:\/\/www.candle-dream.de\/blog\/yankee-candle-dufte\/festlich\/christmas-memories-duftbeschreibung\/\",\"name\":\"Christmas Memories Duftbeschreibung &#8211; Candle-Dream\",\"isPartOf\":{\"@id\":\"https:\/\/www.candle-dream.de\/blog\/#website\"},\"datePublished\":\"2016-01-04T21:39:27+00:00\",\"description\":\"Christmas Memories ist ein sehr starker, gem\u00fctlicher Duft. Die Hauptnote ist Zimt, mit starken Untert\u00f6nen von [...]\",\"breadcrumb\":{\"@id\":\"https:\/\/www.candle-dream.de\/blog\/yankee-candle-dufte\/festlich\/christmas-memories-duftbeschreibung\/#breadcrumb\"},\"inLanguage\":\"de\",\"potentialAction\":[{\"@type\":\"ReadAction\",\"target\":[\"https:\/\/www.candle-dream.de\/blog\/yankee-candle-dufte\/festlich\/christmas-memories-duftbeschreibung\/\"]}]},{\"@type\":\"BreadcrumbList\",\"@id\":\"https:\/\/www.candle-dream.de\/blog\/yankee-candle-dufte\/festlich\/christmas-memories-duftbeschreibung\/#breadcrumb\",\"itemListElement\":[{\"@type\":\"ListItem\",\"position\":1,\"name\":\"Yankee Candle D\u00fcfte\",\"item\":\"https:\/\/www.candle-dream.de\/blog\/?page_id=3201\"},{\"@type\":\"ListItem\",\"position\":2,\"name\":\"Festlich\",\"item\":\"https:\/\/www.candle-dream.de\/blog\/yankee-candle-dufte\/festlich\/\"},{\"@type\":\"ListItem\",\"position\":3,\"name\":\"Christmas Memories Duftbeschreibung\"}]},{\"@type\":\"WebSite\",\"@id\":\"https:\/\/www.candle-dream.de\/blog\/#website\",\"url\":\"https:\/\/www.candle-dream.de\/blog\/\",\"name\":\"Candle Dream\",\"description\":\"Kleine Lichter die f\u00fcr gro\u00dfe Stimmung sorgen\",\"publisher\":{\"@id\":\"https:\/\/www.candle-dream.de\/blog\/#organization\"},\"potentialAction\":[{\"@type\":\"SearchAction\",\"target\":{\"@type\":\"EntryPoint\",\"urlTemplate\":\"https:\/\/www.candle-dream.de\/blog\/?s={search_term_string}\"},\"query-input\":{\"@type\":\"PropertyValueSpecification\",\"valueRequired\":true,\"valueName\":\"search_term_string\"}}],\"inLanguage\":\"de\"},{\"@type\":\"Organization\",\"@id\":\"https:\/\/www.candle-dream.de\/blog\/#organization\",\"name\":\"Candle-Dream\",\"url\":\"https:\/\/www.candle-dream.de\/blog\/\",\"logo\":{\"@type\":\"ImageObject\",\"inLanguage\":\"de\",\"@id\":\"https:\/\/www.candle-dream.de\/blog\/#\/schema\/logo\/image\/\",\"url\":\"https:\/\/www.candle-dream.de\/blog\/wp-content\/uploads\/2023\/11\/cropped-Candle-Dream-Logo-1.png\",\"contentUrl\":\"https:\/\/www.candle-dream.de\/blog\/wp-content\/uploads\/2023\/11\/cropped-Candle-Dream-Logo-1.png\",\"width\":99,\"height\":111,\"caption\":\"Candle-Dream\"},\"image\":{\"@id\":\"https:\/\/www.candle-dream.de\/blog\/#\/schema\/logo\/image\/\"},\"sameAs\":[\"https:\/\/www.facebook.com\/Candles.Dream\",\"https:\/\/x.com\/Candle_Dream\",\"https:\/\/www.instagram.com\/candle_dream\/\",\"https:\/\/www.pinterest.com\/candledream\/\",\"https:\/\/www.youtube.com\/channel\/UCW65ub8oGznIqv_B0Mz8wSw\"]}]}<\/script>\n<!-- \/ Yoast SEO plugin. -->","yoast_head_json":{"title":"Christmas Memories Duftbeschreibung &#8211; Candle-Dream","description":"Christmas Memories ist ein sehr starker, gem\u00fctlicher Duft. Die Hauptnote ist Zimt, mit starken Untert\u00f6nen von [...]","robots":{"index":"index","follow":"follow","max-snippet":"max-snippet:-1","max-image-preview":"max-image-preview:large","max-video-preview":"max-video-preview:-1"},"canonical":"https:\/\/www.candle-dream.de\/blog\/yankee-candle-dufte\/festlich\/christmas-memories-duftbeschreibung\/","og_locale":"de_DE","og_type":"article","og_title":"Christmas Memories Duftbeschreibung &#8211; Candle-Dream","og_description":"Christmas Memories ist ein sehr starker, gem\u00fctlicher Duft. Die Hauptnote ist Zimt, mit starken Untert\u00f6nen von [...]","og_url":"https:\/\/www.candle-dream.de\/blog\/yankee-candle-dufte\/festlich\/christmas-memories-duftbeschreibung\/","og_site_name":"Candle-Dream","article_publisher":"https:\/\/www.facebook.com\/Candles.Dream","twitter_card":"summary_large_image","twitter_site":"@Candle_Dream","twitter_misc":{"Gesch\u00e4tzte Lesezeit":"2\u00a0Minuten"},"schema":{"@context":"https:\/\/schema.org","@graph":[{"@type":"WebPage","@id":"https:\/\/www.candle-dream.de\/blog\/yankee-candle-dufte\/festlich\/christmas-memories-duftbeschreibung\/","url":"https:\/\/www.candle-dream.de\/blog\/yankee-candle-dufte\/festlich\/christmas-memories-duftbeschreibung\/","name":"Christmas Memories Duftbeschreibung &#8211; Candle-Dream","isPartOf":{"@id":"https:\/\/www.candle-dream.de\/blog\/#website"},"datePublished":"2016-01-04T21:39:27+00:00","description":"Christmas Memories ist ein sehr starker, gem\u00fctlicher Duft. Die Hauptnote ist Zimt, mit starken Untert\u00f6nen von [...]","breadcrumb":{"@id":"https:\/\/www.candle-dream.de\/blog\/yankee-candle-dufte\/festlich\/christmas-memories-duftbeschreibung\/#breadcrumb"},"inLanguage":"de","potentialAction":[{"@type":"ReadAction","target":["https:\/\/www.candle-dream.de\/blog\/yankee-candle-dufte\/festlich\/christmas-memories-duftbeschreibung\/"]}]},{"@type":"BreadcrumbList","@id":"https:\/\/www.candle-dream.de\/blog\/yankee-candle-dufte\/festlich\/christmas-memories-duftbeschreibung\/#breadcrumb","itemListElement":[{"@type":"ListItem","position":1,"name":"Yankee Candle D\u00fcfte","item":"https:\/\/www.candle-dream.de\/blog\/?page_id=3201"},{"@type":"ListItem","position":2,"name":"Festlich","item":"https:\/\/www.candle-dream.de\/blog\/yankee-candle-dufte\/festlich\/"},{"@type":"ListItem","position":3,"name":"Christmas Memories Duftbeschreibung"}]},{"@type":"WebSite","@id":"https:\/\/www.candle-dream.de\/blog\/#website","url":"https:\/\/www.candle-dream.de\/blog\/","name":"Candle Dream","description":"Kleine Lichter die f\u00fcr gro\u00dfe Stimmung sorgen","publisher":{"@id":"https:\/\/www.candle-dream.de\/blog\/#organization"},"potentialAction":[{"@type":"SearchAction","target":{"@type":"EntryPoint","urlTemplate":"https:\/\/www.candle-dream.de\/blog\/?s={search_term_string}"},"query-input":{"@type":"PropertyValueSpecification","valueRequired":true,"valueName":"search_term_string"}}],"inLanguage":"de"},{"@type":"Organization","@id":"https:\/\/www.candle-dream.de\/blog\/#organization","name":"Candle-Dream","url":"https:\/\/www.candle-dream.de\/blog\/","logo":{"@type":"ImageObject","inLanguage":"de","@id":"https:\/\/www.candle-dream.de\/blog\/#\/schema\/logo\/image\/","url":"https:\/\/www.candle-dream.de\/blog\/wp-content\/uploads\/2023\/11\/cropped-Candle-Dream-Logo-1.png","contentUrl":"https:\/\/www.candle-dream.de\/blog\/wp-content\/uploads\/2023\/11\/cropped-Candle-Dream-Logo-1.png","width":99,"height":111,"caption":"Candle-Dream"},"image":{"@id":"https:\/\/www.candle-dream.de\/blog\/#\/schema\/logo\/image\/"},"sameAs":["https:\/\/www.facebook.com\/Candles.Dream","https:\/\/x.com\/Candle_Dream","https:\/\/www.instagram.com\/candle_dream\/","https:\/\/www.pinterest.com\/candledream\/","https:\/\/www.youtube.com\/channel\/UCW65ub8oGznIqv_B0Mz8wSw"]}]}},"_links":{"self":[{"href":"https:\/\/www.candle-dream.de\/blog\/wp-json\/wp\/v2\/pages\/854","targetHints":{"allow":["GET"]}}],"collection":[{"href":"https:\/\/www.candle-dream.de\/blog\/wp-json\/wp\/v2\/pages"}],"about":[{"href":"https:\/\/www.candle-dream.de\/blog\/wp-json\/wp\/v2\/types\/page"}],"author":[{"embeddable":true,"href":"https:\/\/www.candle-dream.de\/blog\/wp-json\/wp\/v2\/users\/2"}],"replies":[{"embeddable":true,"href":"https:\/\/www.candle-dream.de\/blog\/wp-json\/wp\/v2\/comments?post=854"}],"version-history":[{"count":0,"href":"https:\/\/www.candle-dream.de\/blog\/wp-json\/wp\/v2\/pages\/854\/revisions"}],"up":[{"embeddable":true,"href":"https:\/\/www.candle-dream.de\/blog\/wp-json\/wp\/v2\/pages\/460"}],"wp:attachment":[{"href":"https:\/\/www.candle-dream.de\/blog\/wp-json\/wp\/v2\/media?parent=854"}],"curies":[{"name":"wp","href":"https:\/\/api.w.org\/{rel}","templated":true}]}}